{"id":82,"date":"2015-02-20T07:34:25","date_gmt":"2015-02-20T07:34:25","guid":{"rendered":"http:\/\/fabad.org.tr\/taslak\/?page_id=82"},"modified":"2016-12-23T00:34:41","modified_gmt":"2016-12-22T22:34:41","slug":"uye-listesi","status":"publish","type":"page","link":"https:\/\/www.fabad.org.tr\/en\/uye-listesi\/","title":{"rendered":"Member List"},"content":{"rendered":"<p>Akademik \u00fcnvanlar Aral\u0131k 2016 tarihi esas al\u0131narak belirtilmi\u015ftir<\/p>\n<table border=\"0\" width=\"549\" cellspacing=\"0\" cellpadding=\"0\">\n<tbody>\n<tr>\n<td width=\"129\">\n<p align=\"center\"><a href=\"?page_id=212\"><img loading=\"lazy\" decoding=\"async\" src=\"http:\/\/www.fabad.org.tr\/eski\/logo\/image001.gif\" alt=\"\" width=\"67\" height=\"60\" border=\"0\" \/><\/a><\/p>\n<\/td>\n<td width=\"408\"><a href=\"?page_id=212\">Anadolu \u00dcniversitesi, Eczac\u0131l\u0131k Fak\u00fcltesi<\/a><\/td>\n<\/tr>\n<tr>\n<td>\n<p align=\"center\"><a href=\"?page_id=214\"><img loading=\"lazy\" decoding=\"async\" src=\"http:\/\/www.fabad.org.tr\/eski\/logo\/image002.jpg\" alt=\"\" width=\"62\" height=\"60\" border=\"0\" \/><\/a><\/p>\n<\/td>\n<td><a href=\"?page_id=214\">Ankara \u00dcniversitesi, Eczac\u0131l\u0131k Fak\u00fcltesi<\/a><\/td>\n<\/tr>\n<tr>\n<td>\n<p align=\"center\"><a href=\"?page_id=216\"><img loading=\"lazy\" decoding=\"async\" src=\"http:\/\/www.fabad.org.tr\/eski\/logo\/image004.jpg\" alt=\"\" width=\"70\" height=\"70\" border=\"0\" \/><\/a><\/p>\n<\/td>\n<td><a href=\"?page_id=216\">Atat\u00fcrk \u00dcniversitesi, Eczac\u0131l\u0131k Fak\u00fcltesi<\/a><\/td>\n<\/tr>\n<tr>\n<td><a href=\"?p=523\"><img loading=\"lazy\" decoding=\"async\" class=\"aligncenter wp-image-540\" src=\"http:\/\/www.fabad.org.tr\/wp-content\/uploads\/2015\/02\/DoguAkdeniz.png\" width=\"70\" height=\"70\" srcset=\"https:\/\/www.fabad.org.tr\/wp-content\/uploads\/2015\/02\/DoguAkdeniz.png 100w, https:\/\/www.fabad.org.tr\/wp-content\/uploads\/2015\/02\/DoguAkdeniz-160x160.png 160w, https:\/\/www.fabad.org.tr\/wp-content\/uploads\/2015\/02\/DoguAkdeniz-320x320.png 320w\" sizes=\"auto, (max-width: 70px) 100vw, 70px\" \/><\/a><\/td>\n<td><a href=\"?p=523\">Do\u011fu Akdeniz\u00a0\u00dcniversitesi, Eczac\u0131l\u0131k Fak\u00fcltesi<\/a><\/td>\n<\/tr>\n<tr>\n<td>\n<p align=\"center\"><a href=\"?page_id=218\"><img loading=\"lazy\" decoding=\"async\" src=\"http:\/\/www.fabad.org.tr\/eski\/logo\/image005.gif\" alt=\"\" width=\"61\" height=\"60\" border=\"0\" \/><\/a><\/p>\n<\/td>\n<td><a href=\"?page_id=218\">Ege \u00dcniversitesi, Eczac\u0131l\u0131k Fak\u00fcltesi<\/a><\/td>\n<\/tr>\n<tr>\n<td>\n<p align=\"center\"><a href=\"?page_id=220\"><img loading=\"lazy\" decoding=\"async\" src=\"http:\/\/www.fabad.org.tr\/eski\/logo\/image007.jpg\" alt=\"\" width=\"60\" height=\"60\" border=\"0\" \/><\/a><\/p>\n<\/td>\n<td><a href=\"?page_id=220\">Gazi \u00dcniversitesi, Eczac\u0131l\u0131k Fak\u00fcltesi<\/a><\/td>\n<\/tr>\n<tr>\n<td><a href=\"?page_id=545\"><img loading=\"lazy\" decoding=\"async\" class=\"aligncenter wp-image-547\" src=\"http:\/\/www.fabad.org.tr\/wp-content\/uploads\/2015\/02\/GirneAmericanLogo.png\" width=\"46\" height=\"70\" \/><\/a><\/td>\n<td><a href=\"?page_id=545\">Girne American \u00dcniversitesi, Eczac\u0131l\u0131k Fak\u00fcltesi<\/a><\/td>\n<\/tr>\n<tr>\n<td>\n<p align=\"center\"><a href=\"224\"><img loading=\"lazy\" decoding=\"async\" src=\"http:\/\/www.fabad.org.tr\/eski\/logo\/image011.jpg\" alt=\"\" width=\"51\" height=\"70\" border=\"0\" \/><\/a><\/p>\n<\/td>\n<td><a href=\"?page_id=224\">Hacettepe \u00dcniversitesi, Eczac\u0131l\u0131k Fak\u00fcltesi<\/a><\/td>\n<\/tr>\n<tr>\n<td>\n<p align=\"center\"><a href=\"?page_id=226\"><img loading=\"lazy\" decoding=\"async\" src=\"http:\/\/www.fabad.org.tr\/eski\/logo\/image012.jpg\" alt=\"\" width=\"34\" height=\"39\" border=\"0\" \/><\/a><\/p>\n<\/td>\n<td><a href=\"?page_id=226\">\u0130n\u00f6n\u00fc \u00dcniversitesi, Eczac\u0131l\u0131k Fak\u00fcltesi<\/a><\/td>\n<\/tr>\n<tr>\n<td>\n<p align=\"center\"><a href=\"?page_id=228\"><img loading=\"lazy\" decoding=\"async\" src=\"http:\/\/www.fabad.org.tr\/eski\/logo\/image014.jpg\" alt=\"\" width=\"70\" height=\"70\" border=\"0\" \/><\/a><\/p>\n<\/td>\n<td><a href=\"?page_id=228\">\u0130stanbul \u00dcniversitesi, Eczac\u0131l\u0131k Fak\u00fcltesi<\/a><\/td>\n<\/tr>\n<tr>\n<td><a href=\"?p=531\"><img loading=\"lazy\" decoding=\"async\" class=\"aligncenter wp-image-539\" src=\"http:\/\/www.fabad.org.tr\/wp-content\/uploads\/2015\/02\/Kemerburgaz.png\" width=\"70\" height=\"70\" srcset=\"https:\/\/www.fabad.org.tr\/wp-content\/uploads\/2015\/02\/Kemerburgaz.png 100w, https:\/\/www.fabad.org.tr\/wp-content\/uploads\/2015\/02\/Kemerburgaz-160x160.png 160w, https:\/\/www.fabad.org.tr\/wp-content\/uploads\/2015\/02\/Kemerburgaz-320x320.png 320w\" sizes=\"auto, (max-width: 70px) 100vw, 70px\" \/><\/a><\/p>\n<p align=\"center\">\n<\/td>\n<td><a href=\"?p=531\">Kemerburgaz\u00a0\u00dcniversitesi, Eczac\u0131l\u0131k Fak\u00fcltesi<\/a><\/td>\n<\/tr>\n<tr>\n<td>\n<p align=\"center\"><a href=\"?page_id=230\"><img loading=\"lazy\" decoding=\"async\" src=\"http:\/\/www.fabad.org.tr\/eski\/logo\/image016.jpg\" alt=\"\" width=\"60\" height=\"60\" border=\"0\" \/><\/a><\/p>\n<\/td>\n<td><a href=\"?page_id=230\">Marmara \u00dcniversitesi, Eczac\u0131l\u0131k Fak\u00fcltesi<\/a><\/td>\n<\/tr>\n<tr>\n<td>\n<p align=\"center\"><a href=\"?page_id=232\"><img loading=\"lazy\" decoding=\"async\" src=\"http:\/\/www.fabad.org.tr\/eski\/logo\/image018.jpg\" alt=\"\" width=\"65\" height=\"72\" border=\"0\" \/><\/a><\/p>\n<\/td>\n<td><a href=\"?page_id=232\">Mersin \u00dcniversitesi, Eczac\u0131l\u0131k Fak\u00fcltesi<\/a><\/td>\n<\/tr>\n<tr>\n<td><a href=\"http:\/\/www.fabad.org.tr\/uye-listesi\/saglik-bilimleri-universitesi-eczacilik-fakultesi\/\"><img loading=\"lazy\" decoding=\"async\" class=\"aligncenter wp-image-538\" src=\"http:\/\/www.fabad.org.tr\/wp-content\/uploads\/2015\/02\/SBULogo.png\" width=\"70\" height=\"73\" \/><\/a><\/p>\n<p align=\"center\">\n<\/td>\n<td><a href=\"http:\/\/www.fabad.org.tr\/uye-listesi\/saglik-bilimleri-universitesi-eczacilik-fakultesi\/\">Sa\u011fl\u0131k Bilimleri\u00a0\u00dcniversitesi, Eczac\u0131l\u0131k Fak\u00fcltesi<\/a><\/td>\n<\/tr>\n<tr>\n<td>\n<p align=\"center\"><a href=\"?page_id=234\"><img loading=\"lazy\" decoding=\"async\" src=\"http:\/\/www.fabad.org.tr\/eski\/logo\/image020.gif\" alt=\"\" width=\"69\" height=\"60\" border=\"0\" \/><\/a><\/p>\n<\/td>\n<td><a href=\"?page_id=234\">T.C. Yeditepe \u00dcniversitesi, Eczac\u0131l\u0131k Fak\u00fcltesi<\/a><\/td>\n<\/tr>\n<tr>\n<td><a href=\"http:\/\/www.fabad.org.tr\/uye-listesi\/yakin-dogu-universitesi-eczacilik-fakultesi\/\"><img loading=\"lazy\" decoding=\"async\" class=\"aligncenter wp-image-541\" src=\"http:\/\/www.fabad.org.tr\/wp-content\/uploads\/2015\/02\/Yak\u0131nDogu.png\" width=\"70\" height=\"70\" srcset=\"https:\/\/www.fabad.org.tr\/wp-content\/uploads\/2015\/02\/Yak\u0131nDogu.png 100w, https:\/\/www.fabad.org.tr\/wp-content\/uploads\/2015\/02\/Yak\u0131nDogu-160x160.png 160w, https:\/\/www.fabad.org.tr\/wp-content\/uploads\/2015\/02\/Yak\u0131nDogu-320x320.png 320w\" sizes=\"auto, (max-width: 70px) 100vw, 70px\" \/><\/a><\/p>\n<p align=\"center\">\n<\/td>\n<td><a href=\"http:\/\/www.fabad.org.tr\/uye-listesi\/yakin-dogu-universitesi-eczacilik-fakultesi\/\">Yak\u0131n Do\u011fu\u00a0\u00dcniversitesi, Eczac\u0131l\u0131k Fak\u00fcltesi<\/a><\/td>\n<\/tr>\n<tr>\n<td><\/td>\n<td>\u00a0..\u00a0<strong><a href=\"?page_id=236\">Di\u011fer<\/a><\/strong><\/td>\n<\/tr>\n<\/tbody>\n<\/table>\n","protected":false},"excerpt":{"rendered":"<p>Akademik \u00fcnvanlar Aral\u0131k 2016 tarihi esas al\u0131narak belirtilmi\u015ftir Anadolu \u00dcniversitesi, Eczac\u0131l\u0131k Fak\u00fcltesi Ankara \u00dcniversitesi, Eczac\u0131l\u0131k Fak\u00fcltesi Atat\u00fcrk \u00dcniversitesi, Eczac\u0131l\u0131k Fak\u00fcltesi Do\u011fu Akdeniz\u00a0\u00dcniversitesi, Eczac\u0131l\u0131k Fak\u00fcltesi Ege \u00dcniversitesi, Eczac\u0131l\u0131k Fak\u00fcltesi Gazi \u00dcniversitesi, Eczac\u0131l\u0131k Fak\u00fcltesi Girne American&#46;&#46;&#46;<\/p>\n","protected":false},"author":1,"featured_media":0,"parent":0,"menu_order":0,"comment_status":"closed","ping_status":"closed","template":"","meta":{"_uag_custom_page_level_css":"","footnotes":""},"class_list":["post-82","page","type-page","status-publish","hentry"],"uagb_featured_image_src":{"full":false,"thumbnail":false,"medium":false,"medium_large":false,"large":false,"1536x1536":false,"2048x2048":false,"thumb-small":false,"thumb-standard":false,"thumb-medium":false,"thumb-large":false,"thumb-xlarge":false,"thumb-xxlarge":false},"uagb_author_info":{"display_name":"Admin","author_link":"https:\/\/www.fabad.org.tr\/en\/author\/admin\/"},"uagb_comment_info":0,"uagb_excerpt":"Akademik \u00fcnvanlar Aral\u0131k 2016 tarihi esas al\u0131narak belirtilmi\u015ftir Anadolu \u00dcniversitesi, Eczac\u0131l\u0131k Fak\u00fcltesi Ankara \u00dcniversitesi, Eczac\u0131l\u0131k Fak\u00fcltesi Atat\u00fcrk \u00dcniversitesi, Eczac\u0131l\u0131k Fak\u00fcltesi Do\u011fu Akdeniz\u00a0\u00dcniversitesi, Eczac\u0131l\u0131k Fak\u00fcltesi Ege \u00dcniversitesi, Eczac\u0131l\u0131k Fak\u00fcltesi Gazi \u00dcniversitesi, Eczac\u0131l\u0131k Fak\u00fcltesi Girne American&#46;&#46;&#46;","_links":{"self":[{"href":"https:\/\/www.fabad.org.tr\/en\/wp-json\/wp\/v2\/pages\/82","targetHints":{"allow":["GET"]}}],"collection":[{"href":"https:\/\/www.fabad.org.tr\/en\/wp-json\/wp\/v2\/pages"}],"about":[{"href":"https:\/\/www.fabad.org.tr\/en\/wp-json\/wp\/v2\/types\/page"}],"author":[{"embeddable":true,"href":"https:\/\/www.fabad.org.tr\/en\/wp-json\/wp\/v2\/users\/1"}],"replies":[{"embeddable":true,"href":"https:\/\/www.fabad.org.tr\/en\/wp-json\/wp\/v2\/comments?post=82"}],"version-history":[{"count":0,"href":"https:\/\/www.fabad.org.tr\/en\/wp-json\/wp\/v2\/pages\/82\/revisions"}],"wp:attachment":[{"href":"https:\/\/www.fabad.org.tr\/en\/wp-json\/wp\/v2\/media?parent=82"}],"curies":[{"name":"wp","href":"https:\/\/api.w.org\/{rel}","templated":true}]}}