{"id":61,"date":"2015-02-19T11:41:17","date_gmt":"2015-02-19T11:41:17","guid":{"rendered":"http:\/\/fabad.org.tr\/taslak\/?page_id=61"},"modified":"2019-03-02T01:30:26","modified_gmt":"2019-03-01T22:30:26","slug":"denetleme-kurulu","status":"publish","type":"page","link":"https:\/\/www.fabad.org.tr\/en\/denetleme-kurulu\/","title":{"rendered":"Supervisory Board"},"content":{"rendered":"<table align=\"center\">\n<tbody>\n<tr>\n<td colspan=\"3\"><strong>Yeni 2018 &#8211; 2020 D\u00f6nemi<\/strong><\/td>\n<\/tr>\n<tr>\n<td width=\"70\"><\/td>\n<td width=\"295\">Prof.Dr. Okan Atay<\/td>\n<td width=\"194\"><\/td>\n<\/tr>\n<tr>\n<td width=\"70\"><\/td>\n<td width=\"295\">Prof.Dr. Nesrin G\u00f6khan Kelek\u00e7i<\/td>\n<td width=\"194\"><\/td>\n<\/tr>\n<tr>\n<td width=\"70\"><\/td>\n<td width=\"295\">Prof.Dr. \u0130lkay Y\u0131ld\u0131z<\/td>\n<td width=\"194\"><\/td>\n<\/tr>\n<\/tbody>\n<\/table>\n<p>&nbsp;<\/p>\n<table align=\"center\">\n<tbody>\n<tr>\n<td colspan=\"3\"><strong>2016 &#8211; 2018 D\u00f6nemi<\/strong><\/td>\n<\/tr>\n<tr>\n<td width=\"70\"><\/td>\n<td width=\"295\">Prof. Dr. G\u00fclberk U\u00c7AR<\/td>\n<td width=\"194\"><\/td>\n<\/tr>\n<tr>\n<td width=\"70\"><\/td>\n<td width=\"295\">Prof. Dr. Sedef KIR<\/td>\n<td width=\"194\"><\/td>\n<\/tr>\n<tr>\n<td width=\"70\"><\/td>\n<td width=\"295\">Prof. Dr. Fatma G\u00dcM\u00dc\u015e<\/td>\n<td width=\"194\"><\/td>\n<\/tr>\n<\/tbody>\n<\/table>\n<p>&nbsp;<\/p>\n<table align=\"center\">\n<tbody>\n<tr>\n<td colspan=\"3\"><strong>2014 &#8211; 2016 D\u00f6nemi<\/strong><\/td>\n<\/tr>\n<tr>\n<td width=\"70\"><\/td>\n<td width=\"295\">Prof. Dr. Fatma G\u00dcM\u00dc\u015e<\/td>\n<td width=\"194\"><\/td>\n<\/tr>\n<tr>\n<td width=\"70\"><\/td>\n<td width=\"295\">Prof. Dr. \u0130lbeyi A\u011eABEYO\u011eLU<\/td>\n<td width=\"194\"><\/td>\n<\/tr>\n<tr>\n<td width=\"70\"><\/td>\n<td width=\"295\">Prof. Dr. G\u00fclberk U\u00c7AR<\/td>\n<td width=\"194\"><\/td>\n<\/tr>\n<\/tbody>\n<\/table>\n","protected":false},"excerpt":{"rendered":"<p>Yeni 2018 &#8211; 2020 D\u00f6nemi Prof.Dr. Okan Atay Prof.Dr. Nesrin G\u00f6khan Kelek\u00e7i Prof.Dr. \u0130lkay Y\u0131ld\u0131z &nbsp; 2016 &#8211; 2018 D\u00f6nemi Prof. Dr. G\u00fclberk U\u00c7AR Prof. Dr. Sedef KIR Prof. Dr. Fatma G\u00dcM\u00dc\u015e &nbsp; 2014&#46;&#46;&#46;<\/p>\n","protected":false},"author":1,"featured_media":0,"parent":0,"menu_order":0,"comment_status":"closed","ping_status":"closed","template":"","meta":{"_uag_custom_page_level_css":"","footnotes":""},"class_list":["post-61","page","type-page","status-publish","hentry"],"uagb_featured_image_src":{"full":false,"thumbnail":false,"medium":false,"medium_large":false,"large":false,"1536x1536":false,"2048x2048":false,"thumb-small":false,"thumb-standard":false,"thumb-medium":false,"thumb-large":false,"thumb-xlarge":false,"thumb-xxlarge":false},"uagb_author_info":{"display_name":"Admin","author_link":"https:\/\/www.fabad.org.tr\/en\/author\/admin\/"},"uagb_comment_info":0,"uagb_excerpt":"Yeni 2018 &#8211; 2020 D\u00f6nemi Prof.Dr. Okan Atay Prof.Dr. Nesrin G\u00f6khan Kelek\u00e7i Prof.Dr. \u0130lkay Y\u0131ld\u0131z &nbsp; 2016 &#8211; 2018 D\u00f6nemi Prof. Dr. G\u00fclberk U\u00c7AR Prof. Dr. Sedef KIR Prof. Dr. Fatma G\u00dcM\u00dc\u015e &nbsp; 2014&#46;&#46;&#46;","_links":{"self":[{"href":"https:\/\/www.fabad.org.tr\/en\/wp-json\/wp\/v2\/pages\/61","targetHints":{"allow":["GET"]}}],"collection":[{"href":"https:\/\/www.fabad.org.tr\/en\/wp-json\/wp\/v2\/pages"}],"about":[{"href":"https:\/\/www.fabad.org.tr\/en\/wp-json\/wp\/v2\/types\/page"}],"author":[{"embeddable":true,"href":"https:\/\/www.fabad.org.tr\/en\/wp-json\/wp\/v2\/users\/1"}],"replies":[{"embeddable":true,"href":"https:\/\/www.fabad.org.tr\/en\/wp-json\/wp\/v2\/comments?post=61"}],"version-history":[{"count":1,"href":"https:\/\/www.fabad.org.tr\/en\/wp-json\/wp\/v2\/pages\/61\/revisions"}],"predecessor-version":[{"id":1122,"href":"https:\/\/www.fabad.org.tr\/en\/wp-json\/wp\/v2\/pages\/61\/revisions\/1122"}],"wp:attachment":[{"href":"https:\/\/www.fabad.org.tr\/en\/wp-json\/wp\/v2\/media?parent=61"}],"curies":[{"name":"wp","href":"https:\/\/api.w.org\/{rel}","templated":true}]}}