{"id":533,"date":"2016-12-21T14:12:34","date_gmt":"2016-12-21T12:12:34","guid":{"rendered":"http:\/\/www.fabad.org.tr\/?page_id=533"},"modified":"2016-12-21T14:13:01","modified_gmt":"2016-12-21T12:13:01","slug":"saglik-bilimleri-universitesi-eczacilik-fakultesi","status":"publish","type":"page","link":"https:\/\/www.fabad.org.tr\/en\/uye-listesi\/saglik-bilimleri-universitesi-eczacilik-fakultesi\/","title":{"rendered":"SA\u011eLIK B\u0130L\u0130MLER\u0130 \u00dcN\u0130VERS\u0130TES\u0130 ECZACILIK FAK\u00dcLTES\u0130"},"content":{"rendered":"<table width=\"473\">\n<tbody>\n<tr>\n<td width=\"308\"><strong>\u0130sim<\/strong><\/td>\n<td width=\"165\"><strong>E-Mail<\/strong><\/td>\n<\/tr>\n<tr>\n<td width=\"308\">Prof. Dr. Tayfun UZBAY<\/td>\n<td width=\"165\"><\/td>\n<\/tr>\n<tr>\n<td width=\"308\">Prof. Dr. \u015eahan SAYGI<\/td>\n<td width=\"165\"><\/td>\n<\/tr>\n<tr>\n<td width=\"308\">Prof. Dr. Ahmet SAYAL<\/td>\n<td width=\"165\"><\/td>\n<\/tr>\n<tr>\n<td width=\"308\">Prof. Dr. Yal\u00e7\u0131n \u00d6ZKAN<\/td>\n<td width=\"165\"><\/td>\n<\/tr>\n<tr>\n<td width=\"308\">Do\u00e7. Dr. Onur ERDEM<\/td>\n<td width=\"165\"><\/td>\n<\/tr>\n<tr>\n<td width=\"308\">Yrd. Do\u00e7. Dr. Ayhan SAVA\u015eER<\/td>\n<td width=\"165\"><\/td>\n<\/tr>\n<tr>\n<td width=\"308\">Yrd. Do\u00e7. Dr. Cansel K\u00f6se \u00d6zkan<\/td>\n<td width=\"165\"><\/td>\n<\/tr>\n<tr>\n<td width=\"308\">Uzm. Ecz. \u00c7etin Ta\u015f<\/td>\n<td width=\"165\"><\/td>\n<\/tr>\n<\/tbody>\n<\/table>\n","protected":false},"excerpt":{"rendered":"<p>\u0130sim E-Mail Prof. Dr. Tayfun UZBAY Prof. Dr. \u015eahan SAYGI Prof. Dr. Ahmet SAYAL Prof. Dr. Yal\u00e7\u0131n \u00d6ZKAN Do\u00e7. Dr. Onur ERDEM Yrd. Do\u00e7. Dr. Ayhan SAVA\u015eER Yrd. Do\u00e7. Dr. Cansel K\u00f6se \u00d6zkan Uzm.&#46;&#46;&#46;<\/p>\n","protected":false},"author":1,"featured_media":0,"parent":82,"menu_order":0,"comment_status":"closed","ping_status":"closed","template":"","meta":{"_uag_custom_page_level_css":"","footnotes":""},"class_list":["post-533","page","type-page","status-publish","hentry"],"uagb_featured_image_src":{"full":false,"thumbnail":false,"medium":false,"medium_large":false,"large":false,"1536x1536":false,"2048x2048":false,"thumb-small":false,"thumb-standard":false,"thumb-medium":false,"thumb-large":false,"thumb-xlarge":false,"thumb-xxlarge":false},"uagb_author_info":{"display_name":"Admin","author_link":"https:\/\/www.fabad.org.tr\/en\/author\/admin\/"},"uagb_comment_info":0,"uagb_excerpt":"\u0130sim E-Mail Prof. Dr. Tayfun UZBAY Prof. Dr. \u015eahan SAYGI Prof. Dr. Ahmet SAYAL Prof. Dr. Yal\u00e7\u0131n \u00d6ZKAN Do\u00e7. Dr. Onur ERDEM Yrd. Do\u00e7. Dr. Ayhan SAVA\u015eER Yrd. Do\u00e7. Dr. Cansel K\u00f6se \u00d6zkan Uzm.&#46;&#46;&#46;","_links":{"self":[{"href":"https:\/\/www.fabad.org.tr\/en\/wp-json\/wp\/v2\/pages\/533","targetHints":{"allow":["GET"]}}],"collection":[{"href":"https:\/\/www.fabad.org.tr\/en\/wp-json\/wp\/v2\/pages"}],"about":[{"href":"https:\/\/www.fabad.org.tr\/en\/wp-json\/wp\/v2\/types\/page"}],"author":[{"embeddable":true,"href":"https:\/\/www.fabad.org.tr\/en\/wp-json\/wp\/v2\/users\/1"}],"replies":[{"embeddable":true,"href":"https:\/\/www.fabad.org.tr\/en\/wp-json\/wp\/v2\/comments?post=533"}],"version-history":[{"count":0,"href":"https:\/\/www.fabad.org.tr\/en\/wp-json\/wp\/v2\/pages\/533\/revisions"}],"up":[{"embeddable":true,"href":"https:\/\/www.fabad.org.tr\/en\/wp-json\/wp\/v2\/pages\/82"}],"wp:attachment":[{"href":"https:\/\/www.fabad.org.tr\/en\/wp-json\/wp\/v2\/media?parent=533"}],"curies":[{"name":"wp","href":"https:\/\/api.w.org\/{rel}","templated":true}]}}