{"id":451,"date":"2016-08-17T00:29:35","date_gmt":"2016-08-16T22:29:35","guid":{"rendered":"http:\/\/www.fabad.org.tr\/?page_id=451"},"modified":"2019-03-10T12:46:51","modified_gmt":"2019-03-10T09:46:51","slug":"doc-dr-aysel-berkkan","status":"publish","type":"page","link":"https:\/\/www.fabad.org.tr\/en\/yeni-yonetim-kurulu-2018-2021\/doc-dr-aysel-berkkan\/","title":{"rendered":"DO\u00c7. DR. AYSEL BERKKAN"},"content":{"rendered":"<p><strong>Do\u00e7. Dr. Aysel Berkkan\u2019\u0131n Akademik \u00d6zge\u00e7mi\u015f \u00d6zeti<\/strong><\/p>\n<p>17\u00a0 Kas\u0131m 1970 y\u0131l\u0131nda Ankara\u2019da do\u011fan Aysel BERKKAN, 1988-1993 y\u0131llar\u0131 aras\u0131nda ODT\u00dc Fen Edebiyat Fak\u00fcltesi Kimya B\u00f6l\u00fcm\u00fcnde, 2008-2013 y\u0131llar\u0131 aras\u0131nda\u00a0 Gazi \u00dcniversitesi Eczac\u0131l\u0131k Fak\u00fcltesi\u2019nde okudu. 1997 y\u0131l\u0131nda Gazi \u00dcniversitesi Eczac\u0131l\u0131k Fak\u00fcltesi Analitik Kimya Anabilim Dal\u0131\u2019nda bilim uzmanl\u0131\u011f\u0131n\u0131, 2004 y\u0131l\u0131nda Gazi \u00dcniversitesi Eczac\u0131l\u0131k Fak\u00fcltesi Analitik Kimya Anabilim Dal\u0131\u2019nda doktora derecesini alm\u0131\u015ft\u0131r. 2008 y\u0131l\u0131nda yard\u0131mc\u0131 do\u00e7ent, 2014 y\u0131l\u0131nda do\u00e7ent \u00fcnvan\u0131 almaya hak kazanm\u0131\u015ft\u0131r. Halen Gazi \u00dcniversitesi Eczac\u0131l\u0131k Fak\u00fcltesi Analitik Kimya Anabilim Dal\u0131\u2019nda \u00f6\u011fretim \u00fcyesi olarak \u00e7al\u0131\u015fmaktad\u0131r.<\/p>\n<p>Ara\u015ft\u0131rma alanlar\u0131 Spektrometri (Atomik Absorpsiyon, UV, Floresans) ve Gaz \u00a0Kromatografidir. SCI (Science Citation Index)\u2019e g\u00f6re taranan dergilerde 15 yay\u0131n\u0131, 1 adet kitap b\u00f6l\u00fcm\u00fc, 20 bildiri \u00f6zeti ve ulusal dergilerde 5 yay\u0131n\u0131 bulunmaktad\u0131r. Web of Science veri taban\u0131na g\u00f6re yay\u0131nlar\u0131na yap\u0131lan at\u0131f say\u0131s\u0131 \u015eubat 2019 itibari ile 98 ve h say\u0131s\u0131 5\u2019dir.<\/p>\n<p>Halen Gazi \u00dcniversitesi Eczac\u0131l\u0131k Fak\u00fcltesi Analitik Kimya Anabilim Dal\u0131\u2019nda do\u00e7ent olarak g\u00f6rev yapmaktad\u0131r. \u015eubat 2019 itibariyle Gazi \u00dcniversitesi Sa\u011fl\u0131k Bilimleri Enstit\u00fcs\u00fc M\u00fcd\u00fcr Yard\u0131mc\u0131l\u0131\u011f\u0131, Gazi \u00dcniversitesi E\u011fitim Komisyonu \u00fcyeli\u011fi, Gazi \u00dcniversitesi Sa\u011fl\u0131k Bilimleri Enstit\u00fcs\u00fc Farabi De\u011fi\u015fim Program\u0131 Koordinat\u00f6r\u00fc, Gazi \u00dcniversitesi Kalite Komisyon \u00dcyeli\u011fi, Ankara Kimya Derne\u011fi y\u00f6netim kurulu \u00fcyeli\u011fi \u00a0yapmaktad\u0131r. 2012-2016 y\u0131llar\u0131 aras\u0131nda FABAD Journal of Pharmaceutical Sciences edit\u00f6r yard\u0131mc\u0131l\u0131\u011f\u0131 ve 2016-2018 y\u0131llar\u0131 aras\u0131nda T\u00fcrkiye Farmas\u00f6tik Bilimler Ankara Derne\u011fi (FABAD) y\u00f6netim kurulu \u00fcyeli\u011fi yapm\u0131\u015ft\u0131r.<\/p>\n","protected":false},"excerpt":{"rendered":"<p>Do\u00e7. Dr. Aysel Berkkan\u2019\u0131n Akademik \u00d6zge\u00e7mi\u015f \u00d6zeti 17\u00a0 Kas\u0131m 1970 y\u0131l\u0131nda Ankara\u2019da do\u011fan Aysel BERKKAN, 1988-1993 y\u0131llar\u0131 aras\u0131nda ODT\u00dc Fen Edebiyat Fak\u00fcltesi Kimya B\u00f6l\u00fcm\u00fcnde, 2008-2013 y\u0131llar\u0131 aras\u0131nda\u00a0 Gazi \u00dcniversitesi Eczac\u0131l\u0131k Fak\u00fcltesi\u2019nde okudu. 1997 y\u0131l\u0131nda&#46;&#46;&#46;<\/p>\n","protected":false},"author":1,"featured_media":0,"parent":1013,"menu_order":0,"comment_status":"closed","ping_status":"closed","template":"","meta":{"_uag_custom_page_level_css":"","footnotes":""},"class_list":["post-451","page","type-page","status-publish","hentry"],"uagb_featured_image_src":{"full":false,"thumbnail":false,"medium":false,"medium_large":false,"large":false,"1536x1536":false,"2048x2048":false,"thumb-small":false,"thumb-standard":false,"thumb-medium":false,"thumb-large":false,"thumb-xlarge":false,"thumb-xxlarge":false},"uagb_author_info":{"display_name":"Admin","author_link":"https:\/\/www.fabad.org.tr\/en\/author\/admin\/"},"uagb_comment_info":0,"uagb_excerpt":"Do\u00e7. Dr. Aysel Berkkan\u2019\u0131n Akademik \u00d6zge\u00e7mi\u015f \u00d6zeti 17\u00a0 Kas\u0131m 1970 y\u0131l\u0131nda Ankara\u2019da do\u011fan Aysel BERKKAN, 1988-1993 y\u0131llar\u0131 aras\u0131nda ODT\u00dc Fen Edebiyat Fak\u00fcltesi Kimya B\u00f6l\u00fcm\u00fcnde, 2008-2013 y\u0131llar\u0131 aras\u0131nda\u00a0 Gazi \u00dcniversitesi Eczac\u0131l\u0131k Fak\u00fcltesi\u2019nde okudu. 1997 y\u0131l\u0131nda&#46;&#46;&#46;","_links":{"self":[{"href":"https:\/\/www.fabad.org.tr\/en\/wp-json\/wp\/v2\/pages\/451","targetHints":{"allow":["GET"]}}],"collection":[{"href":"https:\/\/www.fabad.org.tr\/en\/wp-json\/wp\/v2\/pages"}],"about":[{"href":"https:\/\/www.fabad.org.tr\/en\/wp-json\/wp\/v2\/types\/page"}],"author":[{"embeddable":true,"href":"https:\/\/www.fabad.org.tr\/en\/wp-json\/wp\/v2\/users\/1"}],"replies":[{"embeddable":true,"href":"https:\/\/www.fabad.org.tr\/en\/wp-json\/wp\/v2\/comments?post=451"}],"version-history":[{"count":1,"href":"https:\/\/www.fabad.org.tr\/en\/wp-json\/wp\/v2\/pages\/451\/revisions"}],"predecessor-version":[{"id":1159,"href":"https:\/\/www.fabad.org.tr\/en\/wp-json\/wp\/v2\/pages\/451\/revisions\/1159"}],"up":[{"embeddable":true,"href":"https:\/\/www.fabad.org.tr\/en\/wp-json\/wp\/v2\/pages\/1013"}],"wp:attachment":[{"href":"https:\/\/www.fabad.org.tr\/en\/wp-json\/wp\/v2\/media?parent=451"}],"curies":[{"name":"wp","href":"https:\/\/api.w.org\/{rel}","templated":true}]}}