{"id":39,"date":"2015-02-19T10:18:13","date_gmt":"2015-02-19T10:18:13","guid":{"rendered":"http:\/\/fabad.org.tr\/taslak\/?page_id=39"},"modified":"2015-02-19T10:18:13","modified_gmt":"2015-02-19T10:18:13","slug":"vizyon-misyon","status":"publish","type":"page","link":"https:\/\/www.fabad.org.tr\/en\/vizyon-misyon\/","title":{"rendered":"Vizyon \/ Misyon"},"content":{"rendered":"<p><b>V\u0130ZYON<\/b>: Farmas\u00f6tik Akademik Bilimler Ankara Derne\u011fi, Farmas\u00f6tik Bilimler alan\u0131ndaki bilimsel \u00e7al\u0131\u015fma ve geli\u015fmeleri takip ederek \u00fclke \u00e7ap\u0131nda mesle\u011fin ilerlemesini s\u00fcrd\u00fcrme \u00e7abas\u0131nda etkin rol oynamay\u0131 hedefleyen \u00e7a\u011fda\u015f bir vizyona sahiptir.<\/p>\n<p><b>M\u0130SYON<\/b>: Farmas\u00f6tik Akademik Bilimler Ankara Derne\u011fi\u2019nin amac\u0131 Farmas\u00f6tik Bilimlerin d\u00fcnyada ve \u00fclkemizde ilerlemelerini izleyerek meslekta\u015flara duyurmak; mesle\u011fin bilimsel y\u00f6n\u00fcn\u00fc yurdumuzda tan\u0131tmak, yaymak, te\u015fvik etmek ve daha da kuvvetlendirmektir.<\/p>\n","protected":false},"excerpt":{"rendered":"<p>V\u0130ZYON: Farmas\u00f6tik Akademik Bilimler Ankara Derne\u011fi, Farmas\u00f6tik Bilimler alan\u0131ndaki bilimsel \u00e7al\u0131\u015fma ve geli\u015fmeleri takip ederek \u00fclke \u00e7ap\u0131nda mesle\u011fin ilerlemesini s\u00fcrd\u00fcrme \u00e7abas\u0131nda etkin rol oynamay\u0131 hedefleyen \u00e7a\u011fda\u015f bir vizyona sahiptir. M\u0130SYON: Farmas\u00f6tik Akademik Bilimler Ankara&#46;&#46;&#46;<\/p>\n","protected":false},"author":1,"featured_media":0,"parent":0,"menu_order":0,"comment_status":"closed","ping_status":"closed","template":"","meta":{"_uag_custom_page_level_css":"","footnotes":""},"class_list":["post-39","page","type-page","status-publish","hentry"],"uagb_featured_image_src":{"full":false,"thumbnail":false,"medium":false,"medium_large":false,"large":false,"1536x1536":false,"2048x2048":false,"thumb-small":false,"thumb-standard":false,"thumb-medium":false,"thumb-large":false,"thumb-xlarge":false,"thumb-xxlarge":false},"uagb_author_info":{"display_name":"Admin","author_link":"https:\/\/www.fabad.org.tr\/en\/author\/admin\/"},"uagb_comment_info":0,"uagb_excerpt":"V\u0130ZYON: Farmas\u00f6tik Akademik Bilimler Ankara Derne\u011fi, Farmas\u00f6tik Bilimler alan\u0131ndaki bilimsel \u00e7al\u0131\u015fma ve geli\u015fmeleri takip ederek \u00fclke \u00e7ap\u0131nda mesle\u011fin ilerlemesini s\u00fcrd\u00fcrme \u00e7abas\u0131nda etkin rol oynamay\u0131 hedefleyen \u00e7a\u011fda\u015f bir vizyona sahiptir. M\u0130SYON: Farmas\u00f6tik Akademik Bilimler Ankara&#46;&#46;&#46;","_links":{"self":[{"href":"https:\/\/www.fabad.org.tr\/en\/wp-json\/wp\/v2\/pages\/39","targetHints":{"allow":["GET"]}}],"collection":[{"href":"https:\/\/www.fabad.org.tr\/en\/wp-json\/wp\/v2\/pages"}],"about":[{"href":"https:\/\/www.fabad.org.tr\/en\/wp-json\/wp\/v2\/types\/page"}],"author":[{"embeddable":true,"href":"https:\/\/www.fabad.org.tr\/en\/wp-json\/wp\/v2\/users\/1"}],"replies":[{"embeddable":true,"href":"https:\/\/www.fabad.org.tr\/en\/wp-json\/wp\/v2\/comments?post=39"}],"version-history":[{"count":0,"href":"https:\/\/www.fabad.org.tr\/en\/wp-json\/wp\/v2\/pages\/39\/revisions"}],"wp:attachment":[{"href":"https:\/\/www.fabad.org.tr\/en\/wp-json\/wp\/v2\/media?parent=39"}],"curies":[{"name":"wp","href":"https:\/\/api.w.org\/{rel}","templated":true}]}}