{"id":37,"date":"2015-02-18T09:41:35","date_gmt":"2015-02-18T09:41:35","guid":{"rendered":"http:\/\/fabad.org.tr\/taslak\/?page_id=37"},"modified":"2026-04-07T16:02:23","modified_gmt":"2026-04-07T13:02:23","slug":"dernek-uyelik-formu","status":"publish","type":"page","link":"https:\/\/www.fabad.org.tr\/en\/dernek-uyelik-formu\/","title":{"rendered":"Association Membership Form"},"content":{"rendered":"\n<div class=\"wpcf7 no-js\" id=\"wpcf7-f36-o1\" lang=\"tr-TR\" dir=\"ltr\" data-wpcf7-id=\"36\">\n<div class=\"screen-reader-response\"><p role=\"status\" aria-live=\"polite\" aria-atomic=\"true\"><\/p> <ul><\/ul><\/div>\n<form action=\"\/en\/wp-json\/wp\/v2\/pages\/37#wpcf7-f36-o1\" method=\"post\" class=\"wpcf7-form init\" aria-label=\"\u0130leti\u015fim Formu\" enctype=\"multipart\/form-data\" novalidate=\"novalidate\" data-status=\"init\">\n<fieldset class=\"hidden-fields-container\"><input type=\"hidden\" name=\"_wpcf7\" value=\"36\" \/><input type=\"hidden\" name=\"_wpcf7_version\" value=\"6.1.5\" \/><input type=\"hidden\" name=\"_wpcf7_locale\" value=\"tr_TR\" \/><input type=\"hidden\" name=\"_wpcf7_unit_tag\" value=\"wpcf7-f36-o1\" \/><input type=\"hidden\" name=\"_wpcf7_container_post\" value=\"0\" \/><input type=\"hidden\" name=\"_wpcf7_posted_data_hash\" value=\"\" \/><input type=\"hidden\" name=\"_wpcf7_recaptcha_response\" value=\"\" \/>\n<\/fieldset>\n<p>Ad\u0131n\u0131z Soyad\u0131n\u0131z\n<\/p>\n<p><span class=\"wpcf7-form-control-wrap\" data-name=\"your-name\"><input size=\"40\" maxlength=\"400\" class=\"wpcf7-form-control wpcf7-text wpcf7-validates-as-required\" aria-required=\"true\" aria-invalid=\"false\" value=\"\" type=\"text\" name=\"your-name\" \/><\/span>\n<\/p>\n<p>Baba Ad\u0131:\n<\/p>\n<p><span class=\"wpcf7-form-control-wrap\" data-name=\"BabaAdi\"><input size=\"40\" maxlength=\"400\" class=\"wpcf7-form-control wpcf7-text wpcf7-validates-as-required\" aria-required=\"true\" aria-invalid=\"false\" value=\"\" type=\"text\" name=\"BabaAdi\" \/><\/span>\n<\/p>\n<p>Anne Ad\u0131:\n<\/p>\n<p><span class=\"wpcf7-form-control-wrap\" data-name=\"AnneAdi\"><input size=\"40\" maxlength=\"400\" class=\"wpcf7-form-control wpcf7-text wpcf7-validates-as-required\" aria-required=\"true\" aria-invalid=\"false\" value=\"\" type=\"text\" name=\"AnneAdi\" \/><\/span>\n<\/p>\n<p>Uyru\u011funuz:\n<\/p>\n<p><span class=\"wpcf7-form-control-wrap\" data-name=\"UYRUGU\"><select class=\"wpcf7-form-control wpcf7-select wpcf7-validates-as-required\" aria-required=\"true\" aria-invalid=\"false\" name=\"UYRUGU\"><option value=\"\">&#8212;L\u00fctfen bir se\u00e7enek se\u00e7in&#8212;<\/option><option value=\"T\u00fcrkiye\">T\u00fcrkiye<\/option><option value=\"ABD\">ABD<\/option><option value=\"ABD Alaska\">ABD Alaska<\/option><option value=\"ABD Havai\">ABD Havai<\/option><option value=\"Afganistan\">Afganistan<\/option><option value=\"Almanya\">Almanya<\/option><option value=\"Amerikan Samoa\">Amerikan Samoa<\/option><option value=\"Andorra\">Andorra<\/option><option value=\"Angola\">Angola<\/option><option value=\"Anguilla\">Anguilla<\/option><option value=\"Antigua\">Antigua<\/option><option value=\"Arjantin\">Arjantin<\/option><option value=\"Arnavutluk\">Arnavutluk<\/option><option value=\"Aruba\">Aruba<\/option><option value=\"Asensiyon\">Asensiyon<\/option><option value=\"Avustralya\">Avustralya<\/option><option value=\"Avusturya\">Avusturya<\/option><option value=\"Azerbaycan\">Azerbaycan<\/option><option value=\"BAE\">BAE<\/option><option value=\"Bahama\">Bahama<\/option><option value=\"Bahreyn\">Bahreyn<\/option><option value=\"Bangalde\u015f\">Bangalde\u015f<\/option><option value=\"Barbados\">Barbados<\/option><option value=\"Bat\u0131 Samoa\">Bat\u0131 Samoa<\/option><option value=\"Bel\u00e7ika\">Bel\u00e7ika<\/option><option value=\"Belize\">Belize<\/option><option value=\"Benin\">Benin<\/option><option value=\"Bermuda\">Bermuda<\/option><option value=\"Beyaz Rusya\">Beyaz Rusya<\/option><option value=\"Bolivya\">Bolivya<\/option><option value=\"Bosna Hersek\">Bosna Hersek<\/option><option value=\"Botsvana\">Botsvana<\/option><option value=\"Brezilya\">Brezilya<\/option><option value=\"Brundi\">Brundi<\/option><option value=\"Bruney\">Bruney<\/option><option value=\"Bulgaristan\">Bulgaristan<\/option><option value=\"Burkina Faso\">Burkina Faso<\/option><option value=\"Burma\">Burma<\/option><option value=\"Butan\">Butan<\/option><option value=\"Cebelitar\u0131k\">Cebelitar\u0131k<\/option><option value=\"Cezayir\">Cezayir<\/option><option value=\"Cibuti\">Cibuti<\/option><option value=\"\u00c7ad\">\u00c7ad<\/option><option value=\"\u00c7ek Cum.\">\u00c7ek Cum.<\/option><option value=\"\u00c7in\">\u00c7in<\/option><option value=\"Danimarka\">Danimarka<\/option><option value=\"Diego Garsia\">Diego Garsia<\/option><option value=\"Dominik\">Dominik<\/option><option value=\"Dominik Cum.\">Dominik Cum.<\/option><option value=\"Ekvator\">Ekvator<\/option><option value=\"Ekvator Gine\">Ekvator Gine<\/option><option value=\"El Salvador\">El Salvador<\/option><option value=\"Endonezya\">Endonezya<\/option><option value=\"Eritre\">Eritre<\/option><option value=\"Ermenistan\">Ermenistan<\/option><option value=\"Estonya\">Estonya<\/option><option value=\"Etiyopya\">Etiyopya<\/option><option value=\"Falkland Adl.\">Falkland Adl.<\/option><option value=\"Faroe Adl.\">Faroe Adl.<\/option><option value=\"Fas\">Fas<\/option><option value=\"Fiji\">Fiji<\/option><option value=\"Fildi\u015fi Sahili\">Fildi\u015fi Sahili<\/option><option value=\"Filipinler\">Filipinler<\/option><option value=\"Filistin\">Filistin<\/option><option value=\"Finlandiya\">Finlandiya<\/option><option value=\"Fransa\">Fransa<\/option><option value=\"Frans\u0131z Guyanas\u0131\">Frans\u0131z Guyanas\u0131<\/option><option value=\"Frans\u0131z Polinezyas\u0131\">Frans\u0131z Polinezyas\u0131<\/option><option value=\"G. Afrika Cum.\">G. Afrika Cum.<\/option><option value=\"G. K\u0131br\u0131s Rum Y\u00f6n.\">G. K\u0131br\u0131s Rum Y\u00f6n.<\/option><option value=\"Gabon\">Gabon<\/option><option value=\"Gambia\">Gambia<\/option><option value=\"Gana\">Gana<\/option><option value=\"Gine\">Gine<\/option><option value=\"Gine Bissau\">Gine Bissau<\/option><option value=\"Grenada\">Grenada<\/option><option value=\"Gr\u00f6nland\">Gr\u00f6nland<\/option><option value=\"Guadalup\">Guadalup<\/option><option value=\"Guam\">Guam<\/option><option value=\"Guatemala\">Guatemala<\/option><option value=\"Guyana\">Guyana<\/option><option value=\"G\u00fcney Kore\">G\u00fcney Kore<\/option><option value=\"G\u00fcrcistan\">G\u00fcrcistan<\/option><option value=\"Haiti\">Haiti<\/option><option value=\"H\u0131rvatistan\">H\u0131rvatistan<\/option><option value=\"Hindistan\">Hindistan<\/option><option value=\"Hollanda\">Hollanda<\/option><option value=\"Hollanda Antilleri\">Hollanda Antilleri<\/option><option value=\"Honduras\">Honduras<\/option><option value=\"Hongkong\">Hongkong<\/option><option value=\"Irak\">Irak<\/option><option value=\"\u0130ngiliz Virjin Adl.\">\u0130ngiliz Virjin Adl.<\/option><option value=\"\u0130ngiltere\">\u0130ngiltere<\/option><option value=\"\u0130ran\">\u0130ran<\/option><option value=\"\u0130rlanda\">\u0130rlanda<\/option><option value=\"\u0130spanya\">\u0130spanya<\/option><option value=\"\u0130srail\">\u0130srail<\/option><option value=\"\u0130sve\u00e7\">\u0130sve\u00e7<\/option><option value=\"\u0130svi\u00e7re\">\u0130svi\u00e7re<\/option><option value=\"\u0130talya\">\u0130talya<\/option><option value=\"\u0130zlanda\">\u0130zlanda<\/option><option value=\"Jamaika\">Jamaika<\/option><option value=\"Japonya\">Japonya<\/option><option value=\"Kambo\u00e7ya\">Kambo\u00e7ya<\/option><option value=\"Kamerun\">Kamerun<\/option><option value=\"Kanada\">Kanada<\/option><option value=\"Kap Verd\">Kap Verd<\/option><option value=\"Karada\u011f\">Karada\u011f<\/option><option value=\"Katar\">Katar<\/option><option value=\"Kayman Adalar\u0131\">Kayman Adalar\u0131<\/option><option value=\"Kazakistan\">Kazakistan<\/option><option value=\"Kenya\">Kenya<\/option><option value=\"K\u0131rg\u0131z\u0131stan\">K\u0131rg\u0131z\u0131stan<\/option><option value=\"Kiribati\">Kiribati<\/option><option value=\"Kolombiya\">Kolombiya<\/option><option value=\"Komor Adalar\u0131\">Komor Adalar\u0131<\/option><option value=\"Kongo Cum.\">Kongo Cum.<\/option><option value=\"Kongo Dem Cum.\">Kongo Dem Cum.<\/option><option value=\"Kosta Rika\">Kosta Rika<\/option><option value=\"Kuk Adas\u0131\">Kuk Adas\u0131<\/option><option value=\"Kuveyt\">Kuveyt<\/option><option value=\"Kuzey Kore\">Kuzey Kore<\/option><option value=\"K\u00fcba\">K\u00fcba<\/option><option value=\"Lao Dem. Halk Cum.\">Lao Dem. Halk Cum.<\/option><option value=\"Lesotho\">Lesotho<\/option><option value=\"Letonya\">Letonya<\/option><option value=\"Liberya\">Liberya<\/option><option value=\"Libya\">Libya<\/option><option value=\"Lihtenstayn\">Lihtenstayn<\/option><option value=\"Litvanya\">Litvanya<\/option><option value=\"Luksemburg\">Luksemburg<\/option><option value=\"L\u00fcbnan\">L\u00fcbnan<\/option><option value=\"Macaristan\">Macaristan<\/option><option value=\"Madagaskar\">Madagaskar<\/option><option value=\"Makao\">Makao<\/option><option value=\"Makedonya\">Makedonya<\/option><option value=\"Malavi\">Malavi<\/option><option value=\"Maldiv Adalar\u0131\">Maldiv Adalar\u0131<\/option><option value=\"Malezya\">Malezya<\/option><option value=\"Mali\">Mali<\/option><option value=\"Malta\">Malta<\/option><option value=\"Mariyan Adalar\u0131\">Mariyan Adalar\u0131<\/option><option value=\"Marsal Adalar\u0131\">Marsal Adalar\u0131<\/option><option value=\"Mart\u0131n\u0131k\">Mart\u0131n\u0131k<\/option><option value=\"Mayotte Adalar\u0131\">Mayotte Adalar\u0131<\/option><option value=\"Meksika\">Meksika<\/option><option value=\"Merkezi Afrika Cum.\">Merkezi Afrika Cum.<\/option><option value=\"M\u0131s\u0131r\">M\u0131s\u0131r<\/option><option value=\"Mikronezya\">Mikronezya<\/option><option value=\"Mo\u011folistan\">Mo\u011folistan<\/option><option value=\"Moldovya\">Moldovya<\/option><option value=\"Monako\">Monako<\/option><option value=\"Montserrat\">Montserrat<\/option><option value=\"Moris Adalar\u0131\">Moris Adalar\u0131<\/option><option value=\"Moritanya\">Moritanya<\/option><option value=\"Mozambik\">Mozambik<\/option><option value=\"Namibya\">Namibya<\/option><option value=\"Nauru Adas\u0131\">Nauru Adas\u0131<\/option><option value=\"Nepal\">Nepal<\/option><option value=\"Nijer\">Nijer<\/option><option value=\"Nijerya\">Nijerya<\/option><option value=\"Nikaragua\">Nikaragua<\/option><option value=\"Niue Adalar\u0131\">Niue Adalar\u0131<\/option><option value=\"Norfolk Adalar\u0131\">Norfolk Adalar\u0131<\/option><option value=\"Norve\u00e7\">Norve\u00e7<\/option><option value=\"\u00d6zbekistan\">\u00d6zbekistan<\/option><option value=\"Pakistan\">Pakistan<\/option><option value=\"Panama\">Panama<\/option><option value=\"Papua Yeni Gine\">Papua Yeni Gine<\/option><option value=\"Paraguay\">Paraguay<\/option><option value=\"Peru\">Peru<\/option><option value=\"Polonya\">Polonya<\/option><option value=\"Portekiz\">Portekiz<\/option><option value=\"Porto Riko\">Porto Riko<\/option><option value=\"Reunyon\">Reunyon<\/option><option value=\"Romanya\">Romanya<\/option><option value=\"Ruanda\">Ruanda<\/option><option value=\"Rusya Federasyonu\">Rusya Federasyonu<\/option><option value=\"San Marino\">San Marino<\/option><option value=\"Senegal\">Senegal<\/option><option value=\"Seysel\">Seysel<\/option><option value=\"Sierra Leone\">Sierra Leone<\/option><option value=\"Singapur\">Singapur<\/option><option value=\"Sirbistan\">Sirbistan<\/option><option value=\"Slovak Cum.\">Slovak Cum.<\/option><option value=\"Slovenya\">Slovenya<\/option><option value=\"Solomon Adalar\u0131\">Solomon Adalar\u0131<\/option><option value=\"Somali\">Somali<\/option><option value=\"Sri Lanka\">Sri Lanka<\/option><option value=\"St. Helena\">St. Helena<\/option><option value=\"St. Lucia\">St. Lucia<\/option><option value=\"Sudan\">Sudan<\/option><option value=\"Surinam\">Surinam<\/option><option value=\"Suriye\">Suriye<\/option><option value=\"Suudi Arabistan\">Suudi Arabistan<\/option><option value=\"Svaziland\">Svaziland<\/option><option value=\"\u015eili\">\u015eili<\/option><option value=\"Tacikistan\">Tacikistan<\/option><option value=\"Tanzanya\">Tanzanya<\/option><option value=\"Tayland\">Tayland<\/option><option value=\"Tayvan\">Tayvan<\/option><option value=\"Togo\">Togo<\/option><option value=\"Tonga\">Tonga<\/option><option value=\"Tunus\">Tunus<\/option><option value=\"Tuvalu\">Tuvalu<\/option><option value=\"T\u00fcrkmenistan\">T\u00fcrkmenistan<\/option><option value=\"U.S. Virjin Adas\u0131\">U.S. Virjin Adas\u0131<\/option><option value=\"Uganda\">Uganda<\/option><option value=\"Ukrayna\">Ukrayna<\/option><option value=\"Umman\">Umman<\/option><option value=\"Uruguay\">Uruguay<\/option><option value=\"\u00dcrd\u00fcn\">\u00dcrd\u00fcn<\/option><option value=\"Vallis Futuna Adalar\u0131\">Vallis Futuna Adalar\u0131<\/option><option value=\"Venezuela\">Venezuela<\/option><option value=\"Vietnam\">Vietnam<\/option><option value=\"Yemen Arap Cum.\">Yemen Arap Cum.<\/option><option value=\"Yeni Hebritler\">Yeni Hebritler<\/option><option value=\"Yeni Kaledonya\">Yeni Kaledonya<\/option><option value=\"Yeni Zellanda\">Yeni Zellanda<\/option><option value=\"Yunanistan\">Yunanistan<\/option><\/select><\/span>\n<\/p>\n<p>Do\u011fum Yeri:\n<\/p>\n<p><span class=\"wpcf7-form-control-wrap\" data-name=\"DogumYeri\"><input size=\"40\" maxlength=\"400\" class=\"wpcf7-form-control wpcf7-text wpcf7-validates-as-required\" aria-required=\"true\" aria-invalid=\"false\" value=\"\" type=\"text\" name=\"DogumYeri\" \/><\/span>\n<\/p>\n<p>Do\u011fum Tarihi:\n<\/p>\n<p><span class=\"wpcf7-form-control-wrap\" data-name=\"DogumTarihi\"><input class=\"wpcf7-form-control wpcf7-date wpcf7-validates-as-required wpcf7-validates-as-date\" aria-required=\"true\" aria-invalid=\"false\" value=\"\" type=\"date\" name=\"DogumTarihi\" \/><\/span>\n<\/p>\n<p>\u0130kametgah Adresi:\n<\/p>\n<p><span class=\"wpcf7-form-control-wrap\" data-name=\"ikametgahAdresi\"><textarea cols=\"40\" rows=\"10\" maxlength=\"2000\" class=\"wpcf7-form-control wpcf7-textarea wpcf7-validates-as-required\" aria-required=\"true\" aria-invalid=\"false\" name=\"ikametgahAdresi\"><\/textarea><\/span>\n<\/p>\n<p>\u0130\u015f Adresi:\n<\/p>\n<p><span class=\"wpcf7-form-control-wrap\" data-name=\"isAdresi\"><textarea cols=\"40\" rows=\"10\" maxlength=\"2000\" class=\"wpcf7-form-control wpcf7-textarea wpcf7-validates-as-required\" aria-required=\"true\" aria-invalid=\"false\" name=\"isAdresi\"><\/textarea><\/span>\n<\/p>\n<p>Meslek:\n<\/p>\n<p><span class=\"wpcf7-form-control-wrap\" data-name=\"Meslek\"><input size=\"40\" maxlength=\"400\" class=\"wpcf7-form-control wpcf7-text wpcf7-validates-as-required\" aria-required=\"true\" aria-invalid=\"false\" value=\"\" type=\"text\" name=\"Meslek\" \/><\/span>\n<\/p>\n<p>Telefon Numaras\u0131:\n<\/p>\n<p><span class=\"wpcf7-form-control-wrap\" data-name=\"TelefonNumarasi\"><input size=\"40\" maxlength=\"400\" class=\"wpcf7-form-control wpcf7-tel wpcf7-validates-as-required wpcf7-text wpcf7-validates-as-tel\" aria-required=\"true\" aria-invalid=\"false\" value=\"\" type=\"tel\" name=\"TelefonNumarasi\" \/><\/span>\n<\/p>\n<p>Epostan\u0131z (gerekli)\n<\/p>\n<p><span class=\"wpcf7-form-control-wrap\" data-name=\"your-email\"><input size=\"40\" maxlength=\"400\" class=\"wpcf7-form-control wpcf7-email wpcf7-validates-as-required wpcf7-text wpcf7-validates-as-email\" aria-required=\"true\" aria-invalid=\"false\" value=\"\" type=\"email\" name=\"your-email\" \/><\/span>\n<\/p>\n<p>Ald\u0131\u011f\u0131 G\u00f6revler:\n<\/p>\n<p><span class=\"wpcf7-form-control-wrap\" data-name=\"Gorevler\"><input size=\"40\" maxlength=\"400\" class=\"wpcf7-form-control wpcf7-text wpcf7-validates-as-required\" aria-required=\"true\" aria-invalid=\"false\" value=\"\" type=\"text\" name=\"Gorevler\" \/><\/span>\n<\/p>\n<p>\u00dcnvan\u0131:\n<\/p>\n<p><span class=\"wpcf7-form-control-wrap\" data-name=\"Unvan\"><input size=\"40\" maxlength=\"400\" class=\"wpcf7-form-control wpcf7-text wpcf7-validates-as-required\" aria-required=\"true\" aria-invalid=\"false\" value=\"\" type=\"text\" name=\"Unvan\" \/><\/span>\n<\/p>\n<p>Ba\u015flay\u0131\u015f Tarihi:\n<\/p>\n<p><span class=\"wpcf7-form-control-wrap\" data-name=\"Btarihi\"><input class=\"wpcf7-form-control wpcf7-date wpcf7-validates-as-required wpcf7-validates-as-date\" aria-required=\"true\" aria-invalid=\"false\" value=\"\" type=\"date\" name=\"Btarihi\" \/><\/span>\n<\/p>\n<p>N\u00fcfuz C\u00fczdan No:\n<\/p>\n<p><span class=\"wpcf7-form-control-wrap\" data-name=\"Cno\"><input size=\"40\" maxlength=\"400\" class=\"wpcf7-form-control wpcf7-text wpcf7-validates-as-required\" aria-required=\"true\" aria-invalid=\"false\" value=\"\" type=\"text\" name=\"Cno\" \/><\/span>\n<\/p>\n<p>T.C. Kimlik Numaras\u0131:\n<\/p>\n<p><span class=\"wpcf7-form-control-wrap\" data-name=\"TCno\"><input class=\"wpcf7-form-control wpcf7-number wpcf7-validates-as-required wpcf7-validates-as-number\" aria-required=\"true\" aria-invalid=\"false\" value=\"\" type=\"number\" name=\"TCno\" \/><\/span>\n<\/p>\n<p>\u0130l:\n<\/p>\n<p><span class=\"wpcf7-form-control-wrap\" data-name=\"il\"><input size=\"40\" maxlength=\"400\" class=\"wpcf7-form-control wpcf7-text wpcf7-validates-as-required\" aria-required=\"true\" aria-invalid=\"false\" value=\"\" type=\"text\" name=\"il\" \/><\/span>\n<\/p>\n<p>\u0130l\u00e7e:\n<\/p>\n<p><span class=\"wpcf7-form-control-wrap\" data-name=\"ilce\"><input size=\"40\" maxlength=\"400\" class=\"wpcf7-form-control wpcf7-text wpcf7-validates-as-required\" aria-required=\"true\" aria-invalid=\"false\" value=\"\" type=\"text\" name=\"ilce\" \/><\/span>\n<\/p>\n<p>K\u00f6y - Mahalle:\n<\/p>\n<p><span class=\"wpcf7-form-control-wrap\" data-name=\"Koy\"><input size=\"40\" maxlength=\"400\" class=\"wpcf7-form-control wpcf7-text wpcf7-validates-as-required\" aria-required=\"true\" aria-invalid=\"false\" value=\"\" type=\"text\" name=\"Koy\" \/><\/span>\n<\/p>\n<p>Cilt No:\n<\/p>\n<p><span class=\"wpcf7-form-control-wrap\" data-name=\"CiltNo\"><input class=\"wpcf7-form-control wpcf7-number wpcf7-validates-as-required wpcf7-validates-as-number\" aria-required=\"true\" aria-invalid=\"false\" value=\"\" type=\"number\" name=\"CiltNo\" \/><\/span>\n<\/p>\n<p>Aile S\u0131ra No:\n<\/p>\n<p><span class=\"wpcf7-form-control-wrap\" data-name=\"SiraNo\"><input class=\"wpcf7-form-control wpcf7-number wpcf7-validates-as-required wpcf7-validates-as-number\" aria-required=\"true\" aria-invalid=\"false\" value=\"\" type=\"number\" name=\"SiraNo\" \/><\/span>\n<\/p>\n<p>Verildi\u011fi Yer:\n<\/p>\n<p><span class=\"wpcf7-form-control-wrap\" data-name=\"VerildigiYer\"><input size=\"40\" maxlength=\"400\" class=\"wpcf7-form-control wpcf7-text wpcf7-validates-as-required\" aria-required=\"true\" aria-invalid=\"false\" value=\"\" type=\"text\" name=\"VerildigiYer\" \/><\/span>\n<\/p>\n<p>Verili\u015f Tarihi:\n<\/p>\n<p><span class=\"wpcf7-form-control-wrap\" data-name=\"VerilisTarihi\"><input class=\"wpcf7-form-control wpcf7-date wpcf7-validates-as-required wpcf7-validates-as-date\" aria-required=\"true\" aria-invalid=\"false\" value=\"\" type=\"date\" name=\"VerilisTarihi\" \/><\/span>\n<\/p>\n<p>G\u00f6r\u00fc\u015f ve \u00d6nerileriniz:\n<\/p>\n<p><span class=\"wpcf7-form-control-wrap\" data-name=\"your-message\"><textarea cols=\"40\" rows=\"10\" maxlength=\"2000\" class=\"wpcf7-form-control wpcf7-textarea\" aria-invalid=\"false\" name=\"your-message\"><\/textarea><\/span>\n<\/p>\n<p>Foto\u011fraf G\u00f6ndermek i\u00e7in <span class=\"wpcf7-form-control-wrap\" data-name=\"Dosya\"><input size=\"40\" class=\"wpcf7-form-control wpcf7-file\" accept=\".jpg,.png,.pdf,.doc,.docx,.xls,.xlsx,.rtf\" aria-invalid=\"false\" type=\"file\" name=\"Dosya\" \/><\/span><br \/>\nMakbuz Dosyas\u0131n\u0131 G\u00f6ndermek i\u00e7in <span class=\"wpcf7-form-control-wrap\" data-name=\"DosyaMakbuz\"><input size=\"40\" class=\"wpcf7-form-control wpcf7-file\" accept=\".jpg,.png,.pdf,.doc,.docx,.xls,.xlsx,.rtf\" aria-invalid=\"false\" type=\"file\" name=\"DosyaMakbuz\" \/><\/span>\n<\/p>\n<p><input class=\"wpcf7-form-control wpcf7-submit has-spinner\" type=\"submit\" value=\"G\u00f6nder\" \/>\n<\/p><p style=\"display: none !important;\" class=\"akismet-fields-container\" data-prefix=\"_wpcf7_ak_\"><label>&#916;<textarea name=\"_wpcf7_ak_hp_textarea\" cols=\"45\" rows=\"8\" maxlength=\"100\"><\/textarea><\/label><input type=\"hidden\" id=\"ak_js_1\" name=\"_wpcf7_ak_js\" value=\"243\"\/><script>\ndocument.getElementById( \"ak_js_1\" ).setAttribute( \"value\", ( new Date() ).getTime() );\n<\/script>\n<\/p><div class=\"wpcf7-response-output\" aria-hidden=\"true\"><\/div>\n<\/form>\n<\/div>\n\n<p>Derne\u011fimize \u00fcye olmak isteyenlerin;<\/p>\n<ol>\n<li>1 adet vesikal\u0131k foto\u011fraf\u0131 sisteme y\u00fcklemeleri,<\/li>\n<li>Dernek aidat\u0131 olan 250 TL\u2019yi T\u00fcrkiye \u0130\u015f Bankas\u0131, Gazi Mahallesi \u015eubesi, Farmas\u00f6tik Bilimler Ankara Derne\u011fi&#8217;nin 4286-01434 No\u2019lu (IBAN No:\u00a0\u00a0TR10 0006 4000 0014 2860 2014 34) hesab\u0131na yat\u0131rarak dekontu sisteme y\u00fcklemeleri,<\/li>\n<li>Yukar\u0131daki formu doldurup sistemden g\u00f6ndermeleri rica olunur.<\/li>\n<\/ol>\n","protected":false},"excerpt":{"rendered":"<p>Derne\u011fimize \u00fcye olmak isteyenlerin; 1 adet vesikal\u0131k foto\u011fraf\u0131 sisteme y\u00fcklemeleri, Dernek aidat\u0131 olan 250 TL\u2019yi T\u00fcrkiye \u0130\u015f Bankas\u0131, Gazi Mahallesi \u015eubesi, Farmas\u00f6tik Bilimler Ankara Derne\u011fi&#8217;nin 4286-01434 No\u2019lu (IBAN No:\u00a0\u00a0TR10 0006 4000 0014 2860 2014&#46;&#46;&#46;<\/p>\n","protected":false},"author":1,"featured_media":0,"parent":0,"menu_order":0,"comment_status":"closed","ping_status":"closed","template":"","meta":{"_uag_custom_page_level_css":"","footnotes":""},"class_list":["post-37","page","type-page","status-publish","hentry"],"uagb_featured_image_src":{"full":false,"thumbnail":false,"medium":false,"medium_large":false,"large":false,"1536x1536":false,"2048x2048":false,"thumb-small":false,"thumb-standard":false,"thumb-medium":false,"thumb-large":false,"thumb-xlarge":false,"thumb-xxlarge":false},"uagb_author_info":{"display_name":"Admin","author_link":"https:\/\/www.fabad.org.tr\/en\/author\/admin\/"},"uagb_comment_info":0,"uagb_excerpt":"Derne\u011fimize \u00fcye olmak isteyenlerin; 1 adet vesikal\u0131k foto\u011fraf\u0131 sisteme y\u00fcklemeleri, Dernek aidat\u0131 olan 250 TL\u2019yi T\u00fcrkiye \u0130\u015f Bankas\u0131, Gazi Mahallesi \u015eubesi, Farmas\u00f6tik Bilimler Ankara Derne\u011fi&#8217;nin 4286-01434 No\u2019lu (IBAN No:\u00a0\u00a0TR10 0006 4000 0014 2860 2014&#46;&#46;&#46;","_links":{"self":[{"href":"https:\/\/www.fabad.org.tr\/en\/wp-json\/wp\/v2\/pages\/37","targetHints":{"allow":["GET"]}}],"collection":[{"href":"https:\/\/www.fabad.org.tr\/en\/wp-json\/wp\/v2\/pages"}],"about":[{"href":"https:\/\/www.fabad.org.tr\/en\/wp-json\/wp\/v2\/types\/page"}],"author":[{"embeddable":true,"href":"https:\/\/www.fabad.org.tr\/en\/wp-json\/wp\/v2\/users\/1"}],"replies":[{"embeddable":true,"href":"https:\/\/www.fabad.org.tr\/en\/wp-json\/wp\/v2\/comments?post=37"}],"version-history":[{"count":3,"href":"https:\/\/www.fabad.org.tr\/en\/wp-json\/wp\/v2\/pages\/37\/revisions"}],"predecessor-version":[{"id":1932,"href":"https:\/\/www.fabad.org.tr\/en\/wp-json\/wp\/v2\/pages\/37\/revisions\/1932"}],"wp:attachment":[{"href":"https:\/\/www.fabad.org.tr\/en\/wp-json\/wp\/v2\/media?parent=37"}],"curies":[{"name":"wp","href":"https:\/\/api.w.org\/{rel}","templated":true}]}}