{"id":25,"date":"2015-02-17T14:21:52","date_gmt":"2015-02-17T14:21:52","guid":{"rendered":"http:\/\/fabad.org.tr\/taslak\/?page_id=25"},"modified":"2026-04-07T16:28:37","modified_gmt":"2026-04-07T13:28:37","slug":"iletisim","status":"publish","type":"page","link":"https:\/\/www.fabad.org.tr\/en\/iletisim\/","title":{"rendered":"Contact"},"content":{"rendered":"<p style=\"text-align: center;\">Sevgi YARDIM, Prof.<br \/>\n<strong>Ba\u015fkan<\/strong><br \/>\nGazi \u00dcniversitesi, Eczac\u0131l\u0131k Fak\u00fcltesi,<br \/>\nBiyokimya Anabilim Dal\u0131,<br \/>\n06330- Etiler-Ankara T\u00dcRK\u0130YE<\/p>\n<p style=\"text-align: center;\"><strong>Tel :<\/strong>+ 90-312-2023155<br \/>\n<strong>E-posta :<\/strong>\u00a0<a href=\"mailto:sevgiy@gazi.edu.tr\">sevgiy@gazi.edu.tr<\/a><\/p>\n\n<div class=\"wpcf7 no-js\" id=\"wpcf7-f33-o1\" lang=\"tr-TR\" dir=\"ltr\" data-wpcf7-id=\"33\">\n<div class=\"screen-reader-response\"><p role=\"status\" aria-live=\"polite\" aria-atomic=\"true\"><\/p> <ul><\/ul><\/div>\n<form action=\"\/en\/wp-json\/wp\/v2\/pages\/25#wpcf7-f33-o1\" method=\"post\" class=\"wpcf7-form init\" aria-label=\"\u0130leti\u015fim Formu\" novalidate=\"novalidate\" data-status=\"init\">\n<fieldset class=\"hidden-fields-container\"><input type=\"hidden\" name=\"_wpcf7\" value=\"33\" \/><input type=\"hidden\" name=\"_wpcf7_version\" value=\"6.1.5\" \/><input type=\"hidden\" name=\"_wpcf7_locale\" value=\"tr_TR\" \/><input type=\"hidden\" name=\"_wpcf7_unit_tag\" value=\"wpcf7-f33-o1\" \/><input type=\"hidden\" name=\"_wpcf7_container_post\" value=\"0\" \/><input type=\"hidden\" name=\"_wpcf7_posted_data_hash\" value=\"\" \/><input type=\"hidden\" name=\"_wpcf7_recaptcha_response\" value=\"\" \/>\n<\/fieldset>\n<p>Ad\u0131n\u0131z (gerekli)\n<\/p>\n<p><span class=\"wpcf7-form-control-wrap\" data-name=\"your-name\"><input size=\"40\" maxlength=\"400\" class=\"wpcf7-form-control wpcf7-text wpcf7-validates-as-required\" aria-required=\"true\" aria-invalid=\"false\" value=\"\" type=\"text\" name=\"your-name\" \/><\/span>\n<\/p>\n<p>Epostan\u0131z (gerekli)\n<\/p>\n<p><span class=\"wpcf7-form-control-wrap\" data-name=\"your-email\"><input size=\"40\" maxlength=\"400\" class=\"wpcf7-form-control wpcf7-email wpcf7-validates-as-required wpcf7-text wpcf7-validates-as-email\" aria-required=\"true\" aria-invalid=\"false\" value=\"\" type=\"email\" name=\"your-email\" \/><\/span>\n<\/p>\n<p>Konu\n<\/p>\n<p><span class=\"wpcf7-form-control-wrap\" data-name=\"your-subject\"><input size=\"40\" maxlength=\"400\" class=\"wpcf7-form-control wpcf7-text wpcf7-validates-as-required\" aria-required=\"true\" aria-invalid=\"false\" value=\"\" type=\"text\" name=\"your-subject\" \/><\/span>\n<\/p>\n<p>\u0130letiniz<br \/>\n<span class=\"wpcf7-form-control-wrap\" data-name=\"your-message\"><textarea cols=\"40\" rows=\"10\" maxlength=\"2000\" class=\"wpcf7-form-control wpcf7-textarea\" aria-invalid=\"false\" name=\"your-message\"><\/textarea><\/span>\n<\/p>\n<p> Resimi kutu\u00e7u\u011fa yaz\u0131n\u0131z<br \/>\n<span class=\"wpcf7-form-control-wrap\" data-name=\"captcha-177\"><input size=\"40\" class=\"wpcf7-form-control wpcf7-captchar\" autocomplete=\"off\" aria-invalid=\"false\" value=\"\" type=\"text\" name=\"captcha-177\" \/><\/span><input type=\"hidden\" name=\"_wpcf7_captcha_challenge_captcha-177\" value=\"444098045\" \/><img loading=\"lazy\" decoding=\"async\" class=\"wpcf7-form-control wpcf7-captchac wpcf7-captcha-captcha-177\" width=\"72\" height=\"24\" alt=\"captcha\" src=\"https:\/\/www.fabad.org.tr\/wp-content\/uploads\/wpcf7_captcha\/444098045.png\" \/>\n<\/p>\n<p><input class=\"wpcf7-form-control wpcf7-submit has-spinner\" type=\"submit\" value=\"G\u00f6nder\" \/>\n<\/p><p style=\"display: none !important;\" class=\"akismet-fields-container\" data-prefix=\"_wpcf7_ak_\"><label>&#916;<textarea name=\"_wpcf7_ak_hp_textarea\" cols=\"45\" rows=\"8\" maxlength=\"100\"><\/textarea><\/label><input type=\"hidden\" id=\"ak_js_1\" name=\"_wpcf7_ak_js\" value=\"157\"\/><script>\ndocument.getElementById( \"ak_js_1\" ).setAttribute( \"value\", ( new Date() ).getTime() );\n<\/script>\n<\/p><div class=\"wpcf7-response-output\" aria-hidden=\"true\"><\/div>\n<\/form>\n<\/div>\n\n","protected":false},"excerpt":{"rendered":"<p>Sevgi YARDIM, Prof. Ba\u015fkan Gazi \u00dcniversitesi, Eczac\u0131l\u0131k Fak\u00fcltesi, Biyokimya Anabilim Dal\u0131, 06330- Etiler-Ankara T\u00dcRK\u0130YE Tel :+ 90-312-2023155 E-posta :\u00a0sevgiy@gazi.edu.tr<\/p>\n","protected":false},"author":1,"featured_media":0,"parent":0,"menu_order":0,"comment_status":"closed","ping_status":"closed","template":"","meta":{"_uag_custom_page_level_css":"","footnotes":""},"class_list":["post-25","page","type-page","status-publish","hentry"],"uagb_featured_image_src":{"full":false,"thumbnail":false,"medium":false,"medium_large":false,"large":false,"1536x1536":false,"2048x2048":false,"thumb-small":false,"thumb-standard":false,"thumb-medium":false,"thumb-large":false,"thumb-xlarge":false,"thumb-xxlarge":false},"uagb_author_info":{"display_name":"Admin","author_link":"https:\/\/www.fabad.org.tr\/en\/author\/admin\/"},"uagb_comment_info":0,"uagb_excerpt":"Sevgi YARDIM, Prof. Ba\u015fkan Gazi \u00dcniversitesi, Eczac\u0131l\u0131k Fak\u00fcltesi, Biyokimya Anabilim Dal\u0131, 06330- Etiler-Ankara T\u00dcRK\u0130YE Tel :+ 90-312-2023155 E-posta :\u00a0sevgiy@gazi.edu.tr","_links":{"self":[{"href":"https:\/\/www.fabad.org.tr\/en\/wp-json\/wp\/v2\/pages\/25","targetHints":{"allow":["GET"]}}],"collection":[{"href":"https:\/\/www.fabad.org.tr\/en\/wp-json\/wp\/v2\/pages"}],"about":[{"href":"https:\/\/www.fabad.org.tr\/en\/wp-json\/wp\/v2\/types\/page"}],"author":[{"embeddable":true,"href":"https:\/\/www.fabad.org.tr\/en\/wp-json\/wp\/v2\/users\/1"}],"replies":[{"embeddable":true,"href":"https:\/\/www.fabad.org.tr\/en\/wp-json\/wp\/v2\/comments?post=25"}],"version-history":[{"count":3,"href":"https:\/\/www.fabad.org.tr\/en\/wp-json\/wp\/v2\/pages\/25\/revisions"}],"predecessor-version":[{"id":1935,"href":"https:\/\/www.fabad.org.tr\/en\/wp-json\/wp\/v2\/pages\/25\/revisions\/1935"}],"wp:attachment":[{"href":"https:\/\/www.fabad.org.tr\/en\/wp-json\/wp\/v2\/media?parent=25"}],"curies":[{"name":"wp","href":"https:\/\/api.w.org\/{rel}","templated":true}]}}