{"id":236,"date":"2015-03-12T17:54:38","date_gmt":"2015-03-12T15:54:38","guid":{"rendered":"http:\/\/www.fabad.org.tr\/taslak\/?page_id=236"},"modified":"2016-12-31T10:58:19","modified_gmt":"2016-12-31T08:58:19","slug":"diger","status":"publish","type":"page","link":"https:\/\/www.fabad.org.tr\/en\/uye-listesi\/diger\/","title":{"rendered":"D\u0130\u011eER"},"content":{"rendered":"<table width=\"348\">\n<tbody>\n<tr>\n<td width=\"217\"><strong>\u0130sim<\/strong><\/td>\n<td width=\"131\"><strong>E-Mail<\/strong><\/td>\n<\/tr>\n<tr>\n<td>Prof. Dr. A.Nur ONAR<\/td>\n<td><\/td>\n<\/tr>\n<tr>\n<td>Prof. Dr. Aysen KARAN<\/td>\n<td><\/td>\n<\/tr>\n<tr>\n<td>Prof. Dr. Bilge G\u00d6N\u00dcL<\/td>\n<td><\/td>\n<\/tr>\n<tr>\n<td>Prof. Dr. Candan BOZOK<\/td>\n<td><\/td>\n<\/tr>\n<tr>\n<td>Prof. Dr. \u00c7imen KARASU<\/td>\n<td><\/td>\n<\/tr>\n<tr>\n<td>Prof. Dr. Enver \u0130ZG\u00dc<\/td>\n<td><\/td>\n<\/tr>\n<tr>\n<td>Prof. Dr. G\u00fclendam T\u00dcMEN<\/td>\n<td><\/td>\n<\/tr>\n<tr>\n<td>Prof. Dr. G\u00fcnsel ALPMEN<\/td>\n<td><\/td>\n<\/tr>\n<tr>\n<td>Prof. Dr. Kevser EROL<\/td>\n<td><\/td>\n<\/tr>\n<tr>\n<td>Prof. Dr. Mamed Mustafaeva<\/td>\n<td><\/td>\n<\/tr>\n<tr>\n<td>Prof. Dr. Mekin TANKER<\/td>\n<td><\/td>\n<\/tr>\n<tr>\n<td>Prof. Dr. Menem\u015fe K\u0130REM\u0130T\u00c7\u0130<\/td>\n<td><\/td>\n<\/tr>\n<tr>\n<td>Prof. Dr. Nedret KILI\u00c7<\/td>\n<td><\/td>\n<\/tr>\n<tr>\n<td>Prof. Dr. Ne\u015fe TUNCEL<\/td>\n<td><\/td>\n<\/tr>\n<tr>\n<td>Prof. Dr. Nevin TANKER<\/td>\n<td><\/td>\n<\/tr>\n<tr>\n<td>Prof. Dr. Nilg\u00fcn ALTAN<\/td>\n<td><\/td>\n<\/tr>\n<tr>\n<td>Prof. Dr. Selma Y\u00d6R\u00dcKAN<\/td>\n<td><\/td>\n<\/tr>\n<tr>\n<td>Prof. Dr. S\u00fcheyla Ka\u015f<\/td>\n<td><\/td>\n<\/tr>\n<tr>\n<td>Prof. Dr. S\u00fcheyla KA\u015e<\/td>\n<td><\/td>\n<\/tr>\n<tr>\n<td>Prof. Dr. \u015e\u00fckran GE\u00c7G\u0130L<\/td>\n<td><\/td>\n<\/tr>\n<tr>\n<td>Prof. Dr. Tuncay DEM\u0130RY\u00dcREK<\/td>\n<td><\/td>\n<\/tr>\n<tr>\n<td>Prof. Dr. T\u00fclin S\u00d6YLEMEZO\u011eLU<\/td>\n<td><\/td>\n<\/tr>\n<tr>\n<td>Do\u00e7. Dr. Orhan VA\u0130ZO\u011eLU<\/td>\n<td><\/td>\n<\/tr>\n<tr>\n<td>Yrd. Do\u00e7. Dr. Emre \u00c7ULLU<\/td>\n<td><\/td>\n<\/tr>\n<tr>\n<td>Yrd. Do\u00e7. Dr. Filiz Ar\u0131<\/td>\n<td><\/td>\n<\/tr>\n<tr>\n<td>Yrd. Do\u00e7. Dr. Nurg\u00fcn ERDEMO\u011eLU<\/td>\n<td><\/td>\n<\/tr>\n<tr>\n<td>Yrd. Do\u00e7. Dr. \u00d6zge UZUN<\/td>\n<td><\/td>\n<\/tr>\n<tr>\n<td>Dr. Ecz. Ali T\u00dcRKYILMAZ<\/td>\n<td><\/td>\n<\/tr>\n<tr>\n<td>Dr. Ecz. F\u00fcsun YET\u0130MO\u011eLU<\/td>\n<td><\/td>\n<\/tr>\n<tr>\n<td>Dr. Ecz. G\u00f6n\u00fcl \u00dcST\u00dcN<\/td>\n<td><\/td>\n<\/tr>\n<tr>\n<td>Dr. Ecz. Handan SELEK<\/td>\n<td><\/td>\n<\/tr>\n<tr>\n<td>Dr. Ecz. \u0130smail \u0130STANBULLU<\/td>\n<td><\/td>\n<\/tr>\n<tr>\n<td>Dr. Ecz. Muharrem \u00d6L\u00c7ER<\/td>\n<td><\/td>\n<\/tr>\n<tr>\n<td>Dr. Ecz. Nesrin ALTU\u011e<\/td>\n<td><\/td>\n<\/tr>\n<tr>\n<td>Dr. Ecz. P\u0131nar BULUT<\/td>\n<td><\/td>\n<\/tr>\n<tr>\n<td>Dr. Ecz. Saniye G\u00dcLHAN<\/td>\n<td><\/td>\n<\/tr>\n<tr>\n<td>Dr. Ecz. \u015eefika ORDU<\/td>\n<td><\/td>\n<\/tr>\n<tr>\n<td>Dr. Ecz. \u00dclk\u00fc G\u00dcNG\u00d6R<\/td>\n<td><\/td>\n<\/tr>\n<tr>\n<td>Dr. Ecz. Yekta SAMATLI<\/td>\n<td><\/td>\n<\/tr>\n<tr>\n<td>Dr. Ecz. Y\u0131ld\u0131z \u00d6ZALP<\/td>\n<td><\/td>\n<\/tr>\n<tr>\n<td>Dr. Ecz. Zekeriya KIZIL<\/td>\n<td><\/td>\n<\/tr>\n<tr>\n<td>Dr. Ak\u0131n \u00c7ubuk\u00e7u<\/td>\n<td><\/td>\n<\/tr>\n<tr>\n<td>Dr. Ekmel Olcay<\/td>\n<td><\/td>\n<\/tr>\n<tr>\n<td>Uzm. Ecz. Abdullah USLU<\/td>\n<td><\/td>\n<\/tr>\n<tr>\n<td>Uzm. Ecz. Ahmet AYDINLI<\/td>\n<td><\/td>\n<\/tr>\n<tr>\n<td>Uzm. Ecz. Asuman EVC\u0130N<\/td>\n<td><\/td>\n<\/tr>\n<tr>\n<td>Uzm. Ecz. Bet\u00fcl DABAK<\/td>\n<td><\/td>\n<\/tr>\n<tr>\n<td>Uzm. Ecz. Bora YA\u011eIZATLI<\/td>\n<td><\/td>\n<\/tr>\n<tr>\n<td>Uzm. Ecz. Caner Eryol<\/td>\n<td><\/td>\n<\/tr>\n<tr>\n<td>Uzm. Ecz. \u00c7etin Ta\u015f<\/td>\n<td><\/td>\n<\/tr>\n<tr>\n<td>Uzm. Ecz. Ebru Cumbul<\/td>\n<td><\/td>\n<\/tr>\n<tr>\n<td>Uzm. Ecz. G\u00fcler \u00dcNL\u00dc<\/td>\n<td><\/td>\n<\/tr>\n<tr>\n<td>Uzm. Ecz. \u0130. Ethem ATAK<\/td>\n<td><\/td>\n<\/tr>\n<tr>\n<td>Uzm. Ecz. \u0130lknur Y\u00dcKSEL<\/td>\n<td><\/td>\n<\/tr>\n<tr>\n<td>Uzm. Ecz. J\u00fclide \u015eAH\u0130N<\/td>\n<td><\/td>\n<\/tr>\n<tr>\n<td>Uzm. Ecz. Kudret Dil\u015fat BARUT<\/td>\n<td><\/td>\n<\/tr>\n<tr>\n<td>Uzm. Ecz. Levent \u00dcNVER<\/td>\n<td><\/td>\n<\/tr>\n<tr>\n<td>Uzm. Ecz. M. Ahmet \u015eENCAN<\/td>\n<td><\/td>\n<\/tr>\n<tr>\n<td>Uzm. Ecz. Mebrure \u00d6ZCAN<\/td>\n<td><\/td>\n<\/tr>\n<tr>\n<td>Uzm. Ecz. Melek YALIN<\/td>\n<td><\/td>\n<\/tr>\n<tr>\n<td>Uzm. Ecz. Metin \u0130\u015eCANO\u011eLU<\/td>\n<td><\/td>\n<\/tr>\n<tr>\n<td>Uzm. Ecz. Mustafa MEHMET<\/td>\n<td><\/td>\n<\/tr>\n<tr>\n<td>Uzm. Ecz. M\u00fcge TA\u015eKIN<\/td>\n<td><\/td>\n<\/tr>\n<tr>\n<td>Uzm. Ecz. \u00d6zgen CO\u015eKUN<\/td>\n<td><\/td>\n<\/tr>\n<tr>\n<td>Uzm. Ecz. \u00d6zlem KI\u015eLAL<\/td>\n<td><\/td>\n<\/tr>\n<tr>\n<td>Uzm. Ecz. S.Tolga DO\u011eRU<\/td>\n<td><\/td>\n<\/tr>\n<tr>\n<td>Uzm. Ecz. Sermin B\u0130\u00c7ER<\/td>\n<td><\/td>\n<\/tr>\n<tr>\n<td>Uzm. Ecz. Seyhan G\u00d6K<\/td>\n<td><\/td>\n<\/tr>\n<tr>\n<td>Uzm. Ecz. \u00dcmran B\u00dcY\u00dcKKA\u011eNICI<\/td>\n<td><\/td>\n<\/tr>\n<tr>\n<td>Uzm. Ecz. Zehra \u0130lknur PARLATAN<\/td>\n<td><\/td>\n<\/tr>\n<tr>\n<td>Ecz. Ahu G\u00dcNEY<\/td>\n<td><\/td>\n<\/tr>\n<tr>\n<td>Ecz. Ali Fuat G\u00dcLE\u00c7<\/td>\n<td><\/td>\n<\/tr>\n<tr>\n<td>Ecz. Ali KIZILER<\/td>\n<td><\/td>\n<\/tr>\n<tr>\n<td>Ecz. Ali \u00dcnsal KESK\u0130NER<\/td>\n<td><\/td>\n<\/tr>\n<tr>\n<td>Ecz. Arif SARIYILDIZ<\/td>\n<td><\/td>\n<\/tr>\n<tr>\n<td>Ecz. Arif TAMA\u00c7<\/td>\n<td><\/td>\n<\/tr>\n<tr>\n<td>Ecz. Asuman Akg\u00fcn<\/td>\n<td><\/td>\n<\/tr>\n<tr>\n<td>Ecz. Atilla SER\u0130MER<\/td>\n<td><\/td>\n<\/tr>\n<tr>\n<td>Ecz. Ayla MET\u0130N<\/td>\n<td><\/td>\n<\/tr>\n<tr>\n<td>Ecz. Aylin SENKOYLU<\/td>\n<td><\/td>\n<\/tr>\n<tr>\n<td>Ecz. Ay\u015feg\u00fcl YAZO\u011eLU<\/td>\n<td><\/td>\n<\/tr>\n<tr>\n<td>Ecz. Ay\u015fen OKMAN<\/td>\n<td><\/td>\n<\/tr>\n<tr>\n<td>Ecz. Belk\u0131s Beng\u00fc \u00c7ift\u00e7i<\/td>\n<td><\/td>\n<\/tr>\n<tr>\n<td>Ecz. Bengi ASAL<\/td>\n<td><\/td>\n<\/tr>\n<tr>\n<td>Ecz. Birsel Can SUBA\u015eI<\/td>\n<td><\/td>\n<\/tr>\n<tr>\n<td>Ecz. Burhan UZUNO\u011eLU<\/td>\n<td><\/td>\n<\/tr>\n<tr>\n<td>Ecz. Deniz EKER<\/td>\n<td><\/td>\n<\/tr>\n<tr>\n<td>Ecz. Dilek ATABEY<\/td>\n<td><\/td>\n<\/tr>\n<tr>\n<td>Ecz. Erdo\u011fan \u00d6ZKAL<\/td>\n<td><\/td>\n<\/tr>\n<tr>\n<td>Ecz. Erhan UZUNDEDE<\/td>\n<td><\/td>\n<\/tr>\n<tr>\n<td>Ecz. Esin G\u00d6K\u00c7E<\/td>\n<td><\/td>\n<\/tr>\n<tr>\n<td>Ecz. Esin \u00d6ZMENER<\/td>\n<td><\/td>\n<\/tr>\n<tr>\n<td>Ecz. Esin UZUN<\/td>\n<td><\/td>\n<\/tr>\n<tr>\n<td>Ecz. Faruk ERDEN<\/td>\n<td><\/td>\n<\/tr>\n<tr>\n<td>Ecz. G\u00fclay\u015fe G\u00dcM\u00dc\u015eTA\u015e<\/td>\n<td><\/td>\n<\/tr>\n<tr>\n<td>Ecz. G\u00fclnur KORAN<\/td>\n<td><\/td>\n<\/tr>\n<tr>\n<td>Ecz. H\u00fclya BERKOL<\/td>\n<td><\/td>\n<\/tr>\n<tr>\n<td>Ecz. H\u00fclya G\u00dcMR\u00dcK\u00c7\u00dcO\u011eL<\/td>\n<td><\/td>\n<\/tr>\n<tr>\n<td>Ecz. \u0130nci G\u00d6KALP<\/td>\n<td><\/td>\n<\/tr>\n<tr>\n<td>Ecz. Kamil K\u00d6SE<\/td>\n<td><\/td>\n<\/tr>\n<tr>\n<td>Ecz. M. Cengiz KARAOSMANO\u011eLU<\/td>\n<td><\/td>\n<\/tr>\n<tr>\n<td>Ecz. Mehmet Doma\u00e7<\/td>\n<td><\/td>\n<\/tr>\n<tr>\n<td>Ecz. Necla \u0130nce<\/td>\n<td><\/td>\n<\/tr>\n<tr>\n<td>Ecz. Nurten ZEYBEK<\/td>\n<td><\/td>\n<\/tr>\n<tr>\n<td>Ecz. \u00d6nder Mutlu Din\u00e7say<\/td>\n<td><\/td>\n<\/tr>\n<tr>\n<td>Ecz. Saadet AKG\u00dcNE\u015e<\/td>\n<td><\/td>\n<\/tr>\n<tr>\n<td>Ecz. Sadi SUBA\u015eI<\/td>\n<td><\/td>\n<\/tr>\n<tr>\n<td>Ecz. Seda SEVER<\/td>\n<td><\/td>\n<\/tr>\n<tr>\n<td>Ecz. Sefa K\u00d6RAN<\/td>\n<td><\/td>\n<\/tr>\n<tr>\n<td>Ecz. Varol PAPU\u00c7CUOGLU<\/td>\n<td><\/td>\n<\/tr>\n<tr>\n<td>Ecz. Y\u0131lmaz MANAV<\/td>\n<td><\/td>\n<\/tr>\n<tr>\n<td>Figen \u015eAMDANCI<\/td>\n<td><\/td>\n<\/tr>\n<tr>\n<td>F\u00fcsun Deniz<\/td>\n<td><\/td>\n<\/tr>\n<tr>\n<td>G\u00fcler \u00d6Z\u00c7EL\u0130K<\/td>\n<td><\/td>\n<\/tr>\n<tr>\n<td>G\u00fclnar SONBA\u011e<\/td>\n<td><\/td>\n<\/tr>\n<tr>\n<td>Kadir \u00d6za\u011f<\/td>\n<td><\/td>\n<\/tr>\n<tr>\n<td>Kim. M\u00fch. \u00dcmit \u00c7ifter<\/td>\n<td><\/td>\n<\/tr>\n<tr>\n<td>Meliha BERK<\/td>\n<td><\/td>\n<\/tr>\n<tr>\n<td>Murat Barlas<\/td>\n<td><\/td>\n<\/tr>\n<tr>\n<td>Nilg\u00fcn \u015e\u0130M\u015eEK<\/td>\n<td><\/td>\n<\/tr>\n<tr>\n<td>Nuray Kaplan<\/td>\n<td><\/td>\n<\/tr>\n<tr>\n<td>Oktay Tulpar<\/td>\n<td><\/td>\n<\/tr>\n<tr>\n<td>Orhan KALAA\u011eAO\u011eLU<\/td>\n<td><\/td>\n<\/tr>\n<tr>\n<td>Sema S\u00fcmer<\/td>\n<td><\/td>\n<\/tr>\n<tr>\n<td>Semiha \u015eent\u00fcrk<\/td>\n<td><\/td>\n<\/tr>\n<tr>\n<td>Serdar S\u00f6zen<\/td>\n<td><\/td>\n<\/tr>\n<tr>\n<td>\u015eenay Bing\u00f6l<\/td>\n<td><\/td>\n<\/tr>\n<tr>\n<td>U\u011fur Tepe<\/td>\n<td><\/td>\n<\/tr>\n<\/tbody>\n<\/table>\n<p>&nbsp;<\/p>\n","protected":false},"excerpt":{"rendered":"<p>\u0130sim E-Mail Prof. Dr. A.Nur ONAR Prof. Dr. Aysen KARAN Prof. Dr. Bilge G\u00d6N\u00dcL Prof. Dr. Candan BOZOK Prof. Dr. \u00c7imen KARASU Prof. Dr. Enver \u0130ZG\u00dc Prof. Dr. G\u00fclendam T\u00dcMEN Prof. Dr. G\u00fcnsel ALPMEN&#46;&#46;&#46;<\/p>\n","protected":false},"author":1,"featured_media":0,"parent":82,"menu_order":0,"comment_status":"closed","ping_status":"closed","template":"","meta":{"_uag_custom_page_level_css":"","footnotes":""},"class_list":["post-236","page","type-page","status-publish","hentry"],"uagb_featured_image_src":{"full":false,"thumbnail":false,"medium":false,"medium_large":false,"large":false,"1536x1536":false,"2048x2048":false,"thumb-small":false,"thumb-standard":false,"thumb-medium":false,"thumb-large":false,"thumb-xlarge":false,"thumb-xxlarge":false},"uagb_author_info":{"display_name":"Admin","author_link":"https:\/\/www.fabad.org.tr\/en\/author\/admin\/"},"uagb_comment_info":0,"uagb_excerpt":"\u0130sim E-Mail Prof. Dr. A.Nur ONAR Prof. Dr. Aysen KARAN Prof. Dr. Bilge G\u00d6N\u00dcL Prof. Dr. Candan BOZOK Prof. Dr. \u00c7imen KARASU Prof. Dr. Enver \u0130ZG\u00dc Prof. Dr. G\u00fclendam T\u00dcMEN Prof. Dr. G\u00fcnsel ALPMEN&#46;&#46;&#46;","_links":{"self":[{"href":"https:\/\/www.fabad.org.tr\/en\/wp-json\/wp\/v2\/pages\/236","targetHints":{"allow":["GET"]}}],"collection":[{"href":"https:\/\/www.fabad.org.tr\/en\/wp-json\/wp\/v2\/pages"}],"about":[{"href":"https:\/\/www.fabad.org.tr\/en\/wp-json\/wp\/v2\/types\/page"}],"author":[{"embeddable":true,"href":"https:\/\/www.fabad.org.tr\/en\/wp-json\/wp\/v2\/users\/1"}],"replies":[{"embeddable":true,"href":"https:\/\/www.fabad.org.tr\/en\/wp-json\/wp\/v2\/comments?post=236"}],"version-history":[{"count":0,"href":"https:\/\/www.fabad.org.tr\/en\/wp-json\/wp\/v2\/pages\/236\/revisions"}],"up":[{"embeddable":true,"href":"https:\/\/www.fabad.org.tr\/en\/wp-json\/wp\/v2\/pages\/82"}],"wp:attachment":[{"href":"https:\/\/www.fabad.org.tr\/en\/wp-json\/wp\/v2\/media?parent=236"}],"curies":[{"name":"wp","href":"https:\/\/api.w.org\/{rel}","templated":true}]}}