{"id":234,"date":"2015-03-12T17:53:11","date_gmt":"2015-03-12T15:53:11","guid":{"rendered":"http:\/\/www.fabad.org.tr\/taslak\/?page_id=234"},"modified":"2016-12-21T14:16:31","modified_gmt":"2016-12-21T12:16:31","slug":"yeditepe-universitesi-eczacilik-fakultesi","status":"publish","type":"page","link":"https:\/\/www.fabad.org.tr\/en\/uye-listesi\/yeditepe-universitesi-eczacilik-fakultesi\/","title":{"rendered":"YED\u0130TEPE \u00dcN\u0130VERS\u0130TES\u0130 ECZACILIK FAK\u00dcLTES\u0130"},"content":{"rendered":"<p><\/p>\n<table>\n<tbody>\n<tr>\n<td><strong>\u0130sim<\/strong><\/td>\n<td><strong>E-Mail<\/strong><\/td>\n<\/tr>\n<tr>\n<td>Prof. Dr. Meri\u00e7 K\u00d6KSAL AKKO\u00c7<\/td>\n<td><\/td>\n<\/tr>\n<\/tbody>\n<\/table>\n<p><\/p>","protected":false},"excerpt":{"rendered":"<p>\u0130sim E-Mail Prof. Dr. Meri\u00e7 K\u00d6KSAL AKKO\u00c7<\/p>\n","protected":false},"author":1,"featured_media":0,"parent":82,"menu_order":0,"comment_status":"closed","ping_status":"closed","template":"","meta":{"_uag_custom_page_level_css":"","footnotes":""},"class_list":["post-234","page","type-page","status-publish","hentry"],"uagb_featured_image_src":{"full":false,"thumbnail":false,"medium":false,"medium_large":false,"large":false,"1536x1536":false,"2048x2048":false,"thumb-small":false,"thumb-standard":false,"thumb-medium":false,"thumb-large":false,"thumb-xlarge":false,"thumb-xxlarge":false},"uagb_author_info":{"display_name":"Admin","author_link":"https:\/\/www.fabad.org.tr\/en\/author\/admin\/"},"uagb_comment_info":0,"uagb_excerpt":"\u0130sim E-Mail Prof. Dr. Meri\u00e7 K\u00d6KSAL AKKO\u00c7","_links":{"self":[{"href":"https:\/\/www.fabad.org.tr\/en\/wp-json\/wp\/v2\/pages\/234","targetHints":{"allow":["GET"]}}],"collection":[{"href":"https:\/\/www.fabad.org.tr\/en\/wp-json\/wp\/v2\/pages"}],"about":[{"href":"https:\/\/www.fabad.org.tr\/en\/wp-json\/wp\/v2\/types\/page"}],"author":[{"embeddable":true,"href":"https:\/\/www.fabad.org.tr\/en\/wp-json\/wp\/v2\/users\/1"}],"replies":[{"embeddable":true,"href":"https:\/\/www.fabad.org.tr\/en\/wp-json\/wp\/v2\/comments?post=234"}],"version-history":[{"count":0,"href":"https:\/\/www.fabad.org.tr\/en\/wp-json\/wp\/v2\/pages\/234\/revisions"}],"up":[{"embeddable":true,"href":"https:\/\/www.fabad.org.tr\/en\/wp-json\/wp\/v2\/pages\/82"}],"wp:attachment":[{"href":"https:\/\/www.fabad.org.tr\/en\/wp-json\/wp\/v2\/media?parent=234"}],"curies":[{"name":"wp","href":"https:\/\/api.w.org\/{rel}","templated":true}]}}