{"id":230,"date":"2015-03-12T17:50:18","date_gmt":"2015-03-12T15:50:18","guid":{"rendered":"http:\/\/www.fabad.org.tr\/taslak\/?page_id=230"},"modified":"2021-02-21T22:37:39","modified_gmt":"2021-02-21T19:37:39","slug":"marmara-universitesi-eczacilik-fakultesi","status":"publish","type":"page","link":"https:\/\/www.fabad.org.tr\/en\/uye-listesi\/marmara-universitesi-eczacilik-fakultesi\/","title":{"rendered":"MARMARA \u00dcN\u0130VERS\u0130TES\u0130 ECZACILIK FAK\u00dcLTES\u0130"},"content":{"rendered":"<table width=\"473\">\n<tbody>\n<tr>\n<td width=\"308\"><strong>\u0130sim<\/strong><\/td>\n<td width=\"165\"><strong>E-Mail<\/strong><\/td>\n<\/tr>\n<tr>\n<td width=\"308\">Prof.Dr.Semra \u015eARDA\u015e<\/td>\n<td width=\"165\"><\/td>\n<\/tr>\n<tr>\n<td width=\"308\">Prof. Dr. Ayla G\u00dcRSOY<\/td>\n<td width=\"165\"><\/td>\n<\/tr>\n<tr>\n<td width=\"308\">Prof. Dr. Bet\u00fcl DORTUN\u00c7<\/td>\n<td width=\"165\"><\/td>\n<\/tr>\n<tr>\n<td width=\"308\">Prof. Dr. J\u00fclide AKBU\u011eA<\/td>\n<td width=\"165\"><\/td>\n<\/tr>\n<tr>\n<td width=\"308\">Prof. Dr. Meral UYSAL<\/td>\n<td width=\"165\"><\/td>\n<\/tr>\n<tr>\n<td width=\"308\">Prof. Dr. Murat T\u00dcRKO\u011eLU<\/td>\n<td width=\"165\"><\/td>\n<\/tr>\n<tr>\n<td width=\"308\">Prof. Dr. Ali Demir SEZER<\/td>\n<td width=\"165\"><\/td>\n<\/tr>\n<\/tbody>\n<\/table>\n<p>&nbsp;<\/p>\n","protected":false},"excerpt":{"rendered":"<p>\u0130sim E-Mail Prof.Dr.Semra \u015eARDA\u015e Prof. Dr. Ayla G\u00dcRSOY Prof. Dr. Bet\u00fcl DORTUN\u00c7 Prof. Dr. J\u00fclide AKBU\u011eA Prof. Dr. Meral UYSAL Prof. Dr. Murat T\u00dcRKO\u011eLU Prof. Dr. Ali Demir SEZER &nbsp;<\/p>\n","protected":false},"author":1,"featured_media":0,"parent":82,"menu_order":0,"comment_status":"closed","ping_status":"closed","template":"","meta":{"_uag_custom_page_level_css":"","footnotes":""},"class_list":["post-230","page","type-page","status-publish","hentry"],"uagb_featured_image_src":{"full":false,"thumbnail":false,"medium":false,"medium_large":false,"large":false,"1536x1536":false,"2048x2048":false,"thumb-small":false,"thumb-standard":false,"thumb-medium":false,"thumb-large":false,"thumb-xlarge":false,"thumb-xxlarge":false},"uagb_author_info":{"display_name":"Admin","author_link":"https:\/\/www.fabad.org.tr\/en\/author\/admin\/"},"uagb_comment_info":0,"uagb_excerpt":"\u0130sim E-Mail Prof.Dr.Semra \u015eARDA\u015e Prof. Dr. Ayla G\u00dcRSOY Prof. Dr. Bet\u00fcl DORTUN\u00c7 Prof. Dr. J\u00fclide AKBU\u011eA Prof. Dr. Meral UYSAL Prof. Dr. Murat T\u00dcRKO\u011eLU Prof. Dr. Ali Demir SEZER &nbsp;","_links":{"self":[{"href":"https:\/\/www.fabad.org.tr\/en\/wp-json\/wp\/v2\/pages\/230","targetHints":{"allow":["GET"]}}],"collection":[{"href":"https:\/\/www.fabad.org.tr\/en\/wp-json\/wp\/v2\/pages"}],"about":[{"href":"https:\/\/www.fabad.org.tr\/en\/wp-json\/wp\/v2\/types\/page"}],"author":[{"embeddable":true,"href":"https:\/\/www.fabad.org.tr\/en\/wp-json\/wp\/v2\/users\/1"}],"replies":[{"embeddable":true,"href":"https:\/\/www.fabad.org.tr\/en\/wp-json\/wp\/v2\/comments?post=230"}],"version-history":[{"count":1,"href":"https:\/\/www.fabad.org.tr\/en\/wp-json\/wp\/v2\/pages\/230\/revisions"}],"predecessor-version":[{"id":1409,"href":"https:\/\/www.fabad.org.tr\/en\/wp-json\/wp\/v2\/pages\/230\/revisions\/1409"}],"up":[{"embeddable":true,"href":"https:\/\/www.fabad.org.tr\/en\/wp-json\/wp\/v2\/pages\/82"}],"wp:attachment":[{"href":"https:\/\/www.fabad.org.tr\/en\/wp-json\/wp\/v2\/media?parent=230"}],"curies":[{"name":"wp","href":"https:\/\/api.w.org\/{rel}","templated":true}]}}