{"id":226,"date":"2015-03-12T17:02:25","date_gmt":"2015-03-12T15:02:25","guid":{"rendered":"http:\/\/www.fabad.org.tr\/taslak\/?page_id=226"},"modified":"2016-12-21T13:59:44","modified_gmt":"2016-12-21T11:59:44","slug":"inonu-universitesi-eczacilik-fakultesi","status":"publish","type":"page","link":"https:\/\/www.fabad.org.tr\/en\/uye-listesi\/inonu-universitesi-eczacilik-fakultesi\/","title":{"rendered":"\u0130N\u00d6N\u00dc \u00dcN\u0130VERS\u0130TES\u0130 ECZACILIK FAK\u00dcLTES\u0130"},"content":{"rendered":"<p><\/p>\n<table>\n<tbody>\n<tr>\n<td><strong>\u0130sim<\/strong><\/td>\n<td><strong>E-Mail<\/strong><\/td>\n<\/tr>\n<tr>\n<td>Prof. Dr. G\u00f6knur AKTAY<\/td>\n<td><\/td>\n<\/tr>\n<tr>\n<td>Yrd. Do\u00e7. Dr. M. Sinan KAYNAK<\/td>\n<td><\/td>\n<\/tr>\n<\/tbody>\n<\/table>\n<p><\/p>","protected":false},"excerpt":{"rendered":"<p>\u0130sim E-Mail Prof. Dr. G\u00f6knur AKTAY Yrd. Do\u00e7. Dr. M. Sinan KAYNAK<\/p>\n","protected":false},"author":1,"featured_media":0,"parent":82,"menu_order":0,"comment_status":"closed","ping_status":"closed","template":"","meta":{"_uag_custom_page_level_css":"","footnotes":""},"class_list":["post-226","page","type-page","status-publish","hentry"],"uagb_featured_image_src":{"full":false,"thumbnail":false,"medium":false,"medium_large":false,"large":false,"1536x1536":false,"2048x2048":false,"thumb-small":false,"thumb-standard":false,"thumb-medium":false,"thumb-large":false,"thumb-xlarge":false,"thumb-xxlarge":false},"uagb_author_info":{"display_name":"Admin","author_link":"https:\/\/www.fabad.org.tr\/en\/author\/admin\/"},"uagb_comment_info":0,"uagb_excerpt":"\u0130sim E-Mail Prof. Dr. G\u00f6knur AKTAY Yrd. Do\u00e7. Dr. M. Sinan KAYNAK","_links":{"self":[{"href":"https:\/\/www.fabad.org.tr\/en\/wp-json\/wp\/v2\/pages\/226","targetHints":{"allow":["GET"]}}],"collection":[{"href":"https:\/\/www.fabad.org.tr\/en\/wp-json\/wp\/v2\/pages"}],"about":[{"href":"https:\/\/www.fabad.org.tr\/en\/wp-json\/wp\/v2\/types\/page"}],"author":[{"embeddable":true,"href":"https:\/\/www.fabad.org.tr\/en\/wp-json\/wp\/v2\/users\/1"}],"replies":[{"embeddable":true,"href":"https:\/\/www.fabad.org.tr\/en\/wp-json\/wp\/v2\/comments?post=226"}],"version-history":[{"count":0,"href":"https:\/\/www.fabad.org.tr\/en\/wp-json\/wp\/v2\/pages\/226\/revisions"}],"up":[{"embeddable":true,"href":"https:\/\/www.fabad.org.tr\/en\/wp-json\/wp\/v2\/pages\/82"}],"wp:attachment":[{"href":"https:\/\/www.fabad.org.tr\/en\/wp-json\/wp\/v2\/media?parent=226"}],"curies":[{"name":"wp","href":"https:\/\/api.w.org\/{rel}","templated":true}]}}