{"id":218,"date":"2015-03-12T15:17:36","date_gmt":"2015-03-12T13:17:36","guid":{"rendered":"http:\/\/www.fabad.org.tr\/taslak\/?page_id=218"},"modified":"2016-12-21T15:58:31","modified_gmt":"2016-12-21T13:58:31","slug":"ege-universitesi-eczacilik-fakultesi","status":"publish","type":"page","link":"https:\/\/www.fabad.org.tr\/en\/uye-listesi\/ege-universitesi-eczacilik-fakultesi\/","title":{"rendered":"EGE \u00dcN\u0130VERS\u0130TES\u0130 ECZACILIK FAK\u00dcLTES\u0130"},"content":{"rendered":"<table width=\"619\">\n<tbody>\n<tr>\n<td width=\"432\"><strong>\u0130sim<\/strong><\/td>\n<td width=\"187\"><strong>E-Mail<\/strong><\/td>\n<\/tr>\n<tr>\n<td width=\"432\">Prof. Dr. Asl\u0131 \u00d6ZER<\/td>\n<td width=\"187\"><\/td>\n<\/tr>\n<tr>\n<td width=\"432\">Prof. Dr. Ferhan SEVG\u0130<\/td>\n<td width=\"187\"><\/td>\n<\/tr>\n<tr>\n<td width=\"432\">Prof. Dr. Kevser \u00d6zgen \u00d6ZER<\/td>\n<td width=\"187\"><\/td>\n<\/tr>\n<tr>\n<td width=\"432\">Prof. Dr. Hatice Ye\u015fim KARASULU<\/td>\n<td width=\"187\"><\/td>\n<\/tr>\n<tr>\n<td width=\"432\">Prof. Dr. Erc\u00fcment KARASULU<\/td>\n<td width=\"187\"><\/td>\n<\/tr>\n<tr>\n<td width=\"432\">Prof. Dr. Mine \u00d6ZYAZICI<\/td>\n<td width=\"187\"><\/td>\n<\/tr>\n<tr>\n<td width=\"432\">Prof. Dr. Kadriye Arzum ERDEM G\u00dcLSAN<\/td>\n<td width=\"187\"><\/td>\n<\/tr>\n<tr>\n<td width=\"432\">Prof. Dr. Esra BALO\u011eLU<\/td>\n<td width=\"187\"><\/td>\n<\/tr>\n<tr>\n<td width=\"432\">Prof. Dr. Hakan Semih G\u00dcNE\u015e<\/td>\n<td width=\"187\"><\/td>\n<\/tr>\n<tr>\n<td width=\"432\">Prof. Dr. Mustafa Emrah KILIN\u00c7<\/td>\n<td width=\"187\"><\/td>\n<\/tr>\n<tr>\n<td width=\"432\">Prof. Dr. I\u015f\u0131k \u00d6ZG\u00dcNEY<\/td>\n<td width=\"187\"><\/td>\n<\/tr>\n<tr>\n<td width=\"432\">Prof. Dr. Mehmet Emin \u015eENG\u00dcN \u00d6ZS\u00d6Z<\/td>\n<td width=\"187\"><\/td>\n<\/tr>\n<tr>\n<td width=\"432\">Prof. Dr. Hande G\u00fcrer Orhan<\/td>\n<td width=\"187\"><\/td>\n<\/tr>\n<tr>\n<td width=\"432\">Prof. Dr. Hilmi Orhan<\/td>\n<td width=\"187\"><\/td>\n<\/tr>\n<tr>\n<td width=\"432\">Prof. Dr. M. Varol PAPU\u00c7CUOGLU<\/td>\n<td width=\"187\"><\/td>\n<\/tr>\n<tr>\n<td width=\"432\">Yrd. Do\u00e7. Dr. Sevil A\u015eICI<\/td>\n<td width=\"187\"><\/td>\n<\/tr>\n<tr>\n<td width=\"432\">Yrd. Do\u00e7. Dr. Fethiye Ferda YILMAZ<\/td>\n<td width=\"187\"><\/td>\n<\/tr>\n<tr>\n<td width=\"432\">Ara\u015f. G\u00f6r. Burcu MERI\u00c7<\/td>\n<td width=\"187\"><\/td>\n<\/tr>\n<tr>\n<td width=\"432\">Ara\u015f. G\u00f6r. Kaan KERMAN<\/td>\n<td width=\"187\"><\/td>\n<\/tr>\n<\/tbody>\n<\/table>\n","protected":false},"excerpt":{"rendered":"<p>\u0130sim E-Mail Prof. Dr. Asl\u0131 \u00d6ZER Prof. Dr. Ferhan SEVG\u0130 Prof. Dr. Kevser \u00d6zgen \u00d6ZER Prof. Dr. Hatice Ye\u015fim KARASULU Prof. Dr. Erc\u00fcment KARASULU Prof. Dr. Mine \u00d6ZYAZICI Prof. Dr. Kadriye Arzum ERDEM G\u00dcLSAN&#46;&#46;&#46;<\/p>\n","protected":false},"author":1,"featured_media":0,"parent":82,"menu_order":0,"comment_status":"closed","ping_status":"closed","template":"","meta":{"_uag_custom_page_level_css":"","footnotes":""},"class_list":["post-218","page","type-page","status-publish","hentry"],"uagb_featured_image_src":{"full":false,"thumbnail":false,"medium":false,"medium_large":false,"large":false,"1536x1536":false,"2048x2048":false,"thumb-small":false,"thumb-standard":false,"thumb-medium":false,"thumb-large":false,"thumb-xlarge":false,"thumb-xxlarge":false},"uagb_author_info":{"display_name":"Admin","author_link":"https:\/\/www.fabad.org.tr\/en\/author\/admin\/"},"uagb_comment_info":0,"uagb_excerpt":"\u0130sim E-Mail Prof. Dr. Asl\u0131 \u00d6ZER Prof. Dr. Ferhan SEVG\u0130 Prof. Dr. Kevser \u00d6zgen \u00d6ZER Prof. Dr. Hatice Ye\u015fim KARASULU Prof. Dr. Erc\u00fcment KARASULU Prof. Dr. Mine \u00d6ZYAZICI Prof. Dr. Kadriye Arzum ERDEM G\u00dcLSAN&#46;&#46;&#46;","_links":{"self":[{"href":"https:\/\/www.fabad.org.tr\/en\/wp-json\/wp\/v2\/pages\/218","targetHints":{"allow":["GET"]}}],"collection":[{"href":"https:\/\/www.fabad.org.tr\/en\/wp-json\/wp\/v2\/pages"}],"about":[{"href":"https:\/\/www.fabad.org.tr\/en\/wp-json\/wp\/v2\/types\/page"}],"author":[{"embeddable":true,"href":"https:\/\/www.fabad.org.tr\/en\/wp-json\/wp\/v2\/users\/1"}],"replies":[{"embeddable":true,"href":"https:\/\/www.fabad.org.tr\/en\/wp-json\/wp\/v2\/comments?post=218"}],"version-history":[{"count":0,"href":"https:\/\/www.fabad.org.tr\/en\/wp-json\/wp\/v2\/pages\/218\/revisions"}],"up":[{"embeddable":true,"href":"https:\/\/www.fabad.org.tr\/en\/wp-json\/wp\/v2\/pages\/82"}],"wp:attachment":[{"href":"https:\/\/www.fabad.org.tr\/en\/wp-json\/wp\/v2\/media?parent=218"}],"curies":[{"name":"wp","href":"https:\/\/api.w.org\/{rel}","templated":true}]}}