{"id":214,"date":"2015-03-12T15:14:56","date_gmt":"2015-03-12T13:14:56","guid":{"rendered":"http:\/\/www.fabad.org.tr\/taslak\/?page_id=214"},"modified":"2017-12-12T22:02:09","modified_gmt":"2017-12-12T19:02:09","slug":"ankara-universitesi-eczacilik-fakultesi","status":"publish","type":"page","link":"https:\/\/www.fabad.org.tr\/en\/uye-listesi\/ankara-universitesi-eczacilik-fakultesi\/","title":{"rendered":"ANKARA \u00dcN\u0130VERS\u0130TES\u0130 ECZACILIK FAK\u00dcLTES\u0130"},"content":{"rendered":"<p>&nbsp;<\/p>\n<table width=\"619\">\n<tbody>\n<tr>\n<td width=\"619\"><strong>EMEKL\u0130 OLAN \u00dcYELER\u0130M\u0130Z<\/strong><\/td>\n<td width=\"187\"><\/td>\n<\/tr>\n<tr>\n<td width=\"619\">Prof.Dr.Do\u011fu NEB\u0130O\u011eLU (Emekli)<\/td>\n<td width=\"187\"><\/td>\n<\/tr>\n<tr>\n<td width=\"619\">Prof.Dr.Engin \u015eARER (Emekli)<\/td>\n<td width=\"187\"><\/td>\n<\/tr>\n<tr>\n<td width=\"619\">Prof.Dr.G\u00fclin G\u00dcVEND\u0130K (Emekli)<\/td>\n<td width=\"187\"><\/td>\n<\/tr>\n<tr>\n<td colspan=\"2\" width=\"619\">Prof.Dr.Net DA\u015e EVC\u0130MEN (Emekli)<\/td>\n<\/tr>\n<tr>\n<td width=\"619\">Prof.Dr.Rahmiye ERTAN (Emekli)<\/td>\n<td width=\"187\"><\/td>\n<\/tr>\n<tr>\n<td width=\"619\">Prof.Dr.Serpil NEB\u0130O\u011eLU (Emekli)<\/td>\n<td width=\"187\"><\/td>\n<\/tr>\n<tr>\n<td width=\"619\">Prof.Dr.S\u00fcreyya \u00d6LGEN (Emekli)<\/td>\n<td width=\"187\"><\/td>\n<\/tr>\n<tr>\n<td width=\"619\"><strong>HALEN \u00c7ALI\u015eAN \u00dcYELER\u0130M\u0130Z<\/strong><\/td>\n<td width=\"187\"><\/td>\n<\/tr>\n<tr>\n<td width=\"619\">Prof.Dr.Alev TOSUN<\/td>\n<td width=\"187\"><\/td>\n<\/tr>\n<tr>\n<td width=\"619\">Prof.Dr.Arzu ONAY BE\u015e\u0130K\u00c7\u0130<\/td>\n<td width=\"187\"><\/td>\n<\/tr>\n<tr>\n<td width=\"619\">Prof.Dr.Asuman BOZKIR<\/td>\n<td width=\"187\"><\/td>\n<\/tr>\n<tr>\n<td width=\"619\">Prof.Dr.Asuman KARAKAYA<\/td>\n<td width=\"187\"><\/td>\n<\/tr>\n<tr>\n<td width=\"619\">Prof.Dr.Ay\u015fe Mine \u00d6ZKAN<\/td>\n<td width=\"187\"><\/td>\n<\/tr>\n<tr>\n<td width=\"619\">Prof.Dr.Ay\u015feg\u00fcl G\u00dcVEN\u00c7<\/td>\n<td width=\"187\"><\/td>\n<\/tr>\n<tr>\n<td width=\"619\">Prof.Dr.Ay\u015feg\u00fcl KARATA\u015e<\/td>\n<td width=\"187\"><\/td>\n<\/tr>\n<tr>\n<td width=\"619\">Prof.Dr.Belma KONUKLUG\u0130L<\/td>\n<td width=\"187\"><\/td>\n<\/tr>\n<tr>\n<td width=\"619\">Prof.Dr.Benay CAN EKE<\/td>\n<td width=\"187\"><\/td>\n<\/tr>\n<tr>\n<td width=\"619\">Prof.Dr.Bengi USLU \u00d6ZKAN<\/td>\n<td width=\"187\"><\/td>\n<\/tr>\n<tr>\n<td width=\"619\">Prof.Dr.Bet\u00fcl SEVER YILMAZ<\/td>\n<td width=\"187\"><\/td>\n<\/tr>\n<tr>\n<td width=\"619\">Prof.Dr.Bet\u00fcl TEK\u0130NER G\u00dcLBA\u015e<\/td>\n<td width=\"187\"><\/td>\n<\/tr>\n<tr>\n<td width=\"619\">Prof.Dr.Bilgehan DO\u011eRU<\/td>\n<td width=\"187\"><\/td>\n<\/tr>\n<tr>\n<td width=\"619\">Prof.Dr.Canan KU\u015e<\/td>\n<td width=\"187\"><\/td>\n<\/tr>\n<tr>\n<td width=\"619\">Prof.Dr.Erdal D\u0130N\u00c7<\/td>\n<td width=\"187\"><\/td>\n<\/tr>\n<tr>\n<td width=\"619\">Prof.Dr.Esin AKI YAL\u00c7IN<\/td>\n<td width=\"187\"><\/td>\n<\/tr>\n<tr>\n<td width=\"619\">Prof.Dr.Feyyaz ONUR<\/td>\n<td width=\"187\"><\/td>\n<\/tr>\n<tr>\n<td width=\"619\">Prof.Dr.F\u00fcgen AKTAN<\/td>\n<td width=\"187\"><\/td>\n<\/tr>\n<tr>\n<td width=\"619\">Prof.Dr.G\u00fclbin \u00d6Z\u00c7EL\u0130KAY<\/td>\n<td width=\"187\"><\/td>\n<\/tr>\n<tr>\n<td width=\"619\">Prof.Dr.G\u00fcl\u00e7in SALTAN<\/td>\n<td width=\"187\"><\/td>\n<\/tr>\n<tr>\n<td width=\"619\">Prof.Dr.G\u00fclg\u00fcn Ayhan KILCIG\u0130L<\/td>\n<td width=\"187\"><\/td>\n<\/tr>\n<tr>\n<td width=\"619\">Prof.Dr.G\u00fclg\u00fcn OZANSOY<\/td>\n<td width=\"187\"><\/td>\n<\/tr>\n<tr>\n<td width=\"619\">Prof.Dr.Hakan G\u00d6KER<\/td>\n<td width=\"187\"><\/td>\n<\/tr>\n<tr>\n<td width=\"619\">Prof.Dr.\u0130lkay \u00d6REN<\/td>\n<td width=\"187\"><\/td>\n<\/tr>\n<tr>\n<td width=\"619\">Prof.Dr.\u0130smail YAL\u00c7IN<\/td>\n<td width=\"187\"><\/td>\n<\/tr>\n<tr>\n<td width=\"619\">Prof.Dr.Levent ALTUN<\/td>\n<td width=\"187\"><\/td>\n<\/tr>\n<tr>\n<td width=\"619\">Prof.Dr.Maksut CO\u015eKUN<\/td>\n<td width=\"187\"><\/td>\n<\/tr>\n<tr>\n<td width=\"619\">Prof.Dr.Maksut CO\u015eKUN<\/td>\n<td width=\"187\"><\/td>\n<\/tr>\n<tr>\n<td width=\"619\">Prof.Dr.Melih ALTAN<\/td>\n<td width=\"187\"><\/td>\n<\/tr>\n<tr>\n<td width=\"619\">Prof.Dr.Meral TUN\u00c7B\u0130LEK<\/td>\n<td width=\"187\"><\/td>\n<\/tr>\n<tr>\n<td width=\"619\">Prof.Dr.Murat KARTAL<\/td>\n<td width=\"187\"><\/td>\n<\/tr>\n<tr>\n<td width=\"619\">Prof.Dr.M\u00fcmtaz \u0130\u015eCAN<\/td>\n<td width=\"187\"><\/td>\n<\/tr>\n<tr>\n<td width=\"619\">Prof.Dr.Nevin ERK<\/td>\n<td width=\"187\"><\/td>\n<\/tr>\n<tr>\n<td width=\"619\">Prof.Dr.Nil\u00fcfer TARIMCI<\/td>\n<td width=\"187\"><\/td>\n<\/tr>\n<tr>\n<td width=\"619\">Prof.Dr.Nil\u00fcfer Y\u00dcKSEL<\/td>\n<td width=\"187\"><\/td>\n<\/tr>\n<tr>\n<td width=\"619\">Prof.Dr.Nuray ARI<\/td>\n<td width=\"187\"><\/td>\n<\/tr>\n<tr>\n<td width=\"619\">Prof.Dr.Nurten ALTANLAR<\/td>\n<td width=\"187\"><\/td>\n<\/tr>\n<tr>\n<td width=\"619\">Prof.Dr.Nurten \u00d6ZDEM\u0130R<\/td>\n<td width=\"187\"><\/td>\n<\/tr>\n<tr>\n<td width=\"619\">Prof.Dr.Oya\u00a0D\u00dcNDAR<\/td>\n<td width=\"187\"><\/td>\n<\/tr>\n<tr>\n<td width=\"619\">Prof.Dr.\u00d6zlem ARPACI<\/td>\n<td width=\"187\"><\/td>\n<\/tr>\n<tr>\n<td width=\"619\">Prof.Dr.Serap G\u00dcR<\/td>\n<td width=\"187\"><\/td>\n<\/tr>\n<tr>\n<td width=\"619\">Prof.Dr.Sevgi \u015eAR<\/td>\n<td width=\"187\"><\/td>\n<\/tr>\n<tr>\n<td width=\"619\">Prof.Dr.Sibel A.\u00d6ZKAN<\/td>\n<td width=\"187\"><\/td>\n<\/tr>\n<tr>\n<td width=\"619\">Prof.Dr.Sibel S\u00dcZEN<\/td>\n<td width=\"187\"><\/td>\n<\/tr>\n<tr>\n<td width=\"619\">Prof.Dr.Sinan S\u00dcZEN<\/td>\n<td width=\"187\"><\/td>\n<\/tr>\n<tr>\n<td width=\"619\">Prof.Dr.Sulhiye YILDIZ<\/td>\n<td width=\"187\"><\/td>\n<\/tr>\n<tr>\n<td width=\"619\">Prof.Dr.Tanju \u00d6Z\u00c7EL\u0130KAY<\/td>\n<td width=\"187\"><\/td>\n<\/tr>\n<tr>\n<td width=\"619\">Prof.Dr.Tunca G\u00fcl ALTUNTA\u015e<\/td>\n<td width=\"187\"><\/td>\n<\/tr>\n<tr>\n<td width=\"619\">Prof.Dr.T\u00fclay \u00c7OBAN<\/td>\n<td width=\"187\"><\/td>\n<\/tr>\n<tr>\n<td width=\"619\">Prof.Dr.Yal\u00e7\u0131n DUYDU<\/td>\n<td width=\"187\"><\/td>\n<\/tr>\n<tr>\n<td width=\"619\">Prof.Dr.Zeliha B\u00dcY\u00dcKB\u0130NG\u00d6L<\/td>\n<td width=\"187\"><\/td>\n<\/tr>\n<tr>\n<td width=\"619\">Prof.Dr.Zeynep ATE\u015e ALAG\u00d6Z<\/td>\n<td width=\"187\"><\/td>\n<\/tr>\n<tr>\n<td width=\"619\">Prof. Erdem B\u00dcY\u00dcKB\u0130NG\u00d6L<\/td>\n<td width=\"187\"><\/td>\n<\/tr>\n<tr>\n<td width=\"619\">Do\u00e7.Dr. Ahmet O\u011fuz ADA<\/td>\n<td width=\"187\"><\/td>\n<\/tr>\n<tr>\n<td>Do\u00e7.Dr. Alper G\u00d6KBULUT<\/td>\n<td><\/td>\n<\/tr>\n<tr>\n<td width=\"619\">Do\u00e7.Dr. Evren AL\u011eIN<\/td>\n<td width=\"187\"><\/td>\n<\/tr>\n<tr>\n<td width=\"619\">Do\u00e7.Dr. \u0130lker ATE\u015e<\/td>\n<td width=\"187\"><\/td>\n<\/tr>\n<tr>\n<td width=\"619\">Do\u00e7.Dr. \u00d6zlem BAHADIR<\/td>\n<td width=\"187\"><\/td>\n<\/tr>\n<tr>\n<td width=\"619\">Do\u00e7.Dr. Canan HAS\u00c7\u0130\u00c7EK<\/td>\n<td width=\"187\"><\/td>\n<\/tr>\n<tr>\n<td width=\"619\">Do\u00e7.Dr. Ceyda Sibel KILI\u00c7<\/td>\n<td width=\"187\"><\/td>\n<\/tr>\n<tr>\n<td width=\"619\">Do\u00e7.Dr. Ebru ARIO\u011eLU<\/td>\n<td width=\"187\"><\/td>\n<\/tr>\n<tr>\n<td width=\"619\">Do\u00e7.Dr. \u0130.Murat\u00a0PALABIYIK<\/td>\n<td width=\"187\"><\/td>\n<\/tr>\n<tr>\n<td width=\"619\">Do\u00e7.Dr. Mehmet ALP<\/td>\n<td width=\"187\"><\/td>\n<\/tr>\n<tr>\n<td width=\"619\">Do\u00e7.Dr. Meltem CEYLAN \u00dcNL\u00dcSOY<\/td>\n<td width=\"187\"><\/td>\n<\/tr>\n<tr>\n<td width=\"619\">Do\u00e7.Dr. M\u00fcge KILI\u00c7ARSLAN<\/td>\n<td width=\"187\"><\/td>\n<\/tr>\n<tr>\n<td width=\"619\">Do\u00e7.Dr. Tansel Ata \u00c7OMO\u011eLU<\/td>\n<td width=\"187\"><\/td>\n<\/tr>\n<tr>\n<td width=\"619\">Yrd.Do\u00e7.Dr Arzu Zeynep KARABAY<\/td>\n<td width=\"187\"><\/td>\n<\/tr>\n<tr>\n<td width=\"619\">Yrd.Do\u00e7.Dr. Burcu Devrim<\/td>\n<td width=\"187\"><\/td>\n<\/tr>\n<tr>\n<td colspan=\"2\" width=\"619\">Yrd.Do\u00e7.Dr. Ceyda Tuba \u015eengel T\u00dcRK<\/td>\n<\/tr>\n<tr>\n<td width=\"619\">Yrd.Do\u00e7.Dr. Ulya Numano\u011flu<\/td>\n<td width=\"187\"><\/td>\n<\/tr>\n<tr>\n<td width=\"619\">Yrd.Do\u00e7.Dr. Zerrin Sezgin Bay\u0131nd\u0131r<\/td>\n<td width=\"187\"><\/td>\n<\/tr>\n<tr>\n<td width=\"619\">Yrd.Do\u00e7.Dr.M\u00fcjde Y\u00dcCE ERYILMAZ<\/td>\n<td width=\"187\"><\/td>\n<\/tr>\n<tr>\n<td width=\"619\">Yrd.Do\u00e7.Dr.Ongun M. SAKA<\/td>\n<td width=\"187\"><\/td>\n<\/tr>\n<tr>\n<td width=\"619\">Yrd.Do\u00e7.Dr.\u00d6zge \u0130NAL<\/td>\n<td width=\"187\"><\/td>\n<\/tr>\n<tr>\n<td width=\"619\">Yrd.Do\u00e7.Dr.Saadet DERM\u0130\u015e<\/td>\n<td width=\"187\"><\/td>\n<\/tr>\n<tr>\n<td width=\"619\">Yrd.Do\u00e7.Dr.Sinem\u00a0ASLAN ERDEM<\/td>\n<td width=\"187\"><\/td>\n<\/tr>\n<tr>\n<td width=\"619\">Yrd.Do\u00e7.Dr.Tang\u00fcl \u015eEN KILI\u00c7<\/td>\n<td width=\"187\"><\/td>\n<\/tr>\n<tr>\n<td width=\"619\">Uzm. Ecz. Ebru Kurul<\/td>\n<td width=\"187\"><\/td>\n<\/tr>\n<tr>\n<td width=\"619\">Uzm. Ecz. Efsun Duman<\/td>\n<td width=\"187\"><\/td>\n<\/tr>\n<tr>\n<td width=\"619\">Ecz. Erdem G\u00fcven<\/td>\n<td width=\"187\"><\/td>\n<\/tr>\n<tr>\n<td width=\"619\">Ecz. Feray Saat\u00e7i<\/td>\n<td width=\"187\"><\/td>\n<\/tr>\n<tr>\n<td width=\"619\">Ecz. Mine Tuncer<\/td>\n<td width=\"187\"><\/td>\n<\/tr>\n<tr>\n<td width=\"619\">Ecz. \u00d6mer \u00c7oruh<\/td>\n<td width=\"187\"><\/td>\n<\/tr>\n<tr>\n<td width=\"619\">Ara\u015f. G\u00f6r. Dr. Tu\u011fba Ertan-Bolelli<\/td>\n<td width=\"187\"><\/td>\n<\/tr>\n<tr>\n<td width=\"619\">Ara\u015f. G\u00f6r. Dr. Kayhan Bolelli<\/td>\n<td width=\"187\"><\/td>\n<\/tr>\n<\/tbody>\n<\/table>\n<p>&nbsp;<\/p>","protected":false},"excerpt":{"rendered":"<p>&nbsp; EMEKL\u0130 OLAN \u00dcYELER\u0130M\u0130Z Prof.Dr.Do\u011fu NEB\u0130O\u011eLU (Emekli) Prof.Dr.Engin \u015eARER (Emekli) Prof.Dr.G\u00fclin G\u00dcVEND\u0130K (Emekli) Prof.Dr.Net DA\u015e EVC\u0130MEN (Emekli) Prof.Dr.Rahmiye ERTAN (Emekli) Prof.Dr.Serpil NEB\u0130O\u011eLU (Emekli) Prof.Dr.S\u00fcreyya \u00d6LGEN (Emekli) HALEN \u00c7ALI\u015eAN \u00dcYELER\u0130M\u0130Z Prof.Dr.Alev TOSUN Prof.Dr.Arzu ONAY BE\u015e\u0130K\u00c7\u0130&#46;&#46;&#46;<\/p>\n","protected":false},"author":1,"featured_media":0,"parent":82,"menu_order":0,"comment_status":"closed","ping_status":"closed","template":"","meta":{"_uag_custom_page_level_css":"","footnotes":""},"class_list":["post-214","page","type-page","status-publish","hentry"],"uagb_featured_image_src":{"full":false,"thumbnail":false,"medium":false,"medium_large":false,"large":false,"1536x1536":false,"2048x2048":false,"thumb-small":false,"thumb-standard":false,"thumb-medium":false,"thumb-large":false,"thumb-xlarge":false,"thumb-xxlarge":false},"uagb_author_info":{"display_name":"Admin","author_link":"https:\/\/www.fabad.org.tr\/en\/author\/admin\/"},"uagb_comment_info":0,"uagb_excerpt":"&nbsp; EMEKL\u0130 OLAN \u00dcYELER\u0130M\u0130Z Prof.Dr.Do\u011fu NEB\u0130O\u011eLU (Emekli) Prof.Dr.Engin \u015eARER (Emekli) Prof.Dr.G\u00fclin G\u00dcVEND\u0130K (Emekli) Prof.Dr.Net DA\u015e EVC\u0130MEN (Emekli) Prof.Dr.Rahmiye ERTAN (Emekli) Prof.Dr.Serpil NEB\u0130O\u011eLU (Emekli) Prof.Dr.S\u00fcreyya \u00d6LGEN (Emekli) HALEN \u00c7ALI\u015eAN \u00dcYELER\u0130M\u0130Z Prof.Dr.Alev TOSUN Prof.Dr.Arzu ONAY BE\u015e\u0130K\u00c7\u0130&#46;&#46;&#46;","_links":{"self":[{"href":"https:\/\/www.fabad.org.tr\/en\/wp-json\/wp\/v2\/pages\/214","targetHints":{"allow":["GET"]}}],"collection":[{"href":"https:\/\/www.fabad.org.tr\/en\/wp-json\/wp\/v2\/pages"}],"about":[{"href":"https:\/\/www.fabad.org.tr\/en\/wp-json\/wp\/v2\/types\/page"}],"author":[{"embeddable":true,"href":"https:\/\/www.fabad.org.tr\/en\/wp-json\/wp\/v2\/users\/1"}],"replies":[{"embeddable":true,"href":"https:\/\/www.fabad.org.tr\/en\/wp-json\/wp\/v2\/comments?post=214"}],"version-history":[{"count":2,"href":"https:\/\/www.fabad.org.tr\/en\/wp-json\/wp\/v2\/pages\/214\/revisions"}],"predecessor-version":[{"id":915,"href":"https:\/\/www.fabad.org.tr\/en\/wp-json\/wp\/v2\/pages\/214\/revisions\/915"}],"up":[{"embeddable":true,"href":"https:\/\/www.fabad.org.tr\/en\/wp-json\/wp\/v2\/pages\/82"}],"wp:attachment":[{"href":"https:\/\/www.fabad.org.tr\/en\/wp-json\/wp\/v2\/media?parent=214"}],"curies":[{"name":"wp","href":"https:\/\/api.w.org\/{rel}","templated":true}]}}