{"id":212,"date":"2015-03-12T15:09:53","date_gmt":"2015-03-12T13:09:53","guid":{"rendered":"http:\/\/www.fabad.org.tr\/taslak\/?page_id=212"},"modified":"2016-12-21T13:48:59","modified_gmt":"2016-12-21T11:48:59","slug":"anadolu-universitesi-eczacilik-fakultesi","status":"publish","type":"page","link":"https:\/\/www.fabad.org.tr\/en\/uye-listesi\/anadolu-universitesi-eczacilik-fakultesi\/","title":{"rendered":"ANADOLU \u00dcN\u0130VERS\u0130TES\u0130 ECZACILIK FAK\u00dcLTES\u0130"},"content":{"rendered":"<table width=\"619\">\n<tbody>\n<tr>\n<td width=\"432\"><strong>\u0130sim<\/strong><\/td>\n<td width=\"187\"><strong>E-Mail<\/strong><\/td>\n<\/tr>\n<tr>\n<td width=\"432\">Prof. Dr. L\u00fctfi GEN\u00c7<\/td>\n<td width=\"187\"><\/td>\n<\/tr>\n<tr>\n<td width=\"432\">Prof. Dr. M\u00fczeyyen DEM\u0130REL<\/td>\n<td width=\"187\"><\/td>\n<\/tr>\n<tr>\n<td width=\"432\">Do\u00e7. Dr. Duygu YEN\u0130CEL\u0130 U\u011eUR<\/td>\n<td width=\"187\"><\/td>\n<\/tr>\n<tr>\n<td width=\"432\">Yrd. Do\u00e7. Dr. G\u00fclay B\u00dcY\u00dcKK\u00d6RO\u011eLU<\/td>\n<td width=\"187\"><\/td>\n<\/tr>\n<tr>\n<td width=\"432\">Yrd. Do\u00e7. Dr. G\u00fclsel YURTDA\u015e KIRIMLIO\u011eLU<\/td>\n<td width=\"187\"><\/td>\n<\/tr>\n<tr>\n<td width=\"432\">Ara\u015f. G\u00f6r. Dr. Behiye \u015eENEL<\/td>\n<td width=\"187\"><\/td>\n<\/tr>\n<\/tbody>\n<\/table>\n<p>&nbsp;<\/p>\n","protected":false},"excerpt":{"rendered":"<p>\u0130sim E-Mail Prof. Dr. L\u00fctfi GEN\u00c7 Prof. Dr. M\u00fczeyyen DEM\u0130REL Do\u00e7. Dr. Duygu YEN\u0130CEL\u0130 U\u011eUR Yrd. Do\u00e7. Dr. G\u00fclay B\u00dcY\u00dcKK\u00d6RO\u011eLU Yrd. Do\u00e7. Dr. G\u00fclsel YURTDA\u015e KIRIMLIO\u011eLU Ara\u015f. G\u00f6r. Dr. Behiye \u015eENEL &nbsp;<\/p>\n","protected":false},"author":1,"featured_media":0,"parent":82,"menu_order":0,"comment_status":"closed","ping_status":"closed","template":"","meta":{"_uag_custom_page_level_css":"","footnotes":""},"class_list":["post-212","page","type-page","status-publish","hentry"],"uagb_featured_image_src":{"full":false,"thumbnail":false,"medium":false,"medium_large":false,"large":false,"1536x1536":false,"2048x2048":false,"thumb-small":false,"thumb-standard":false,"thumb-medium":false,"thumb-large":false,"thumb-xlarge":false,"thumb-xxlarge":false},"uagb_author_info":{"display_name":"Admin","author_link":"https:\/\/www.fabad.org.tr\/en\/author\/admin\/"},"uagb_comment_info":0,"uagb_excerpt":"\u0130sim E-Mail Prof. Dr. L\u00fctfi GEN\u00c7 Prof. Dr. M\u00fczeyyen DEM\u0130REL Do\u00e7. Dr. Duygu YEN\u0130CEL\u0130 U\u011eUR Yrd. Do\u00e7. Dr. G\u00fclay B\u00dcY\u00dcKK\u00d6RO\u011eLU Yrd. Do\u00e7. Dr. G\u00fclsel YURTDA\u015e KIRIMLIO\u011eLU Ara\u015f. G\u00f6r. Dr. Behiye \u015eENEL &nbsp;","_links":{"self":[{"href":"https:\/\/www.fabad.org.tr\/en\/wp-json\/wp\/v2\/pages\/212","targetHints":{"allow":["GET"]}}],"collection":[{"href":"https:\/\/www.fabad.org.tr\/en\/wp-json\/wp\/v2\/pages"}],"about":[{"href":"https:\/\/www.fabad.org.tr\/en\/wp-json\/wp\/v2\/types\/page"}],"author":[{"embeddable":true,"href":"https:\/\/www.fabad.org.tr\/en\/wp-json\/wp\/v2\/users\/1"}],"replies":[{"embeddable":true,"href":"https:\/\/www.fabad.org.tr\/en\/wp-json\/wp\/v2\/comments?post=212"}],"version-history":[{"count":0,"href":"https:\/\/www.fabad.org.tr\/en\/wp-json\/wp\/v2\/pages\/212\/revisions"}],"up":[{"embeddable":true,"href":"https:\/\/www.fabad.org.tr\/en\/wp-json\/wp\/v2\/pages\/82"}],"wp:attachment":[{"href":"https:\/\/www.fabad.org.tr\/en\/wp-json\/wp\/v2\/media?parent=212"}],"curies":[{"name":"wp","href":"https:\/\/api.w.org\/{rel}","templated":true}]}}