{"id":2,"date":"2015-02-16T15:43:18","date_gmt":"2015-02-16T15:43:18","guid":{"rendered":"http:\/\/fabad.org.tr\/taslak\/?page_id=2"},"modified":"2015-12-10T16:15:03","modified_gmt":"2015-12-10T14:15:03","slug":"ornek-sayfa","status":"publish","type":"page","link":"https:\/\/www.fabad.org.tr\/en\/ornek-sayfa\/","title":{"rendered":"About"},"content":{"rendered":"<p><\/p>\n<p style=\"text-align: center;\"><strong>THE SOCIETY OF PHARMACEUTICAL SCIENCES OF ANKARA<\/strong><\/p>\n<p style=\"text-align: center;\"><strong>(FABAD)<\/strong><\/p>\n<p style=\"text-align: justify;\">FABAD was founded on June 14, 1966 in Ankara by pharmacists mainly from Academia. The general objective of the society is to follow the latest developments and knowledge in the Pharmaceutical Sciences area and to extend this knowledge to its members. First activities of the society was held in its first office at Selanik Caddesi No:3\/9 Yeni\u015fehir\/ANKARA.<\/p>\n<p style=\"text-align: left;\">The first Executive Committee with the titles at that time are as follows:<\/p>\n<table width=\"842\">\n<tbody>\n<tr>\n<td>\u00a0Prof.Dr.Enver \u0130ZG\u00dc\u00a0(Chairman)<\/td>\n<td>\u00a0Pharm. Sabri \u00c7I\u011eIZO\u011eLU<\/td>\n<\/tr>\n<tr>\n<td>\u00a0Pharm. Abdullah UNGAN<\/td>\n<td>\u00a0Pharm. Asl\u0131 TEZEL<\/td>\n<\/tr>\n<tr>\n<td>\u00a0Pharm. Aysen KARAN<\/td>\n<td>\u00a0Pharm. \u00dclk\u00fc G\u00dcNER<\/td>\n<\/tr>\n<tr>\n<td>\u00a0Pharm. Suna DURU<\/td>\n<td>\u00a0Pharm. Necati D\u0130KMEN<\/td>\n<\/tr>\n<tr>\n<td>\u00a0Pharm. \u015eevket YA\u011eTU<\/td>\n<td>\u00a0Pharm. H\u00fcsn\u00fc \u00d6ZG\u00d6REN<\/td>\n<\/tr>\n<tr>\n<td>\u00a0Pharm.Nurten Y\u00dcKSEK\u00dcLK\u00dc<\/td>\n<td>\u00a0Pharm. Turgay \u0130SP\u0130R<\/td>\n<\/tr>\n<tr>\n<td>\u00a0Pharm. Mithat K\u0130PER<\/td>\n<td>\u00a0Pharm. Hikmet Ayd\u0131n BERK<\/td>\n<\/tr>\n<tr>\n<td>\u00a0Pharm. Nafiz S\u00dcERDEM<\/td>\n<td><\/td>\n<\/tr>\n<\/tbody>\n<\/table>\n<p style=\"text-align: justify;\">The first regulations of the Society was published on 17.6.1966 in a newspaper called \u201cEconomy\u201d where the goal of the society was reported as : \u201cTo follow the latest developments in the Pharmaceutical Sciences area and to extend this knowledge to its members, to introduce, broaden and promote the scientific side of the profession in our country and to strengthen the social aspects of the profession\u201d.<\/p>\n<p style=\"text-align: justify;\"><strong>The first scientific meeting of the Society was a seminar that was given on <\/strong>6.5.1967 by Prof. Dr. Enver \u0130zg\u00fc about \u201cThe effects of plastic material on drugs and organism\u201d.<\/p>\n<p style=\"text-align: justify;\"><strong>Among many scientific activities that are organised by FABAD, the most important one is to publish the \u201c<\/strong>FABAD Journal of Pharmaceutical Sciences\u201d. The journal was first published in 1970 with the name of \u201cF.B.A.D. Bulletin\u201d. Till 1980 it was published 2-3 times in a year. Starting from 1981, the name of the journal was changed to <strong>\u201c<\/strong>FABAD Journal of Pharmaceutical Sciences\u201d and was started to be published regularly, 4 times in a year. Since 2000, it has been published as <strong>\u201c<\/strong>FABAD Journal of Pharmaceutical Sciences\u201d in English regularly, 4 times in a year.<\/p>\n<p style=\"text-align: left;\">Today with its 410 members, FABAD is celebrating its 40th year.<\/p>\n<p><\/p>","protected":false},"excerpt":{"rendered":"<p>THE SOCIETY OF PHARMACEUTICAL SCIENCES OF ANKARA (FABAD) FABAD was founded on June 14, 1966 in Ankara by pharmacists mainly from Academia. The general objective of the society is to follow the latest developments&#46;&#46;&#46;<\/p>\n","protected":false},"author":1,"featured_media":0,"parent":0,"menu_order":0,"comment_status":"open","ping_status":"open","template":"","meta":{"_uag_custom_page_level_css":"","footnotes":""},"class_list":["post-2","page","type-page","status-publish","hentry"],"uagb_featured_image_src":{"full":false,"thumbnail":false,"medium":false,"medium_large":false,"large":false,"1536x1536":false,"2048x2048":false,"thumb-small":false,"thumb-standard":false,"thumb-medium":false,"thumb-large":false,"thumb-xlarge":false,"thumb-xxlarge":false},"uagb_author_info":{"display_name":"Admin","author_link":"https:\/\/www.fabad.org.tr\/en\/author\/admin\/"},"uagb_comment_info":0,"uagb_excerpt":"THE SOCIETY OF PHARMACEUTICAL SCIENCES OF ANKARA (FABAD) FABAD was founded on June 14, 1966 in Ankara by pharmacists mainly from Academia. The general objective of the society is to follow the latest developments&#46;&#46;&#46;","_links":{"self":[{"href":"https:\/\/www.fabad.org.tr\/en\/wp-json\/wp\/v2\/pages\/2","targetHints":{"allow":["GET"]}}],"collection":[{"href":"https:\/\/www.fabad.org.tr\/en\/wp-json\/wp\/v2\/pages"}],"about":[{"href":"https:\/\/www.fabad.org.tr\/en\/wp-json\/wp\/v2\/types\/page"}],"author":[{"embeddable":true,"href":"https:\/\/www.fabad.org.tr\/en\/wp-json\/wp\/v2\/users\/1"}],"replies":[{"embeddable":true,"href":"https:\/\/www.fabad.org.tr\/en\/wp-json\/wp\/v2\/comments?post=2"}],"version-history":[{"count":0,"href":"https:\/\/www.fabad.org.tr\/en\/wp-json\/wp\/v2\/pages\/2\/revisions"}],"wp:attachment":[{"href":"https:\/\/www.fabad.org.tr\/en\/wp-json\/wp\/v2\/media?parent=2"}],"curies":[{"name":"wp","href":"https:\/\/api.w.org\/{rel}","templated":true}]}}