{"id":1924,"date":"2026-04-07T09:25:04","date_gmt":"2026-04-07T06:25:04","guid":{"rendered":"https:\/\/www.fabad.org.tr\/?page_id=1924"},"modified":"2026-04-07T09:54:50","modified_gmt":"2026-04-07T06:54:50","slug":"hucre-kulturunde-temel-molekuler-teknikleri-uygulama-kursu-on-kayit-formu","status":"publish","type":"page","link":"https:\/\/www.fabad.org.tr\/en\/hucre-kulturunde-temel-molekuler-teknikleri-uygulama-kursu-on-kayit-formu\/","title":{"rendered":"H\u00dcCRE K\u00dcLT\u00dcR\u00dcNDE TEMEL MOLEK\u00dcLER TEKN\u0130KLER\u0130 UYGULAMA KURSU &#8211; \u00d6n Kay\u0131t Formu"},"content":{"rendered":"<h3 style=\"text-align: center;\">FARMAS\u00d6T\u0130K B\u0130L\u0130MLER ANKARA DERNE\u011e\u0130 (FABAD)<\/h3>\n<h3 style=\"text-align: center;\">H\u00dcCRE K\u00dcLT\u00dcR\u00dcNDE TEMEL MOLEK\u00dcLER TEKN\u0130KLER\u0130 UYGULAMA KURSU<\/h3>\n<h3 style=\"text-align: center;\">(21 &#8211; 22 May\u0131s 2026)<\/h3>\n<h3 style=\"text-align: center;\"><strong>\u00a0<\/strong><strong>\u00d6n Kay\u0131t Formu<\/strong><\/h3>\n\n<div class=\"wpcf7 no-js\" id=\"wpcf7-f1926-o1\" lang=\"tr-TR\" dir=\"ltr\" data-wpcf7-id=\"1926\">\n<div class=\"screen-reader-response\"><p role=\"status\" aria-live=\"polite\" aria-atomic=\"true\"><\/p> <ul><\/ul><\/div>\n<form action=\"\/en\/wp-json\/wp\/v2\/pages\/1924#wpcf7-f1926-o1\" method=\"post\" class=\"wpcf7-form init\" aria-label=\"\u0130leti\u015fim Formu\" novalidate=\"novalidate\" data-status=\"init\">\n<fieldset class=\"hidden-fields-container\"><input type=\"hidden\" name=\"_wpcf7\" value=\"1926\" \/><input type=\"hidden\" name=\"_wpcf7_version\" value=\"6.1.5\" \/><input type=\"hidden\" name=\"_wpcf7_locale\" value=\"tr_TR\" \/><input type=\"hidden\" name=\"_wpcf7_unit_tag\" value=\"wpcf7-f1926-o1\" \/><input type=\"hidden\" name=\"_wpcf7_container_post\" value=\"0\" \/><input type=\"hidden\" name=\"_wpcf7_posted_data_hash\" value=\"\" \/><input type=\"hidden\" name=\"_wpcf7_recaptcha_response\" value=\"\" \/>\n<\/fieldset>\n<p><label> Ad\u0131n\u0131z Soyad\u0131n\u0131z: <span class=\"wpcf7-form-control-wrap\" data-name=\"your-name\"><input size=\"40\" maxlength=\"400\" class=\"wpcf7-form-control wpcf7-text wpcf7-validates-as-required\" autocomplete=\"name\" aria-required=\"true\" aria-invalid=\"false\" value=\"\" type=\"text\" name=\"your-name\" \/><\/span> <\/label>\n<\/p>\n<p><label> T.C. Kimlik No: <span class=\"wpcf7-form-control-wrap\" data-name=\"TcKimlikNo\"><input size=\"40\" maxlength=\"99999999999\" minlength=\"00000000000\" class=\"wpcf7-form-control wpcf7-text wpcf7-validates-as-required\" aria-required=\"true\" aria-invalid=\"false\" value=\"\" type=\"text\" name=\"TcKimlikNo\" \/><\/span><\/label>\n<\/p>\n<p><label> Mezun Oldu\u011fu Okul ve B\u00f6l\u00fcm: <span class=\"wpcf7-form-control-wrap\" data-name=\"MezunOlduguOkulveBolum\"><textarea cols=\"40\" rows=\"10\" maxlength=\"2000\" class=\"wpcf7-form-control wpcf7-textarea wpcf7-validates-as-required\" aria-required=\"true\" aria-invalid=\"false\" name=\"MezunOlduguOkulveBolum\"><\/textarea><\/span><\/label>\n<\/p>\n<p><label> \u00c7al\u0131\u015ft\u0131\u011f\u0131 Kurum: <span class=\"wpcf7-form-control-wrap\" data-name=\"CalistigiKurum\"><input size=\"40\" maxlength=\"400\" class=\"wpcf7-form-control wpcf7-text wpcf7-validates-as-required\" aria-required=\"true\" aria-invalid=\"false\" value=\"\" type=\"text\" name=\"CalistigiKurum\" \/><\/span><\/label>\n<\/p>\n<p><label> Adres: <span class=\"wpcf7-form-control-wrap\" data-name=\"Adres\"><textarea cols=\"40\" rows=\"10\" maxlength=\"2000\" class=\"wpcf7-form-control wpcf7-textarea wpcf7-validates-as-required\" aria-required=\"true\" aria-invalid=\"false\" name=\"Adres\"><\/textarea><\/span><\/label>\n<\/p>\n<p><label> \u00dcnvan\u0131: <span class=\"wpcf7-form-control-wrap\" data-name=\"Unvani\"><select class=\"wpcf7-form-control wpcf7-select wpcf7-validates-as-required\" aria-required=\"true\" aria-invalid=\"false\" name=\"Unvani\"><option value=\"\u00d6\u011fretim \u00dcyesi\">\u00d6\u011fretim \u00dcyesi<\/option><option value=\"Uzman-Ara\u015ft\u0131rma G\u00f6revlisi\">Uzman-Ara\u015ft\u0131rma G\u00f6revlisi<\/option><option value=\"Lisans\u00fcst\u00fc \u00d6\u011frenci\">Lisans\u00fcst\u00fc \u00d6\u011frenci<\/option><option value=\"Di\u011fer\">Di\u011fer<\/option><\/select><\/span><\/label>\n<\/p>\n<p><label> Cep Telefonu: <span class=\"wpcf7-form-control-wrap\" data-name=\"Cep-Tel\"><input size=\"40\" maxlength=\"400\" class=\"wpcf7-form-control wpcf7-tel wpcf7-validates-as-required wpcf7-text wpcf7-validates-as-tel\" aria-required=\"true\" aria-invalid=\"false\" value=\"\" type=\"tel\" name=\"Cep-Tel\" \/><\/span><\/label>\n<\/p>\n<p><label> E-posta adresiniz: <span class=\"wpcf7-form-control-wrap\" data-name=\"your-email\"><input size=\"40\" maxlength=\"400\" class=\"wpcf7-form-control wpcf7-email wpcf7-validates-as-required wpcf7-text wpcf7-validates-as-email\" autocomplete=\"email\" aria-required=\"true\" aria-invalid=\"false\" value=\"\" type=\"email\" name=\"your-email\" \/><\/span> <\/label>\n<\/p>\n<p><label> \u0130\u015f Telefonu: <span class=\"wpcf7-form-control-wrap\" data-name=\"Telefon\"><input size=\"40\" maxlength=\"400\" class=\"wpcf7-form-control wpcf7-tel wpcf7-validates-as-required wpcf7-text wpcf7-validates-as-tel\" aria-required=\"true\" aria-invalid=\"false\" value=\"\" type=\"tel\" name=\"Telefon\" \/><\/span><\/label>\n<\/p>\n<p><label> Tarih: <span class=\"wpcf7-form-control-wrap\" data-name=\"Tarih\"><input class=\"wpcf7-form-control wpcf7-date wpcf7-validates-as-required wpcf7-validates-as-date\" aria-required=\"true\" aria-invalid=\"false\" value=\"\" type=\"date\" name=\"Tarih\" \/><\/span> <\/label>\n<\/p>\n<p><input class=\"wpcf7-form-control wpcf7-submit has-spinner\" type=\"submit\" value=\"G\u00f6nder\" \/>\n<\/p><p style=\"display: none !important;\" class=\"akismet-fields-container\" data-prefix=\"_wpcf7_ak_\"><label>&#916;<textarea name=\"_wpcf7_ak_hp_textarea\" cols=\"45\" rows=\"8\" maxlength=\"100\"><\/textarea><\/label><input type=\"hidden\" id=\"ak_js_1\" name=\"_wpcf7_ak_js\" value=\"163\"\/><script>document.getElementById( \"ak_js_1\" ).setAttribute( \"value\", ( new Date() ).getTime() );<\/script><\/p><div class=\"wpcf7-response-output\" aria-hidden=\"true\"><\/div>\n<\/form>\n<\/div>\n\n<p>21 \u201322 May\u0131s 2026 tarihleri aras\u0131nda yap\u0131lmas\u0131 planlanan \u201cH\u00fccre K\u00fclt\u00fcr\u00fcnde Temel Molek\u00fcler Teknikleri Uygulama Kursu&#8221; na kat\u0131lmak istiyorum.<\/p>\n<p>\u0130mza<\/p>\n<p>Ad Soyad<\/p>\n<p><strong><br \/>\nAdres:<\/strong> \u00a0\u00a0\u00a0Gazi \u00dcniversitesi Eczac\u0131l\u0131k Fak\u00fcltesi Emniyet Mahallesi, Ta\u00e7 Soka\u011f\u0131 No: 3\u00a0\u00a0\u00a0\u00a0\u00a0\u00a0\u00a0 \u00a0\u00a0\u00a0\u00a0\u00a0\u00a0\u00a0\u00a0\u00a0\u00a0\u00a0\u00a0\u00a0\u00a0\u00a0\u00a0\u00a0\u00a0\u00a0\u00a0\u00a0\u00a0\u00a0\u00a0\u00a0\u00a0\u00a0\u00a0\u00a0\u00a0\u00a006330\u00a0 Yenimahalle \/ ANKARA<\/p>\n<p><strong>Telefon:<\/strong> \u00a00312 202 31 95<\/p>\n<p><strong>e-posta: <\/strong>\u00a0<a href=\"mailto:fssenol@gazi.edu.tr\">fssenol@gazi.edu.tr<\/a><\/p>\n","protected":false},"excerpt":{"rendered":"<p>FARMAS\u00d6T\u0130K B\u0130L\u0130MLER ANKARA DERNE\u011e\u0130 (FABAD) H\u00dcCRE K\u00dcLT\u00dcR\u00dcNDE TEMEL MOLEK\u00dcLER TEKN\u0130KLER\u0130 UYGULAMA KURSU (21 &#8211; 22 May\u0131s 2026) \u00a0\u00d6n Kay\u0131t Formu 21 \u201322 May\u0131s 2026 tarihleri aras\u0131nda yap\u0131lmas\u0131 planlanan \u201cH\u00fccre K\u00fclt\u00fcr\u00fcnde Temel Molek\u00fcler Teknikleri Uygulama&#46;&#46;&#46;<\/p>\n","protected":false},"author":1,"featured_media":0,"parent":0,"menu_order":0,"comment_status":"closed","ping_status":"closed","template":"","meta":{"_uag_custom_page_level_css":"","footnotes":""},"class_list":["post-1924","page","type-page","status-publish","hentry"],"uagb_featured_image_src":{"full":false,"thumbnail":false,"medium":false,"medium_large":false,"large":false,"1536x1536":false,"2048x2048":false,"thumb-small":false,"thumb-standard":false,"thumb-medium":false,"thumb-large":false,"thumb-xlarge":false,"thumb-xxlarge":false},"uagb_author_info":{"display_name":"Admin","author_link":"https:\/\/www.fabad.org.tr\/en\/author\/admin\/"},"uagb_comment_info":0,"uagb_excerpt":"FARMAS\u00d6T\u0130K B\u0130L\u0130MLER ANKARA DERNE\u011e\u0130 (FABAD) H\u00dcCRE K\u00dcLT\u00dcR\u00dcNDE TEMEL MOLEK\u00dcLER TEKN\u0130KLER\u0130 UYGULAMA KURSU (21 &#8211; 22 May\u0131s 2026) \u00a0\u00d6n Kay\u0131t Formu 21 \u201322 May\u0131s 2026 tarihleri aras\u0131nda yap\u0131lmas\u0131 planlanan \u201cH\u00fccre K\u00fclt\u00fcr\u00fcnde Temel Molek\u00fcler Teknikleri Uygulama&#46;&#46;&#46;","_links":{"self":[{"href":"https:\/\/www.fabad.org.tr\/en\/wp-json\/wp\/v2\/pages\/1924","targetHints":{"allow":["GET"]}}],"collection":[{"href":"https:\/\/www.fabad.org.tr\/en\/wp-json\/wp\/v2\/pages"}],"about":[{"href":"https:\/\/www.fabad.org.tr\/en\/wp-json\/wp\/v2\/types\/page"}],"author":[{"embeddable":true,"href":"https:\/\/www.fabad.org.tr\/en\/wp-json\/wp\/v2\/users\/1"}],"replies":[{"embeddable":true,"href":"https:\/\/www.fabad.org.tr\/en\/wp-json\/wp\/v2\/comments?post=1924"}],"version-history":[{"count":2,"href":"https:\/\/www.fabad.org.tr\/en\/wp-json\/wp\/v2\/pages\/1924\/revisions"}],"predecessor-version":[{"id":1927,"href":"https:\/\/www.fabad.org.tr\/en\/wp-json\/wp\/v2\/pages\/1924\/revisions\/1927"}],"wp:attachment":[{"href":"https:\/\/www.fabad.org.tr\/en\/wp-json\/wp\/v2\/media?parent=1924"}],"curies":[{"name":"wp","href":"https:\/\/api.w.org\/{rel}","templated":true}]}}