{"id":1738,"date":"2023-04-28T15:05:13","date_gmt":"2023-04-28T12:05:13","guid":{"rendered":"https:\/\/www.fabad.org.tr\/?page_id=1738"},"modified":"2023-04-28T15:05:13","modified_gmt":"2023-04-28T12:05:13","slug":"dr-burcu-kelleci-cakir","status":"publish","type":"page","link":"https:\/\/www.fabad.org.tr\/en\/2023-2025\/dr-burcu-kelleci-cakir\/","title":{"rendered":"Dr. Burcu Kelleci \u00c7ak\u0131r"},"content":{"rendered":"<p>Burcu Kelleci \u00c7ak\u0131r was born in Karaman in 1990, graduated from Hacettepe University, Faculty of Pharmacy in 2014 and started her graduate studies in the Clinical Pharmacy Department of the same faculty. under the supervision of Prof. Dr. Kutay Demirkan, she received her master&#8217;s degree in 2017, afterwards she completed her Ph.D. in 2023 under the supervision of Assoc. Dr. Aygin Ekincio\u011flu She spent 1 year of her undergraduate education at the Faculty of Pharmacy in Ljublana, Slovenia, and 4 months of her postgraduate education as an observer researcher at the Department of Cardiovascular Surgery of Uniclinic in Aachen, Germany. Since 2017, she has been working as a lecturer at Hacettepe University Faculty of Pharmacy, Department of Clinical Pharmacy. She was elected as a substitute board member of the All Public Pharmacists Association in 2022, and has been working in the Clinical Enteral Parenteral Nutrition Association-Pharmacy working group since 2017. She is a member of the Educational and Clinical Practice Committee of the European Society for Clinical Nutrition and Metabolism (ESPEN) since 2021. Among the main working areas; Medication use in older adults, clinical nutrition and medication use in cardiovascular surgery.<\/p>","protected":false},"excerpt":{"rendered":"<p>Burcu Kelleci \u00c7ak\u0131r was born in Karaman in 1990, graduated from Hacettepe University, Faculty of Pharmacy in 2014 and started her graduate studies in the Clinical Pharmacy Department of the same faculty. under the&#46;&#46;&#46;<\/p>\n","protected":false},"author":1,"featured_media":0,"parent":1722,"menu_order":0,"comment_status":"closed","ping_status":"closed","template":"","meta":{"_uag_custom_page_level_css":"","footnotes":""},"class_list":["post-1738","page","type-page","status-publish","hentry"],"uagb_featured_image_src":{"full":false,"thumbnail":false,"medium":false,"medium_large":false,"large":false,"1536x1536":false,"2048x2048":false,"thumb-small":false,"thumb-standard":false,"thumb-medium":false,"thumb-large":false,"thumb-xlarge":false,"thumb-xxlarge":false},"uagb_author_info":{"display_name":"Admin","author_link":"https:\/\/www.fabad.org.tr\/en\/author\/admin\/"},"uagb_comment_info":0,"uagb_excerpt":"Burcu Kelleci \u00c7ak\u0131r was born in Karaman in 1990, graduated from Hacettepe University, Faculty of Pharmacy in 2014 and started her graduate studies in the Clinical Pharmacy Department of the same faculty. under the&#46;&#46;&#46;","_links":{"self":[{"href":"https:\/\/www.fabad.org.tr\/en\/wp-json\/wp\/v2\/pages\/1738","targetHints":{"allow":["GET"]}}],"collection":[{"href":"https:\/\/www.fabad.org.tr\/en\/wp-json\/wp\/v2\/pages"}],"about":[{"href":"https:\/\/www.fabad.org.tr\/en\/wp-json\/wp\/v2\/types\/page"}],"author":[{"embeddable":true,"href":"https:\/\/www.fabad.org.tr\/en\/wp-json\/wp\/v2\/users\/1"}],"replies":[{"embeddable":true,"href":"https:\/\/www.fabad.org.tr\/en\/wp-json\/wp\/v2\/comments?post=1738"}],"version-history":[{"count":1,"href":"https:\/\/www.fabad.org.tr\/en\/wp-json\/wp\/v2\/pages\/1738\/revisions"}],"predecessor-version":[{"id":1739,"href":"https:\/\/www.fabad.org.tr\/en\/wp-json\/wp\/v2\/pages\/1738\/revisions\/1739"}],"up":[{"embeddable":true,"href":"https:\/\/www.fabad.org.tr\/en\/wp-json\/wp\/v2\/pages\/1722"}],"wp:attachment":[{"href":"https:\/\/www.fabad.org.tr\/en\/wp-json\/wp\/v2\/media?parent=1738"}],"curies":[{"name":"wp","href":"https:\/\/api.w.org\/{rel}","templated":true}]}}