{"id":1728,"date":"2023-04-28T14:58:03","date_gmt":"2023-04-28T11:58:03","guid":{"rendered":"https:\/\/www.fabad.org.tr\/?page_id=1728"},"modified":"2023-04-28T14:58:03","modified_gmt":"2023-04-28T11:58:03","slug":"doc-dr-ceyda-tuba-sengel-turk","status":"publish","type":"page","link":"https:\/\/www.fabad.org.tr\/en\/2023-2025\/doc-dr-ceyda-tuba-sengel-turk\/","title":{"rendered":"Do\u00e7. Dr. Ceyda Tuba \u015eengel-T\u00fcrk"},"content":{"rendered":"<p><a href=\"https:\/\/www.fabad.org.tr\/wp-content\/uploads\/2023\/04\/Ceyda-Tuba-Sengel-Turk.jpg\"><img loading=\"lazy\" decoding=\"async\" class=\" wp-image-1729 alignleft\" src=\"https:\/\/www.fabad.org.tr\/wp-content\/uploads\/2023\/04\/Ceyda-Tuba-Sengel-Turk.jpg\" alt=\"\" width=\"126\" height=\"143\" srcset=\"https:\/\/www.fabad.org.tr\/wp-content\/uploads\/2023\/04\/Ceyda-Tuba-Sengel-Turk.jpg 474w, https:\/\/www.fabad.org.tr\/wp-content\/uploads\/2023\/04\/Ceyda-Tuba-Sengel-Turk-250x284.jpg 250w\" sizes=\"auto, (max-width: 126px) 100vw, 126px\" \/><\/a>Ceyda Tuba \u015eengel-T\u00fcrk was born in 1978 at Karab\u00fck. She obtained her M.S. (2003) in Pharmaceutical Technology \u00a0followed by her Ph.D. (2009) at Ankara University Faculty of Pharmacy. From 2014 to 2017 she was an assistant professor at Ankara University in the Department of Pharmaceutical Technology. Ceyda Tuba \u015eengel-T\u00fcrk is still associate professor in the Departmet of Pharmaceutical Technology at Ankara University in Ankara, Turkey. \u015eengel-T\u00fcrk&#8217;s research focuses on modified release solid dosage forms, micro and nano-sized drug delivery systems, dosage forms targeted to the colon and targeted systems for cancer treatment.<\/p>","protected":false},"excerpt":{"rendered":"<p>Ceyda Tuba \u015eengel-T\u00fcrk was born in 1978 at Karab\u00fck. She obtained her M.S. (2003) in Pharmaceutical Technology \u00a0followed by her Ph.D. (2009) at Ankara University Faculty of Pharmacy. From 2014 to 2017 she was&#46;&#46;&#46;<\/p>\n","protected":false},"author":1,"featured_media":0,"parent":1722,"menu_order":0,"comment_status":"closed","ping_status":"closed","template":"","meta":{"_uag_custom_page_level_css":"","footnotes":""},"class_list":["post-1728","page","type-page","status-publish","hentry"],"uagb_featured_image_src":{"full":false,"thumbnail":false,"medium":false,"medium_large":false,"large":false,"1536x1536":false,"2048x2048":false,"thumb-small":false,"thumb-standard":false,"thumb-medium":false,"thumb-large":false,"thumb-xlarge":false,"thumb-xxlarge":false},"uagb_author_info":{"display_name":"Admin","author_link":"https:\/\/www.fabad.org.tr\/en\/author\/admin\/"},"uagb_comment_info":0,"uagb_excerpt":"Ceyda Tuba \u015eengel-T\u00fcrk was born in 1978 at Karab\u00fck. She obtained her M.S. (2003) in Pharmaceutical Technology \u00a0followed by her Ph.D. (2009) at Ankara University Faculty of Pharmacy. From 2014 to 2017 she was&#46;&#46;&#46;","_links":{"self":[{"href":"https:\/\/www.fabad.org.tr\/en\/wp-json\/wp\/v2\/pages\/1728","targetHints":{"allow":["GET"]}}],"collection":[{"href":"https:\/\/www.fabad.org.tr\/en\/wp-json\/wp\/v2\/pages"}],"about":[{"href":"https:\/\/www.fabad.org.tr\/en\/wp-json\/wp\/v2\/types\/page"}],"author":[{"embeddable":true,"href":"https:\/\/www.fabad.org.tr\/en\/wp-json\/wp\/v2\/users\/1"}],"replies":[{"embeddable":true,"href":"https:\/\/www.fabad.org.tr\/en\/wp-json\/wp\/v2\/comments?post=1728"}],"version-history":[{"count":1,"href":"https:\/\/www.fabad.org.tr\/en\/wp-json\/wp\/v2\/pages\/1728\/revisions"}],"predecessor-version":[{"id":1730,"href":"https:\/\/www.fabad.org.tr\/en\/wp-json\/wp\/v2\/pages\/1728\/revisions\/1730"}],"up":[{"embeddable":true,"href":"https:\/\/www.fabad.org.tr\/en\/wp-json\/wp\/v2\/pages\/1722"}],"wp:attachment":[{"href":"https:\/\/www.fabad.org.tr\/en\/wp-json\/wp\/v2\/media?parent=1728"}],"curies":[{"name":"wp","href":"https:\/\/api.w.org\/{rel}","templated":true}]}}