{"id":1722,"date":"2023-04-28T14:52:23","date_gmt":"2023-04-28T11:52:23","guid":{"rendered":"https:\/\/www.fabad.org.tr\/?page_id=1722"},"modified":"2023-04-28T15:38:19","modified_gmt":"2023-04-28T12:38:19","slug":"2023-2025","status":"publish","type":"page","link":"https:\/\/www.fabad.org.tr\/en\/2023-2025\/","title":{"rendered":"Yeni Y\u00f6netim Kurulu (2023-2025)"},"content":{"rendered":"<table align=\"center\">\n<tbody>\n<tr>\n<td colspan=\"3\"><\/td>\n<\/tr>\n<tr>\n<td width=\"70\"><strong>Ba\u015fkan<\/strong><\/td>\n<td width=\"295\">Prof. Dr. Sevgi Yard\u0131m Akayd\u0131n<\/p>\n<p>Gazi \u00dcniversitesi Eczac\u0131l\u0131k Fak\u00fcltesi Biyokimya Anabilim Dal\u0131<\/td>\n<td width=\"194\"><a href=\"https:\/\/www.fabad.org.tr\/?p=1726\" target=\"_blank\" rel=\"noopener noreferrer\">\u00d6zge\u00e7mi\u015f i\u00e7in t\u0131klay\u0131n\u0131z<\/a><\/td>\n<\/tr>\n<tr>\n<td width=\"70\"><strong>Ba\u015fkan Yard\u0131mc\u0131s\u0131<\/strong><\/td>\n<td width=\"295\">Do\u00e7. Dr. Aysun Hac\u0131sevki<\/p>\n<p>Gazi \u00dcniversitesi Eczac\u0131l\u0131k Fak\u00fcltesi Biyokimya Anabilim Dal\u0131<\/td>\n<td width=\"194\"><a href=\"https:\/\/www.fabad.org.tr\/?p=1740\" target=\"_blank\" rel=\"noopener noreferrer\">\u00d6zge\u00e7mi\u015f i\u00e7in t\u0131klay\u0131n\u0131z<\/a><\/td>\n<\/tr>\n<tr>\n<td width=\"70\"><strong>Genel <\/strong><strong>Sekreter<\/strong><\/td>\n<td width=\"295\">Do\u00e7. Dr. Fatma Sezer \u015eenol Deniz<\/p>\n<p>Gazi \u00dcniversitesi Eczac\u0131l\u0131k Fak\u00fcltesi Farmakognozi Anabilim Dal\u0131<\/td>\n<td width=\"194\"><a href=\"https:\/\/www.fabad.org.tr\/?p=1731\" target=\"_blank\" rel=\"noopener noreferrer\">\u00d6zge\u00e7mi\u015f i\u00e7in t\u0131klay\u0131n\u0131z<\/a><\/td>\n<\/tr>\n<tr>\n<td width=\"70\"><strong>Sayman<\/strong><\/td>\n<td width=\"295\">Dr. Ecz. Eda G\u00f6kbulut<\/p>\n<p>Nobel \u0130la\u00e7 Sanayii ve Ticaret A.\u015e. Kurumsal \u0130li\u015fkiler Y\u00f6neticisi<\/td>\n<td width=\"194\"><a href=\"https:\/\/www.fabad.org.tr\/?p=1733\" target=\"_blank\" rel=\"noopener noreferrer\">\u00d6zge\u00e7mi\u015f i\u00e7in t\u0131klay\u0131n\u0131z<\/a><\/td>\n<\/tr>\n<tr>\n<td width=\"70\"><strong>\u00dcye<\/strong><\/td>\n<td width=\"295\">Do\u00e7. Dr. Ceyda Tuba \u015eengel-T\u00fcrk<\/p>\n<p>Ankara \u00dcniversitesi Farmas\u00f6tik Teknoloji Anabilim Dal\u0131<\/td>\n<td width=\"194\"><a href=\"https:\/\/www.fabad.org.tr\/?p=1728\" target=\"_blank\" rel=\"noopener noreferrer\">\u00d6zge\u00e7mi\u015f i\u00e7in t\u0131klay\u0131n\u0131z<\/a><\/td>\n<\/tr>\n<tr>\n<td width=\"70\"><strong>\u00dcye<\/strong><\/td>\n<td width=\"295\">Dr. \u00d6\u011fretim \u00dcyesi Melike Hacer \u00d6zkan<\/p>\n<p>Hacettepe \u00dcniversitesi Eczac\u0131l\u0131k Fak\u00fcltesi Farmakoloji Anabilim Dal\u0131<\/td>\n<td width=\"194\"><a href=\"https:\/\/www.fabad.org.tr\/?p=1736\">\u00d6zge\u00e7mi\u015f i\u00e7in t\u0131klay\u0131n\u0131z<\/a><\/td>\n<\/tr>\n<tr>\n<td width=\"70\"><strong>\u00dcye<\/strong><\/td>\n<td width=\"295\">Dr. \u00d6\u011fretim \u00dcyesi Burcu Kelleci \u00c7ak\u0131r<\/p>\n<p>Hacettepe \u00dcniversitesi Eczac\u0131l\u0131k Fak\u00fcltesi Klinik Eczac\u0131l\u0131k Anabilim Dal\u0131<\/td>\n<td width=\"194\"><a href=\"https:\/\/www.fabad.org.tr\/?p=1738\" target=\"_blank\" rel=\"noopener noreferrer\">\u00d6zge\u00e7mi\u015f i\u00e7in t\u0131klay\u0131n\u0131z<\/a><\/td>\n<\/tr>\n<\/tbody>\n<\/table>\n","protected":false},"excerpt":{"rendered":"<p>Ba\u015fkan Prof. Dr. Sevgi Yard\u0131m Akayd\u0131n Gazi \u00dcniversitesi Eczac\u0131l\u0131k Fak\u00fcltesi Biyokimya Anabilim Dal\u0131 \u00d6zge\u00e7mi\u015f i\u00e7in t\u0131klay\u0131n\u0131z Ba\u015fkan Yard\u0131mc\u0131s\u0131 Do\u00e7. Dr. Aysun Hac\u0131sevki Gazi \u00dcniversitesi Eczac\u0131l\u0131k Fak\u00fcltesi Biyokimya Anabilim Dal\u0131 \u00d6zge\u00e7mi\u015f i\u00e7in t\u0131klay\u0131n\u0131z Genel Sekreter&#46;&#46;&#46;<\/p>\n","protected":false},"author":1,"featured_media":0,"parent":0,"menu_order":0,"comment_status":"closed","ping_status":"closed","template":"","meta":{"_uag_custom_page_level_css":"","footnotes":""},"class_list":["post-1722","page","type-page","status-publish","hentry"],"uagb_featured_image_src":{"full":false,"thumbnail":false,"medium":false,"medium_large":false,"large":false,"1536x1536":false,"2048x2048":false,"thumb-small":false,"thumb-standard":false,"thumb-medium":false,"thumb-large":false,"thumb-xlarge":false,"thumb-xxlarge":false},"uagb_author_info":{"display_name":"Admin","author_link":"https:\/\/www.fabad.org.tr\/en\/author\/admin\/"},"uagb_comment_info":0,"uagb_excerpt":"Ba\u015fkan Prof. Dr. Sevgi Yard\u0131m Akayd\u0131n Gazi \u00dcniversitesi Eczac\u0131l\u0131k Fak\u00fcltesi Biyokimya Anabilim Dal\u0131 \u00d6zge\u00e7mi\u015f i\u00e7in t\u0131klay\u0131n\u0131z Ba\u015fkan Yard\u0131mc\u0131s\u0131 Do\u00e7. Dr. Aysun Hac\u0131sevki Gazi \u00dcniversitesi Eczac\u0131l\u0131k Fak\u00fcltesi Biyokimya Anabilim Dal\u0131 \u00d6zge\u00e7mi\u015f i\u00e7in t\u0131klay\u0131n\u0131z Genel Sekreter&#46;&#46;&#46;","_links":{"self":[{"href":"https:\/\/www.fabad.org.tr\/en\/wp-json\/wp\/v2\/pages\/1722","targetHints":{"allow":["GET"]}}],"collection":[{"href":"https:\/\/www.fabad.org.tr\/en\/wp-json\/wp\/v2\/pages"}],"about":[{"href":"https:\/\/www.fabad.org.tr\/en\/wp-json\/wp\/v2\/types\/page"}],"author":[{"embeddable":true,"href":"https:\/\/www.fabad.org.tr\/en\/wp-json\/wp\/v2\/users\/1"}],"replies":[{"embeddable":true,"href":"https:\/\/www.fabad.org.tr\/en\/wp-json\/wp\/v2\/comments?post=1722"}],"version-history":[{"count":4,"href":"https:\/\/www.fabad.org.tr\/en\/wp-json\/wp\/v2\/pages\/1722\/revisions"}],"predecessor-version":[{"id":1747,"href":"https:\/\/www.fabad.org.tr\/en\/wp-json\/wp\/v2\/pages\/1722\/revisions\/1747"}],"wp:attachment":[{"href":"https:\/\/www.fabad.org.tr\/en\/wp-json\/wp\/v2\/media?parent=1722"}],"curies":[{"name":"wp","href":"https:\/\/api.w.org\/{rel}","templated":true}]}}