{"id":165,"date":"2015-02-20T15:50:13","date_gmt":"2015-02-20T15:50:13","guid":{"rendered":"http:\/\/fabad.org.tr\/taslak\/?page_id=165"},"modified":"2015-04-13T15:20:41","modified_gmt":"2015-04-13T13:20:41","slug":"prof-dr-bilgehan-dogru","status":"publish","type":"page","link":"https:\/\/www.fabad.org.tr\/en\/yonetim-kurulu\/prof-dr-bilgehan-dogru\/","title":{"rendered":"Prof. Dr. Bilgehan  DO\u011eRU"},"content":{"rendered":"<p><\/p>\n<p><strong>Prof. Dr. Bilgehan  DO\u011eRU (\u00dcye)<\/strong><strong><br \/>\n<\/strong>E-posta:  <a href=\"mailto:bilgehan.dogru@ankara.edu.tr\" title=\"bilgehan.dogru@ankara.edu.tr\">bilgehan.dogru@ankara.edu.tr<\/a><\/p>\n<p>Ankara do\u011fumlu olan Bilgehan Do\u011fru Gazi  \u00dcniversitesi, Eczac\u0131l\u0131k Fak\u00fcltesi`nden mezun olup,1986 y\u0131lI\u0131nda Ankara  \u00dcniversitesi Eczac\u0131l\u0131k Fak\u00fcltesi, Biyokimya Anabilim Dal\u0131`nda y\u00fcksek lisans  e\u011fitimini tamamlayarak uzmanl\u0131k \u00fcnvan\u0131n\u0131 alm\u0131\u015ft\u0131r. 1986 y\u0131l\u0131nda ayn\u0131 b\u00f6l\u00fcmde  ara\u015ft\u0131rma g\u00f6revlisi olarak \u00e7al\u0131\u015fmaya ba\u015flam\u0131\u015ft\u0131r. 1989 y\u0131l\u0131nda \u0130ngiltere`de  Liverpool \u00dcniversitesi, Fen Fak\u00fcltesi, Biyokimya biriminde doktora e\u011fitimine  ba\u015flam\u0131\u015f ve &quot;E vitamini ve kanda lipid peroksidasyonu&quot; konulu doktora  tez \u00e7al\u0131\u015fmas\u0131 ile 1993 y\u0131l\u0131nda doktora derecesini almaya hak kazanm\u0131\u015ft\u0131r. <br \/>\n  1995- 1996 tarihleri aras\u0131nda Japonya&rsquo;da Nagoya \u015fehrinde Meijo \u00dcniversitesi,  Eczac\u0131l\u0131k Fak\u00fcltesi, Klinik Biyokimya b\u00f6l\u00fcm\u00fcnde davetli ara\u015ft\u0131rmac\u0131 olarak  &quot;Diyabetik komplikasyonlar ve destek proteinlerinin rol\u00fc&quot; konusunda  \u00e7al\u0131\u015fmalar yapm\u0131\u015ft\u0131r. <br \/>\n  1997 y\u0131l\u0131nda Do\u00e7. Dr. \u00fcnvan\u0131n\u0131 ve 2003 y\u0131l\u0131nda Profes\u00f6rl\u00fck \u00fcnvan\u0131n\u0131 alm\u0131\u015ft\u0131r. <br \/>\n  \u0130lgi alan\u0131 lipid peroksidasyonu, serbest radikaller ve antioksidanlard\u0131r.<br \/>\n  SCI (Science Citation Index)&rsquo;e g\u00f6re taranan dergilerde 18 yay\u0131n\u0131, 9 bildiri  \u00f6zeti ve ulusal dergilerde 4 yay\u0131n\u0131 ve 3 bildiri \u00f6zeti bulunmaktad\u0131r. PubMed  veri taban\u0131na g\u00f6re yay\u0131nlar\u0131na yap\u0131lan at\u0131f say\u0131s\u0131 2014 itibari ile 127 dir.<br \/>\n  6. ,7., ve 9.ncu Uluslararas\u0131 Eczac\u0131l\u0131k sempozyumu (ISOPS-6 , 7, ve 9)  Organizasyon Komitesi \u00fcyeli\u011fi (2000-2009), 8.nci Uluslararas\u0131 Eczac\u0131l\u0131k  sempozyumu (ISOPS-8) Bilim Komitesi \u00fcyeli\u011fi (2006), 9.ncu Uluslararas\u0131  Eczac\u0131l\u0131k sempozyumu (ISOPS- 9) Sosyal Komitesi \u00fcyeli\u011fi (2008-2009), <br \/>\n  17. Ulusal Biyokimya Kongresi Organizasyon Komitesi \u00fcyeli\u011fi (2002), FABAD  (Farmasotik Bilimler Ankara Derne\u011fi) Y\u00f6netim Kurulu (2000-2002) ve FABAD  (Farmasotik Bilimler Ankara Derne\u011fi) Yay\u0131n Kurulu \u00fcyeli\u011fi (1998-2000), Ankara  \u00dcniversitesi Eczac\u0131l\u0131k Fak\u00fcltesi Akreditasyon \u00c7al\u0131\u015fmas\u0131 Komisyonu \u00fcyeli\u011fi  (2002) gibi g\u00f6revlerde bulunmu\u015ftur. Ankara \u00dcniversitesi S\u00fcper \u00d6\u011frenci Se\u00e7imi  Komisyonu (1999-2004), Ankara \u00dcniversitesi Eczac\u0131l\u0131k Fak\u00fcltesi Sosyal Yard\u0131m ve  Dayan\u0131\u015fma Kolu Y\u00f6netim Kurulu \u00fcyeli\u011fi (2001-2005), Ank. \u00dcniv. Eczac\u0131l\u0131k  fak\u00fcltesi E\u011fitim Komisyonu (2004-2005), Ankara \u00dcniversitesi Birim Sigara  M\u00fccadele Komisyonu \u00fcyeli\u011fi, Ankara \u00dcniversitesi D\u00f6ner Sermaye \u0130\u015fletmesi ihale  Komisyonu \u00fcyeli\u011fi (2000-2004, Ankara \u00dcniversitesi Dekan Yard\u0131mc\u0131l\u0131\u011f\u0131  (2008-2009), Ankara \u00dcniversitesi Eczac\u0131l\u0131k Fak\u00fcltesi Staj S\u0131nav komisyonu  \u00fcyeli\u011fi (2008-2009), k\u0131sa s\u00fcreli Ankara \u00dcniversitesi Eczac\u0131l\u0131k Fak\u00fcltesi  Biyokimya ABD Anabilim Dal\u0131 Ba\u015fkanl\u0131\u011f\u0131 Vekaleti (2009) g\u00f6revi yapm\u0131\u015ft\u0131r. <br \/>\n  Halen Uluslararas\u0131 kat\u0131l\u0131ml\u0131 12. Ulusal Spektroskopi Kongresi Organizasyon  Komitesi \u00dcyeli\u011fi (2010-2011) ve T\u00fcrkiye Farmas\u00f6tik Bilimler Ankara Derne\u011fi  (FABAD)&rsquo;in Ba\u015fkan yard\u0131mc\u0131l\u0131\u011f\u0131n\u0131 yapm\u0131\u015ft\u0131r (2010-1014).\u00a0 Halen FABAD Y\u00f6netim Kurulu \u00dcyesidir. 11.  Uluslar aras\u0131 Eczac\u0131l\u0131k sempozyumu \u00a0Sosyal  Komitesi \u00fcyeli\u011fi devam etmektedir(2012-2015).<br \/>\n  T\u00fcrk Biyokimya Derne\u011fi ve Farmas\u00f6tik Bilimler Ankara Derne\u011fi \u00fcyesidir. Ankara  \u00dcniversitesi Eczac\u0131l\u0131k Fak\u00fcltesi, Biyokimya Anabilim Dal\u0131`nda \u00f6\u011fretim \u00fcyesi  olarak g\u00f6revi devam etmektedir.<\/p>\n<p><\/p>","protected":false},"excerpt":{"rendered":"<p>Prof. Dr. Bilgehan DO\u011eRU (\u00dcye) E-posta: bilgehan.dogru@ankara.edu.tr Ankara do\u011fumlu olan Bilgehan Do\u011fru Gazi \u00dcniversitesi, Eczac\u0131l\u0131k Fak\u00fcltesi`nden mezun olup,1986 y\u0131lI\u0131nda Ankara \u00dcniversitesi Eczac\u0131l\u0131k Fak\u00fcltesi, Biyokimya Anabilim Dal\u0131`nda y\u00fcksek lisans e\u011fitimini tamamlayarak uzmanl\u0131k \u00fcnvan\u0131n\u0131 alm\u0131\u015ft\u0131r. 1986&#46;&#46;&#46;<\/p>\n","protected":false},"author":1,"featured_media":0,"parent":18,"menu_order":0,"comment_status":"closed","ping_status":"closed","template":"","meta":{"_uag_custom_page_level_css":"","footnotes":""},"class_list":["post-165","page","type-page","status-publish","hentry"],"uagb_featured_image_src":{"full":false,"thumbnail":false,"medium":false,"medium_large":false,"large":false,"1536x1536":false,"2048x2048":false,"thumb-small":false,"thumb-standard":false,"thumb-medium":false,"thumb-large":false,"thumb-xlarge":false,"thumb-xxlarge":false},"uagb_author_info":{"display_name":"Admin","author_link":"https:\/\/www.fabad.org.tr\/en\/author\/admin\/"},"uagb_comment_info":0,"uagb_excerpt":"Prof. Dr. Bilgehan DO\u011eRU (\u00dcye) E-posta: bilgehan.dogru@ankara.edu.tr Ankara do\u011fumlu olan Bilgehan Do\u011fru Gazi \u00dcniversitesi, Eczac\u0131l\u0131k Fak\u00fcltesi`nden mezun olup,1986 y\u0131lI\u0131nda Ankara \u00dcniversitesi Eczac\u0131l\u0131k Fak\u00fcltesi, Biyokimya Anabilim Dal\u0131`nda y\u00fcksek lisans e\u011fitimini tamamlayarak uzmanl\u0131k \u00fcnvan\u0131n\u0131 alm\u0131\u015ft\u0131r. 1986&#46;&#46;&#46;","_links":{"self":[{"href":"https:\/\/www.fabad.org.tr\/en\/wp-json\/wp\/v2\/pages\/165","targetHints":{"allow":["GET"]}}],"collection":[{"href":"https:\/\/www.fabad.org.tr\/en\/wp-json\/wp\/v2\/pages"}],"about":[{"href":"https:\/\/www.fabad.org.tr\/en\/wp-json\/wp\/v2\/types\/page"}],"author":[{"embeddable":true,"href":"https:\/\/www.fabad.org.tr\/en\/wp-json\/wp\/v2\/users\/1"}],"replies":[{"embeddable":true,"href":"https:\/\/www.fabad.org.tr\/en\/wp-json\/wp\/v2\/comments?post=165"}],"version-history":[{"count":0,"href":"https:\/\/www.fabad.org.tr\/en\/wp-json\/wp\/v2\/pages\/165\/revisions"}],"up":[{"embeddable":true,"href":"https:\/\/www.fabad.org.tr\/en\/wp-json\/wp\/v2\/pages\/18"}],"wp:attachment":[{"href":"https:\/\/www.fabad.org.tr\/en\/wp-json\/wp\/v2\/media?parent=165"}],"curies":[{"name":"wp","href":"https:\/\/api.w.org\/{rel}","templated":true}]}}