{"id":159,"date":"2015-02-20T15:44:36","date_gmt":"2015-02-20T15:44:36","guid":{"rendered":"http:\/\/fabad.org.tr\/taslak\/?page_id=159"},"modified":"2015-04-13T15:28:59","modified_gmt":"2015-04-13T13:28:59","slug":"prof-dr-bensu-karahalil","status":"publish","type":"page","link":"https:\/\/www.fabad.org.tr\/en\/yonetim-kurulu\/prof-dr-bensu-karahalil\/","title":{"rendered":"Prof. Dr. Bensu KARAHAL\u0130L"},"content":{"rendered":"<p><strong>Prof. Dr. Bensu KARAHAL\u0130L (\u00fcye)<\/strong><\/p>\n<p>Eposta: <a href=\"mailto:bensuka@gmail.com\" title=\"bensuka@gmail.com\">bensuka@gmail.com<\/a><\/p>\n<p>1967 y\u0131l\u0131nda Ak\u00e7aabat&rsquo;ta do\u011fan  Bensu Karahalil Gazi \u00dcniversitesi Eczac\u0131l\u0131k Fak\u00fcltesini d\u00f6nem birincisi olarak  bitirmi\u015f ve ayn\u0131 Fak\u00fclte&rsquo;nin Toksikoloji Anabilim Dal\u0131&rsquo;nda 1992 y\u0131l\u0131nda Y\u00fcksek  Lisans, 1996 y\u0131l\u0131nda Doktora derecelerini alm\u0131\u015ft\u0131r. 1998 y\u0131l\u0131nda yard\u0131mc\u0131  do\u00e7ent, 1999 y\u0131l\u0131nda do\u00e7ent ve 2005 y\u0131l\u0131nda profes\u00f6r \u00fcnvanlar\u0131n\u0131 alm\u0131\u015ft\u0131r.  1996-2003 y\u0131llar\u0131 aras\u0131nda toplam 3 y\u0131l s\u00fcreyle Almanya&rsquo;da Genetik Ara\u015ft\u0131rma  Enstit\u00fcs\u00fc (Institute of Plant Genetics and Crop Plant Research; IPK),  Amerika&rsquo;da Ulusal Standartlar ve Teknoloji Enstit\u00fcs\u00fc (NIST)-Biyoteknoloji  B\u00f6l\u00fcm\u00fc, \u0130ngiltere&rsquo;de Paterson Kanser Ara\u015ft\u0131rma Enstit\u00fcs\u00fc (Paterson Institute  for Cancer Research, Christie Hospital NHS Trust; PICR) ve Amerika&rsquo;da Ulusal  Sa\u011fl\u0131k Enstit\u00fcs\u00fc (National Institute of Health; NIH)&rsquo;lerinde molek\u00fcler genetik  laboratuvarlar\u0131nda &ldquo;DNA Hasar\u0131 ve Onar\u0131m\u0131&rdquo; \u00fczerine \u00e7al\u0131\u015fmalar yapm\u0131\u015ft\u0131r. Bu  \u00e7al\u0131\u015fmalar\u0131 s\u0131ras\u0131nda NIST, NATO ve NIH fogarty burslar\u0131n\u0131 alm\u0131\u015ft\u0131r. Bensu  Karahalil 2006 y\u0131l\u0131nda T\u00dcB\u0130TAK te\u015fvik \u00f6d\u00fcl\u00fc, 2007 y\u0131l\u0131nda LOREAL T\u00dcBA hakemli gen\u00e7  bilim kad\u0131nlar\u0131 \u00f6d\u00fcl\u00fc ve T\u00fcrk Eczac\u0131lar\u0131 Birli\u011fi Eczac\u0131l\u0131k akademisi 2014 Bilim  \u00d6d\u00fcl\u00fcne hak kazanm\u0131\u015ft\u0131r. Ara\u015ft\u0131rma alanlar\u0131 \u00e7evre ve insan sa\u011fl\u0131\u011f\u0131 \u00fczerine  ksenobiyotiklerin toksik etkisinin analizinde kullan\u0131lan genotoksisite  testleri, genetik toksikoloji, farmakogenomik, toksikogenomik ve uygulama teknikleri  \u00fczerinedir. SCI (Science Citation Index)&rsquo;e g\u00f6re taranan dergilerde 60 yay\u0131n\u0131, 4  adet kitap b\u00f6l\u00fcm\u00fc, 60&rsquo;dan fazla bildiri \u00f6zeti ve ulusal dergilerde 6 yay\u0131n\u0131 ve  8 bildiri \u00f6zeti bulunmaktad\u0131r. PubMed veri taban\u0131na g\u00f6re yay\u0131nlar\u0131na yap\u0131lan  at\u0131f say\u0131s\u0131 Nisan 2014 itibari ile 1050 ve h say\u0131s\u0131 19&rsquo;dur. Alt\u0131 uluslararas\u0131,  1 ulusal derginin editorler kurulu \u00fcyesidir, T\u00fcrkiye Farmas\u00f6tik Bilimler Ankara  Derne\u011fi (FABAD)&rsquo;in y\u00f6netim kurulu \u00fcyesi ve T\u00fcrk Toksikoloji Derne\u011fi sayman\u0131  olarak g\u00f6rev yapmaktad\u0131r. \u00a0Fak\u00fclte ve  y\u00f6netim kurulu \u00fcyelikleri, T\u00fcrk Eczac\u0131lar\u0131 Birli\u011fi Uygulama ve Ara\u015ft\u0131rma  Merkezi (TEBAUM) dan\u0131\u015fma kurulu \u00fcyesi, Gazi \u00dcniversitesi Eczac\u0131l\u0131k Fak\u00fcltesi-e\u011fitim  komisyonu \u00fcyesi, Gazi \u00dcniversitesi Eczac\u0131l\u0131k Fak\u00fcltesi Socrates\/Erasmus  komisyonu \u00fcyesidir. Tar\u0131m ve K\u00f6yi\u015fleri Bakanl\u0131\u011f\u0131 g\u0131da katk\u0131 maddeleri ve  bula\u015fanlar ihtisas alt komisyonlar\u0131nda 2004-2009 y\u0131llar\u0131nda hizmet vermi\u015ftir.<\/p>\n","protected":false},"excerpt":{"rendered":"<p>Prof. Dr. Bensu KARAHAL\u0130L (\u00fcye) Eposta: bensuka@gmail.com 1967 y\u0131l\u0131nda Ak\u00e7aabat&rsquo;ta do\u011fan Bensu Karahalil Gazi \u00dcniversitesi Eczac\u0131l\u0131k Fak\u00fcltesini d\u00f6nem birincisi olarak bitirmi\u015f ve ayn\u0131 Fak\u00fclte&rsquo;nin Toksikoloji Anabilim Dal\u0131&rsquo;nda 1992 y\u0131l\u0131nda Y\u00fcksek Lisans, 1996 y\u0131l\u0131nda Doktora&#46;&#46;&#46;<\/p>\n","protected":false},"author":1,"featured_media":0,"parent":18,"menu_order":0,"comment_status":"closed","ping_status":"closed","template":"","meta":{"_uag_custom_page_level_css":"","footnotes":""},"class_list":["post-159","page","type-page","status-publish","hentry"],"uagb_featured_image_src":{"full":false,"thumbnail":false,"medium":false,"medium_large":false,"large":false,"1536x1536":false,"2048x2048":false,"thumb-small":false,"thumb-standard":false,"thumb-medium":false,"thumb-large":false,"thumb-xlarge":false,"thumb-xxlarge":false},"uagb_author_info":{"display_name":"Admin","author_link":"https:\/\/www.fabad.org.tr\/en\/author\/admin\/"},"uagb_comment_info":0,"uagb_excerpt":"Prof. Dr. Bensu KARAHAL\u0130L (\u00fcye) Eposta: bensuka@gmail.com 1967 y\u0131l\u0131nda Ak\u00e7aabat&rsquo;ta do\u011fan Bensu Karahalil Gazi \u00dcniversitesi Eczac\u0131l\u0131k Fak\u00fcltesini d\u00f6nem birincisi olarak bitirmi\u015f ve ayn\u0131 Fak\u00fclte&rsquo;nin Toksikoloji Anabilim Dal\u0131&rsquo;nda 1992 y\u0131l\u0131nda Y\u00fcksek Lisans, 1996 y\u0131l\u0131nda Doktora&#46;&#46;&#46;","_links":{"self":[{"href":"https:\/\/www.fabad.org.tr\/en\/wp-json\/wp\/v2\/pages\/159","targetHints":{"allow":["GET"]}}],"collection":[{"href":"https:\/\/www.fabad.org.tr\/en\/wp-json\/wp\/v2\/pages"}],"about":[{"href":"https:\/\/www.fabad.org.tr\/en\/wp-json\/wp\/v2\/types\/page"}],"author":[{"embeddable":true,"href":"https:\/\/www.fabad.org.tr\/en\/wp-json\/wp\/v2\/users\/1"}],"replies":[{"embeddable":true,"href":"https:\/\/www.fabad.org.tr\/en\/wp-json\/wp\/v2\/comments?post=159"}],"version-history":[{"count":0,"href":"https:\/\/www.fabad.org.tr\/en\/wp-json\/wp\/v2\/pages\/159\/revisions"}],"up":[{"embeddable":true,"href":"https:\/\/www.fabad.org.tr\/en\/wp-json\/wp\/v2\/pages\/18"}],"wp:attachment":[{"href":"https:\/\/www.fabad.org.tr\/en\/wp-json\/wp\/v2\/media?parent=159"}],"curies":[{"name":"wp","href":"https:\/\/api.w.org\/{rel}","templated":true}]}}