{"id":1589,"date":"2022-03-03T20:42:42","date_gmt":"2022-03-03T17:42:42","guid":{"rendered":"https:\/\/www.fabad.org.tr\/?page_id=1589"},"modified":"2022-03-03T20:43:31","modified_gmt":"2022-03-03T17:43:31","slug":"doc-dr-aysun-hacisevki","status":"publish","type":"page","link":"https:\/\/www.fabad.org.tr\/en\/yeni-yonetim-kurulu-2018-2021\/doc-dr-aysun-hacisevki\/","title":{"rendered":"Do\u00e7. Dr. Aysun HACI\u015eEVK\u0130"},"content":{"rendered":"<p style=\"text-align: justify;\"><a href=\"http:\/\/www.fabad.org.tr\/wp-content\/uploads\/2022\/03\/Doc.-Dr.-Aysun-HACISEVKI.jpg\"><img loading=\"lazy\" decoding=\"async\" class=\"size-full wp-image-1590 alignleft\" src=\"http:\/\/www.fabad.org.tr\/wp-content\/uploads\/2022\/03\/Doc.-Dr.-Aysun-HACISEVKI.jpg\" alt=\"\" width=\"125\" height=\"268\" \/><\/a>1993 y\u0131l\u0131nda Gazi \u00dcniversitesi Eczac\u0131l\u0131k Fak\u00fcltesinden d\u00f6nem ikincisi olarak mezun olan Aysun Hac\u0131\u015fevki, ayn\u0131 Fak\u00fcltenin Biyokimya Anabilim Dal\u0131\u2019nda 1996 y\u0131l\u0131nda \u201cbilim uzmanl\u0131\u011f\u0131\u201d, 2001 y\u0131l\u0131nda \u201cdoktora\u201d derecelerini alm\u0131\u015ft\u0131r. 2006 y\u0131l\u0131nda \u201cyard\u0131mc\u0131 do\u00e7ent\u201d, 2015 y\u0131l\u0131nda \u201cdo\u00e7ent\u201d \u00fcnvanlar\u0131n\u0131 almaya hak kazanm\u0131\u015ft\u0131r. Florida \u00dcniversitesinde 2015 y\u0131l\u0131nda misafir ara\u015ft\u0131rmac\u0131 olarak bulunmu\u015ftur. Gazi \u00dcniversitesi Eczac\u0131l\u0131k Fak\u00fcltesinde; Fak\u00fclte Kurulu \u00dcyeli\u011fi, Y\u00f6netim Kurulu \u00fcyeli\u011fi, Staj Komisyonu \u00dcyeli\u011fi, Staj Y\u00f6nergesi Haz\u0131rlama Alt Komisyon \u00dcyeli\u011fi, Kalite G\u00fcvencesi ve Derecelendirme Koordinat\u00f6rl\u00fc\u011f\u00fc \u00dcyeli\u011fi, Laboratuvar \u00c7al\u0131\u015fma Kurallar\u0131 Komitesi \u00dcyeli\u011fi, Lisans Posterlerini De\u011ferlendirme ve Se\u00e7im Komitesi \u00dcyeli\u011fi, Fak\u00fclte Tan\u0131t\u0131m Grubu \u00dcyeli\u011fi ve Fak\u00fclte Konferans, Sempozyum D\u00fczenleme Komitesi \u00dcyeli\u011fi idari g\u00f6revlerinde bulunmu\u015ftur. Ayr\u0131ca Mevlana De\u011fi\u015fim Program\u0131 Koordinat\u00f6r\u00fc, Farabi De\u011fi\u015fim Program\u0131 Koordinat\u00f6r\u00fc ve G\u00dcADEK B\u00f6l\u00fcm Koordinat\u00f6r\u00fc olarak g\u00f6revler alm\u0131\u015ft\u0131r ve halen E<strong>\u011fitim\/D\u0131\u015f \u0130li\u015fkiler \u00c7al\u0131\u015fma Ekibi Staj Alt \u00c7al\u0131\u015fma Grubu<\/strong> ve Y<strong>atay Ge\u00e7i\u015f-\u0130ntibak Alt \u00c7al\u0131\u015fma Grubu<\/strong> \u00dcyelikleri devam etmektedir. Gazi \u00dcniversitesi Sa\u011fl\u0131k Bilimleri Enstit\u00fcs\u00fcnde; Stratejik Planlama Ekibi \u00dcyeli\u011fi ve Tez Y\u00f6nergesi Komitesi \u00dcyeli\u011fi g\u00f6revlerinde bulunmu\u015ftur ve halen E\u011fitim Komisyonu \u00dcyeli\u011fi ve Kalite Ekibi \u00dcyeli\u011fi devam etmektedir. \u00dcyesi oldu\u011fu uluslararas\u0131 ve ulusal bilimsel kurulu\u015flar aras\u0131nda; EACR, TBD, MOKAD, FABAD, SRAAD, KED ve YBD, mesleki kurulu\u015flar aras\u0131nda ise Ankara Eczac\u0131 Odas\u0131 ve Gazi \u00dcniversitesi Mezunlar\u0131 Derne\u011fi bulunmaktad\u0131r. 2018-2021 y\u0131llar\u0131 aras\u0131nda Tar\u0131m ve Orman Bakanl\u0131\u011f\u0131 GKMK Ba\u015fkan Yard\u0131mc\u0131l\u0131\u011f\u0131 ve Ya\u015fam Bilimleri Derne\u011fi Genel Sekreterli\u011fi g\u00f6revlerini y\u00fcr\u00fctm\u00fc\u015ft\u00fcr. 2020 y\u0131l\u0131ndan itibaren ECZAKDER De\u011ferlendirici \u00d6\u011fretim \u00dcyeli\u011fi ve 2021 y\u0131l\u0131ndan itibaren Farmas\u00f6tik Bilimler Ankara Derne\u011fi Y\u00f6netim Kurulu \u00dcyeli\u011fi ile Ya\u015fam Bilimleri Derne\u011fi Y\u00f6netim Kurulu \u00dcyeli\u011fi devam etmektedir. Bilimsel ara\u015ft\u0131rma alanlar\u0131 molek\u00fcler ve klinik biyokimya olup, ulusal-uluslararas\u0131 yay\u0131nlar\u0131, s\u00f6zl\u00fc-yaz\u0131l\u0131 tebli\u011fleri, ulusal-uluslararas\u0131 i\u015fbirlikleri, \u00fcniversite ara\u015ft\u0131rma fonu ve T\u00fcbitak projeleri bulunmaktad\u0131r. Di\u011fer akademik faaliyetleri kapsam\u0131nda; kitap b\u00f6l\u00fcmleri, kitap b\u00f6l\u00fcm \u00e7evirileri, verdi\u011fi seminerleri ve d\u00fczenleme kurulunda yer ald\u0131\u011f\u0131 ulusal-uluslararas\u0131 kongreleri, \u00fcniversiteler ara\u015ft\u0131rma fonu veya T\u00fcbitak projesi hakemlikleri, j\u00fcri \u00fcyelikleri ve kat\u0131ld\u0131\u011f\u0131 di\u011fer sempozyum, kurs, seminer ve etkinlikler yer almaktad\u0131r. Dan\u0131\u015fmanl\u0131\u011f\u0131nda tamamlanan 7 y\u00fcksek lisans, 1 doktora tez \u00e7al\u0131\u015fmas\u0131 bulunmaktad\u0131r. 2007-2017 y\u0131llar\u0131 aras\u0131nda Gazi \u00dcniversitesi Di\u015f Hekimli\u011fi Fak\u00fcltesinde Lisans Biyokimya derslerini y\u00fcr\u00fctm\u00fc\u015ft\u00fcr. 2017 y\u0131l\u0131nda Ankara Eczac\u0131 Odas\u0131 taraf\u0131ndan d\u00fczenlenen \u201cEUS E\u011fitim Program\u0131nda\u201d Biyokimya E\u011fitimlerinin y\u00fcr\u00fct\u00fclmesinde g\u00f6rev alm\u0131\u015ft\u0131r. 31.FEBS Kongresi T\u00dcB\u0130TAK etkinliklere kat\u0131l\u0131m bursu, yay\u0131n ve proje te\u015fvik \u00f6d\u00fclleri bulunmaktad\u0131r. 2017 y\u0131l\u0131nda Eczac\u0131l\u0131kta Uzmanl\u0131k Kurulu (EUK) taraf\u0131ndan onaylanan \u201cKlinik Eczac\u0131l\u0131k Uzmanl\u0131k Dal\u0131\u2019nda E\u011fitici\u201d yetkisi almaya hak kazanm\u0131\u015ft\u0131r. Halen Gazi \u00dcniversitesi Eczac\u0131l\u0131k Fak\u00fcltesi Biyokimya Anabilim Dal\u0131\u2019nda \u00f6\u011fretim \u00fcyesidir ve 2020 y\u0131l\u0131ndan itibaren Biyokimya Anabilim Dal\u0131 Ba\u015fkan Yard\u0131mc\u0131l\u0131\u011f\u0131 g\u00f6revini y\u00fcr\u00fctmektedir.<\/p>\n<p>&nbsp;<\/p>\n<p>&nbsp;<\/p>\n<p>&nbsp;<\/p>\n<p>&nbsp;<\/p>\n","protected":false},"excerpt":{"rendered":"<p>1993 y\u0131l\u0131nda Gazi \u00dcniversitesi Eczac\u0131l\u0131k Fak\u00fcltesinden d\u00f6nem ikincisi olarak mezun olan Aysun Hac\u0131\u015fevki, ayn\u0131 Fak\u00fcltenin Biyokimya Anabilim Dal\u0131\u2019nda 1996 y\u0131l\u0131nda \u201cbilim uzmanl\u0131\u011f\u0131\u201d, 2001 y\u0131l\u0131nda \u201cdoktora\u201d derecelerini alm\u0131\u015ft\u0131r. 2006 y\u0131l\u0131nda \u201cyard\u0131mc\u0131 do\u00e7ent\u201d, 2015 y\u0131l\u0131nda \u201cdo\u00e7ent\u201d&#46;&#46;&#46;<\/p>\n","protected":false},"author":1,"featured_media":0,"parent":1013,"menu_order":0,"comment_status":"closed","ping_status":"closed","template":"","meta":{"_uag_custom_page_level_css":"","footnotes":""},"class_list":["post-1589","page","type-page","status-publish","hentry"],"uagb_featured_image_src":{"full":false,"thumbnail":false,"medium":false,"medium_large":false,"large":false,"1536x1536":false,"2048x2048":false,"thumb-small":false,"thumb-standard":false,"thumb-medium":false,"thumb-large":false,"thumb-xlarge":false,"thumb-xxlarge":false},"uagb_author_info":{"display_name":"Admin","author_link":"https:\/\/www.fabad.org.tr\/en\/author\/admin\/"},"uagb_comment_info":0,"uagb_excerpt":"1993 y\u0131l\u0131nda Gazi \u00dcniversitesi Eczac\u0131l\u0131k Fak\u00fcltesinden d\u00f6nem ikincisi olarak mezun olan Aysun Hac\u0131\u015fevki, ayn\u0131 Fak\u00fcltenin Biyokimya Anabilim Dal\u0131\u2019nda 1996 y\u0131l\u0131nda \u201cbilim uzmanl\u0131\u011f\u0131\u201d, 2001 y\u0131l\u0131nda \u201cdoktora\u201d derecelerini alm\u0131\u015ft\u0131r. 2006 y\u0131l\u0131nda \u201cyard\u0131mc\u0131 do\u00e7ent\u201d, 2015 y\u0131l\u0131nda \u201cdo\u00e7ent\u201d&#46;&#46;&#46;","_links":{"self":[{"href":"https:\/\/www.fabad.org.tr\/en\/wp-json\/wp\/v2\/pages\/1589","targetHints":{"allow":["GET"]}}],"collection":[{"href":"https:\/\/www.fabad.org.tr\/en\/wp-json\/wp\/v2\/pages"}],"about":[{"href":"https:\/\/www.fabad.org.tr\/en\/wp-json\/wp\/v2\/types\/page"}],"author":[{"embeddable":true,"href":"https:\/\/www.fabad.org.tr\/en\/wp-json\/wp\/v2\/users\/1"}],"replies":[{"embeddable":true,"href":"https:\/\/www.fabad.org.tr\/en\/wp-json\/wp\/v2\/comments?post=1589"}],"version-history":[{"count":1,"href":"https:\/\/www.fabad.org.tr\/en\/wp-json\/wp\/v2\/pages\/1589\/revisions"}],"predecessor-version":[{"id":1591,"href":"https:\/\/www.fabad.org.tr\/en\/wp-json\/wp\/v2\/pages\/1589\/revisions\/1591"}],"up":[{"embeddable":true,"href":"https:\/\/www.fabad.org.tr\/en\/wp-json\/wp\/v2\/pages\/1013"}],"wp:attachment":[{"href":"https:\/\/www.fabad.org.tr\/en\/wp-json\/wp\/v2\/media?parent=1589"}],"curies":[{"name":"wp","href":"https:\/\/api.w.org\/{rel}","templated":true}]}}