{"id":155,"date":"2015-02-20T15:41:25","date_gmt":"2015-02-20T15:41:25","guid":{"rendered":"http:\/\/fabad.org.tr\/taslak\/?page_id=155"},"modified":"2016-08-17T00:50:31","modified_gmt":"2016-08-16T22:50:31","slug":"doc-dr-sevtap-aydin","status":"publish","type":"page","link":"https:\/\/www.fabad.org.tr\/en\/yonetim-kurulu\/doc-dr-sevtap-aydin\/","title":{"rendered":"Do\u00e7. Dr. Sevtap  AYDIN"},"content":{"rendered":"<p><strong>Do\u00e7. Dr. Sevtap AYDIN<\/strong><strong><br \/>\n<\/strong>E-posta: <a href=\"mailto:sevtapay@hacettepe.edu.tr\">sevtapay@hacettepe.edu.tr<\/a><\/p>\n<p align=\"justify\">1977 Ordu do\u011fumlu Sevtap AYDIN, Hacettepe \u00dcniversitesi, Eczac\u0131l\u0131k Fak\u00fcltesi`nden 2000 y\u0131l\u0131nda mezun olup, 2003 Y\u0131l\u0131nda Farmas\u00f6tik Toksikoloji alan\u0131nda bilim uzmanl\u0131\u011f\u0131, 2009 y\u0131l\u0131nda doktora derecelerini alm\u0131\u015ft\u0131r. 2013 y\u0131l\u0131nda Do\u00e7. Dr. \u00fcnvan\u0131n\u0131 alm\u0131\u015ft\u0131r ve Hacettepe \u00dcniversitesi Eczac\u0131l\u0131k Fak\u00fcltesi, Farmas\u00f6tik Toksikoloji Anabilim Dal\u0131`nda \u00f6\u011fretim \u00fcyesi olarak g\u00f6revi devam etmektedir. \u0130lgi alanlar\u0131 kimyasal ajanlar\u0131n ve bitkisel kaynakl\u0131 maddelerin genotoksisitesi, immunotoksisite, oksidatif stress ve mikotoksinlerdir. Almanya\u2019da Ulm \u00dcniversitesi, Jinekoloji Onkoloji Enstit\u00fcs\u00fcnde 10 ay ve 6 ay s\u00fcreyle davetli ara\u015ft\u0131rmac\u0131 olarak \u00e7al\u0131\u015fm\u0131\u015ft\u0131r. Do\u00e7.Dr. Sevtap AYDIN\u2019\u0131n, Toksikoloji alan\u0131nda SCI kapsam\u0131nda yer alan 33 adet uluslar aras\u0131 ve 9 adet ulusal olmak \u00fczere toplam 42 adet makalesi bulunmaktad\u0131r. Ayr\u0131ca 1 adet ulusal kitap b\u00f6l\u00fcm\u00fc yazm\u0131\u015ft\u0131r. H-Indeksi 10\u2019dur. 81 adet uluslar aras\u0131 ve 18 ulusal olmak \u00fczere toplam 99 adet bildirisi ile uluslar aras\u0131 ve ulusal toksikoloji kongrelerinde sunusu bulunmaktad\u0131r. Web of Science -Science Citation Index (SCI) veri taban\u0131ndan taranm\u0131\u015f toplam 400 adet at\u0131f\u0131 bulunmaktad\u0131r. Hacettepe \u00dcniversitesi Eczac\u0131l\u0131k Fak\u00fcltesinin bir\u00e7ok komisyonunda g\u00f6rev alm\u0131\u015ft\u0131r: Fak\u00fclte \u0130\u015f Sa\u011fl\u0131\u011f\u0131 ve G\u00fcveli\u011fi Komisyon \u00dcyeli\u011fi, Fak\u00fclte Kimyasal-Biyolojik At\u0131k Komisyon \u00fcyeli\u011fi, Staj Komisyonu \u00fcyeli\u011fi ve ECZAK Fak\u00fclte \u00d6zde\u011ferlendirme Raporu Haz\u0131rlama Komite \u00dcyeli\u011fi. Avrupa Toksikologlar ve Toksikoloji Dernekleri Federasyonu (EUROTOX), Uluslararas\u0131 Toksikoloji Birli\u011fi (IUTOX), T\u00fcrk Toksikoloji Derne\u011fi (TTD), Farmas\u00f6tik Bilimler Ankara Derne\u011fi (FABAD) ve H.\u00dc. Eczac\u0131l\u0131k Fak\u00fcltesi Mezunlar Derne\u011fi gibi \u00f6nemli bilimsel derneklerde \u00fcyeli\u011fi bulunmaktad\u0131r. T\u00fcrk Toksikoloji Derne\u011fi Y\u00f6netim Kurul \u00dcyesi (2014-) ve FABAD Y\u00f6netim Kurul \u00dcyesi-dernek sayman\u0131 (2014-) olarak g\u00f6revi devam etmektedir. G\u0131da, Tar\u0131m ve Hayvanc\u0131l\u0131k Bakanl\u0131\u011f\u0131\u2019nda G\u0131da Olarak Kullan\u0131labilecek Bitkiler Komisyon \u00fcyesi olarak aktif g\u00f6rev almaktad\u0131r.<\/p>\n","protected":false},"excerpt":{"rendered":"<p>Do\u00e7. Dr. Sevtap AYDIN E-posta: sevtapay@hacettepe.edu.tr 1977 Ordu do\u011fumlu Sevtap AYDIN, Hacettepe \u00dcniversitesi, Eczac\u0131l\u0131k Fak\u00fcltesi`nden 2000 y\u0131l\u0131nda mezun olup, 2003 Y\u0131l\u0131nda Farmas\u00f6tik Toksikoloji alan\u0131nda bilim uzmanl\u0131\u011f\u0131, 2009 y\u0131l\u0131nda doktora derecelerini alm\u0131\u015ft\u0131r. 2013 y\u0131l\u0131nda Do\u00e7.&#46;&#46;&#46;<\/p>\n","protected":false},"author":1,"featured_media":0,"parent":18,"menu_order":0,"comment_status":"closed","ping_status":"closed","template":"","meta":{"_uag_custom_page_level_css":"","footnotes":""},"class_list":["post-155","page","type-page","status-publish","hentry"],"uagb_featured_image_src":{"full":false,"thumbnail":false,"medium":false,"medium_large":false,"large":false,"1536x1536":false,"2048x2048":false,"thumb-small":false,"thumb-standard":false,"thumb-medium":false,"thumb-large":false,"thumb-xlarge":false,"thumb-xxlarge":false},"uagb_author_info":{"display_name":"Admin","author_link":"https:\/\/www.fabad.org.tr\/en\/author\/admin\/"},"uagb_comment_info":0,"uagb_excerpt":"Do\u00e7. Dr. Sevtap AYDIN E-posta: sevtapay@hacettepe.edu.tr 1977 Ordu do\u011fumlu Sevtap AYDIN, Hacettepe \u00dcniversitesi, Eczac\u0131l\u0131k Fak\u00fcltesi`nden 2000 y\u0131l\u0131nda mezun olup, 2003 Y\u0131l\u0131nda Farmas\u00f6tik Toksikoloji alan\u0131nda bilim uzmanl\u0131\u011f\u0131, 2009 y\u0131l\u0131nda doktora derecelerini alm\u0131\u015ft\u0131r. 2013 y\u0131l\u0131nda Do\u00e7.&#46;&#46;&#46;","_links":{"self":[{"href":"https:\/\/www.fabad.org.tr\/en\/wp-json\/wp\/v2\/pages\/155","targetHints":{"allow":["GET"]}}],"collection":[{"href":"https:\/\/www.fabad.org.tr\/en\/wp-json\/wp\/v2\/pages"}],"about":[{"href":"https:\/\/www.fabad.org.tr\/en\/wp-json\/wp\/v2\/types\/page"}],"author":[{"embeddable":true,"href":"https:\/\/www.fabad.org.tr\/en\/wp-json\/wp\/v2\/users\/1"}],"replies":[{"embeddable":true,"href":"https:\/\/www.fabad.org.tr\/en\/wp-json\/wp\/v2\/comments?post=155"}],"version-history":[{"count":0,"href":"https:\/\/www.fabad.org.tr\/en\/wp-json\/wp\/v2\/pages\/155\/revisions"}],"up":[{"embeddable":true,"href":"https:\/\/www.fabad.org.tr\/en\/wp-json\/wp\/v2\/pages\/18"}],"wp:attachment":[{"href":"https:\/\/www.fabad.org.tr\/en\/wp-json\/wp\/v2\/media?parent=155"}],"curies":[{"name":"wp","href":"https:\/\/api.w.org\/{rel}","templated":true}]}}