{"id":15,"date":"2015-02-17T10:43:14","date_gmt":"2015-02-17T10:43:14","guid":{"rendered":"http:\/\/fabad.org.tr\/taslak\/?page_id=15"},"modified":"2019-05-16T12:38:53","modified_gmt":"2019-05-16T09:38:53","slug":"tuzuk","status":"publish","type":"page","link":"https:\/\/www.fabad.org.tr\/en\/tuzuk\/","title":{"rendered":"Statue of the Society"},"content":{"rendered":"<p>&#8221;You can reach <span style=\"text-decoration: underline;\"><em>&#8220;the statute of the society&#8221;<\/em><\/span> only as Turkish language\u00a0by clicking first &#8216;T\u00fcrk\u00e7e&#8217; and then &#8216;T\u00fcz\u00fck&#8217;.&#8221;<\/p>","protected":false},"excerpt":{"rendered":"<p>&#8221;You can reach &#8220;the statute of the society&#8221; only as Turkish language\u00a0by clicking first &#8216;T\u00fcrk\u00e7e&#8217; and then &#8216;T\u00fcz\u00fck&#8217;.&#8221;<\/p>\n","protected":false},"author":1,"featured_media":0,"parent":0,"menu_order":0,"comment_status":"open","ping_status":"open","template":"","meta":{"_uag_custom_page_level_css":"","footnotes":""},"class_list":["post-15","page","type-page","status-publish","hentry"],"uagb_featured_image_src":{"full":false,"thumbnail":false,"medium":false,"medium_large":false,"large":false,"1536x1536":false,"2048x2048":false,"thumb-small":false,"thumb-standard":false,"thumb-medium":false,"thumb-large":false,"thumb-xlarge":false,"thumb-xxlarge":false},"uagb_author_info":{"display_name":"Admin","author_link":"https:\/\/www.fabad.org.tr\/en\/author\/admin\/"},"uagb_comment_info":0,"uagb_excerpt":"&#8221;You can reach &#8220;the statute of the society&#8221; only as Turkish language\u00a0by clicking first &#8216;T\u00fcrk\u00e7e&#8217; and then &#8216;T\u00fcz\u00fck&#8217;.&#8221;","_links":{"self":[{"href":"https:\/\/www.fabad.org.tr\/en\/wp-json\/wp\/v2\/pages\/15","targetHints":{"allow":["GET"]}}],"collection":[{"href":"https:\/\/www.fabad.org.tr\/en\/wp-json\/wp\/v2\/pages"}],"about":[{"href":"https:\/\/www.fabad.org.tr\/en\/wp-json\/wp\/v2\/types\/page"}],"author":[{"embeddable":true,"href":"https:\/\/www.fabad.org.tr\/en\/wp-json\/wp\/v2\/users\/1"}],"replies":[{"embeddable":true,"href":"https:\/\/www.fabad.org.tr\/en\/wp-json\/wp\/v2\/comments?post=15"}],"version-history":[{"count":1,"href":"https:\/\/www.fabad.org.tr\/en\/wp-json\/wp\/v2\/pages\/15\/revisions"}],"predecessor-version":[{"id":1224,"href":"https:\/\/www.fabad.org.tr\/en\/wp-json\/wp\/v2\/pages\/15\/revisions\/1224"}],"wp:attachment":[{"href":"https:\/\/www.fabad.org.tr\/en\/wp-json\/wp\/v2\/media?parent=15"}],"curies":[{"name":"wp","href":"https:\/\/api.w.org\/{rel}","templated":true}]}}