{"id":1477,"date":"2021-05-10T16:00:48","date_gmt":"2021-05-10T13:00:48","guid":{"rendered":"http:\/\/www.fabad.org.tr\/?page_id=1477"},"modified":"2023-04-28T15:13:04","modified_gmt":"2023-04-28T12:13:04","slug":"2021-2023","status":"publish","type":"page","link":"https:\/\/www.fabad.org.tr\/en\/2021-2023\/","title":{"rendered":"(2021 &#8211; 2023)"},"content":{"rendered":"<table align=\"center\">\n<tbody>\n<tr>\n<td colspan=\"3\"><\/td>\n<\/tr>\n<tr>\n<td width=\"70\"><strong>Ba\u015fkan<\/strong><\/td>\n<td width=\"295\">Prof. Dr. Ay\u015feg\u00fcl K\u00f6ro\u011flu<\/p>\n<p>Ankara \u00dcniversitesi Eczac\u0131l\u0131k Fak\u00fcltesi Farmas\u00f6tik Botanik Anabilim Dal\u0131<\/td>\n<td width=\"194\"><a href=\"http:\/\/www.fabad.org.tr\/?p=157\" target=\"_blank\" rel=\"noopener noreferrer\">\u00d6zge\u00e7mi\u015f i\u00e7in t\u0131klay\u0131n\u0131z<\/a><\/td>\n<\/tr>\n<tr>\n<td width=\"70\"><strong>2.\u00a0Ba\u015fkan<\/strong><\/td>\n<td width=\"295\">Prof. Dr. Erdal D\u0130N\u00c7<\/p>\n<p>Ankara \u00dcniversitesi Eczac\u0131l\u0131k Fak\u00fcltesi Analitik Kimya Anabilim Dal\u0131<\/td>\n<td width=\"194\"><a href=\"http:\/\/www.fabad.org.tr\/?p=458\" target=\"_blank\" rel=\"noopener noreferrer\">\u00d6zge\u00e7mi\u015f i\u00e7in t\u0131klay\u0131n\u0131z<\/a><\/td>\n<\/tr>\n<tr>\n<td width=\"70\"><strong>Sekreter<\/strong><\/td>\n<td width=\"295\">Dr. \u00d6\u011fretim \u00dcyesi Melike \u00d6ZKAN<\/p>\n<p>Hacettepe \u00dcniversitesi\u00a0Eczac\u0131l\u0131k Fak\u00fcltesi\u00a0\u00a0Farmakoloji Anabilim Dal\u0131<\/td>\n<td width=\"194\"><a href=\"http:\/\/www.fabad.org.tr\/?p=1074\" target=\"_blank\" rel=\"noopener noreferrer\">\u00d6zge\u00e7mi\u015f i\u00e7in t\u0131klay\u0131n\u0131z<\/a><\/td>\n<\/tr>\n<tr>\n<td width=\"70\"><strong>Sayman<\/strong><\/td>\n<td width=\"295\">Dr. Ecz. Eda G\u00d6KBULUT<\/p>\n<p>Nobel \u0130la\u00e7 Sanayii ve Ticaret A.\u015e. Kurumsal \u0130li\u015fkiler Y\u00f6neticisi<\/td>\n<td width=\"194\"><a href=\"http:\/\/www.fabad.org.tr\/?p=1161\" target=\"_blank\" rel=\"noopener noreferrer\">\u00d6zge\u00e7mi\u015f i\u00e7in t\u0131klay\u0131n\u0131z<\/a><\/td>\n<\/tr>\n<tr>\n<td width=\"70\"><strong>\u00dcye<\/strong><\/td>\n<td width=\"295\">Prof. Dr. Ela KADIO\u011eLU<\/td>\n<td width=\"194\"><a href=\"http:\/\/www.fabad.org.tr\/?p=1471\" target=\"_blank\" rel=\"noopener noreferrer\">\u00d6zge\u00e7mi\u015f i\u00e7in t\u0131klay\u0131n\u0131z<\/a><\/td>\n<\/tr>\n<tr>\n<td width=\"70\"><strong>\u00dcye<\/strong><\/td>\n<td width=\"295\">Do\u00e7. Dr. Aysun HACI\u015eEVK\u0130<\/td>\n<td width=\"194\"><a href=\"https:\/\/www.fabad.org.tr\/?p=1589\" target=\"_blank\" rel=\"noopener\">\u00d6zge\u00e7mi\u015f i\u00e7in t\u0131klay\u0131n\u0131z<\/a><\/td>\n<\/tr>\n<tr>\n<td width=\"70\"><strong>\u00dcye<\/strong><\/td>\n<td width=\"295\">Dr. \u00d6\u011fretim \u00dcyesi\u00a0Mine Silindir G\u00fcnay<\/p>\n<p>Hacettepe \u00dcniversitesi\u00a0Eczac\u0131l\u0131k Fak\u00fcltesi\u00a0\u00a0Radyofarmasi Anabilim Dal\u0131<\/td>\n<td width=\"194\"><a href=\"http:\/\/www.fabad.org.tr\/?p=1167\" target=\"_blank\" rel=\"noopener noreferrer\">\u00d6zge\u00e7mi\u015f i\u00e7in t\u0131klay\u0131n\u0131z<\/a><\/td>\n<\/tr>\n<\/tbody>\n<\/table>\n<p>&nbsp;<\/p>\n","protected":false},"excerpt":{"rendered":"<p>Ba\u015fkan Prof. Dr. Ay\u015feg\u00fcl K\u00f6ro\u011flu Ankara \u00dcniversitesi Eczac\u0131l\u0131k Fak\u00fcltesi Farmas\u00f6tik Botanik Anabilim Dal\u0131 \u00d6zge\u00e7mi\u015f i\u00e7in t\u0131klay\u0131n\u0131z 2.\u00a0Ba\u015fkan Prof. Dr. Erdal D\u0130N\u00c7 Ankara \u00dcniversitesi Eczac\u0131l\u0131k Fak\u00fcltesi Analitik Kimya Anabilim Dal\u0131 \u00d6zge\u00e7mi\u015f i\u00e7in t\u0131klay\u0131n\u0131z Sekreter Dr.&#46;&#46;&#46;<\/p>\n","protected":false},"author":1,"featured_media":0,"parent":0,"menu_order":0,"comment_status":"closed","ping_status":"closed","template":"","meta":{"_uag_custom_page_level_css":"","footnotes":""},"class_list":["post-1477","page","type-page","status-publish","hentry"],"uagb_featured_image_src":{"full":false,"thumbnail":false,"medium":false,"medium_large":false,"large":false,"1536x1536":false,"2048x2048":false,"thumb-small":false,"thumb-standard":false,"thumb-medium":false,"thumb-large":false,"thumb-xlarge":false,"thumb-xxlarge":false},"uagb_author_info":{"display_name":"Admin","author_link":"https:\/\/www.fabad.org.tr\/en\/author\/admin\/"},"uagb_comment_info":0,"uagb_excerpt":"Ba\u015fkan Prof. Dr. Ay\u015feg\u00fcl K\u00f6ro\u011flu Ankara \u00dcniversitesi Eczac\u0131l\u0131k Fak\u00fcltesi Farmas\u00f6tik Botanik Anabilim Dal\u0131 \u00d6zge\u00e7mi\u015f i\u00e7in t\u0131klay\u0131n\u0131z 2.\u00a0Ba\u015fkan Prof. Dr. Erdal D\u0130N\u00c7 Ankara \u00dcniversitesi Eczac\u0131l\u0131k Fak\u00fcltesi Analitik Kimya Anabilim Dal\u0131 \u00d6zge\u00e7mi\u015f i\u00e7in t\u0131klay\u0131n\u0131z Sekreter Dr.&#46;&#46;&#46;","_links":{"self":[{"href":"https:\/\/www.fabad.org.tr\/en\/wp-json\/wp\/v2\/pages\/1477","targetHints":{"allow":["GET"]}}],"collection":[{"href":"https:\/\/www.fabad.org.tr\/en\/wp-json\/wp\/v2\/pages"}],"about":[{"href":"https:\/\/www.fabad.org.tr\/en\/wp-json\/wp\/v2\/types\/page"}],"author":[{"embeddable":true,"href":"https:\/\/www.fabad.org.tr\/en\/wp-json\/wp\/v2\/users\/1"}],"replies":[{"embeddable":true,"href":"https:\/\/www.fabad.org.tr\/en\/wp-json\/wp\/v2\/comments?post=1477"}],"version-history":[{"count":5,"href":"https:\/\/www.fabad.org.tr\/en\/wp-json\/wp\/v2\/pages\/1477\/revisions"}],"predecessor-version":[{"id":1745,"href":"https:\/\/www.fabad.org.tr\/en\/wp-json\/wp\/v2\/pages\/1477\/revisions\/1745"}],"wp:attachment":[{"href":"https:\/\/www.fabad.org.tr\/en\/wp-json\/wp\/v2\/media?parent=1477"}],"curies":[{"name":"wp","href":"https:\/\/api.w.org\/{rel}","templated":true}]}}