{"id":1471,"date":"2021-05-10T12:24:44","date_gmt":"2021-05-10T09:24:44","guid":{"rendered":"http:\/\/www.fabad.org.tr\/?page_id=1471"},"modified":"2021-05-10T16:02:58","modified_gmt":"2021-05-10T13:02:58","slug":"prof-dr-ela-kadioglu","status":"publish","type":"page","link":"https:\/\/www.fabad.org.tr\/en\/yeni-yonetim-kurulu-2018-2021\/prof-dr-ela-kadioglu\/","title":{"rendered":"Prof. Dr. Ela KADIO\u011eLU"},"content":{"rendered":"<p><a href=\"http:\/\/www.fabad.org.tr\/wp-content\/uploads\/2021\/05\/ela-kadioglu-photo.jpg\"><img loading=\"lazy\" decoding=\"async\" class=\"size-full wp-image-1472 alignleft\" src=\"http:\/\/www.fabad.org.tr\/wp-content\/uploads\/2021\/05\/ela-kadioglu-photo.jpg\" alt=\"\" width=\"154\" height=\"200\" \/><\/a><\/p>\n<p>15 Mart 1977 y\u0131l\u0131nda Ankara\u2019da do\u011fan Ela Kad\u0131o\u011flu, lisans e\u011fitimini 1995-1999 y\u0131llar\u0131 aras\u0131nda Gazi \u00dcniversitesi Eczac\u0131l\u0131k Fak\u00fcltesinde tamamlam\u0131\u015ft\u0131r. Mezuniyetinin ard\u0131ndan y\u0131l\u0131nda Gazi \u00dcniversitesi Eczac\u0131l\u0131k Fak\u00fcltesi Farmas\u00f6tik Toksikoloji Anabilim Dal\u0131\u2019nda y\u00fcksek lisans e\u011fitimine ba\u015flam\u0131\u015f, 2000 y\u0131l\u0131nda ayn\u0131 anabilim dal\u0131nda ara\u015ft\u0131rma g\u00f6revlisi olarak \u00e7al\u0131\u015fmaya ba\u015flam\u0131\u015ft\u0131r. 2002 y\u0131l\u0131nda bilim uzmanl\u0131\u011f\u0131, 2008 y\u0131l\u0131nda doktora derecelerini ve 2013 y\u0131l\u0131nda do\u00e7ent \u00fcnvan\u0131n\u0131 alan Ela Kad\u0131o\u011flu, 2020 y\u0131l\u0131nda profes\u00f6r kadrosuna atanm\u0131\u015ft\u0131r. Doktora derecesini 2008 y\u0131l\u0131nda T\u00dcB\u0130TAK- Bilim Adam\u0131 Yeti\u015ftirme Grubu<br \/>\nYurti\u00e7i-Yurtd\u0131\u015f\u0131 B\u00fct\u00fcnle\u015ftirilmi\u015f Doktora Burs Program\u0131 bursiyeri olarak tamamlam\u0131\u015f ve bu burs program\u0131 kapsam\u0131nda 2004 y\u0131l\u0131nda 6 ay s\u00fcre ile \u0130ngiltere\u2019de Newcastle Upon Tyne Universitesi T\u0131p Fak\u00fcltesi, Farmakogenetik b\u00f6l\u00fcm\u00fcnde davetli ara\u015ft\u0131rmac\u0131 olarak bulunmu\u015ftur. Ela Kad\u0131o\u011flu\u2019nun bilimsel ara\u015ft\u0131rma konular\u0131; \u00e7evresel maruziyetler, genetik toksisite testleri ve toksikogenetiktir.<\/p>","protected":false},"excerpt":{"rendered":"<p>15 Mart 1977 y\u0131l\u0131nda Ankara\u2019da do\u011fan Ela Kad\u0131o\u011flu, lisans e\u011fitimini 1995-1999 y\u0131llar\u0131 aras\u0131nda Gazi \u00dcniversitesi Eczac\u0131l\u0131k Fak\u00fcltesinde tamamlam\u0131\u015ft\u0131r. Mezuniyetinin ard\u0131ndan y\u0131l\u0131nda Gazi \u00dcniversitesi Eczac\u0131l\u0131k Fak\u00fcltesi Farmas\u00f6tik Toksikoloji Anabilim Dal\u0131\u2019nda y\u00fcksek lisans e\u011fitimine ba\u015flam\u0131\u015f, 2000&#46;&#46;&#46;<\/p>\n","protected":false},"author":1,"featured_media":0,"parent":1013,"menu_order":0,"comment_status":"closed","ping_status":"closed","template":"","meta":{"_uag_custom_page_level_css":"","footnotes":""},"class_list":["post-1471","page","type-page","status-publish","hentry"],"uagb_featured_image_src":{"full":false,"thumbnail":false,"medium":false,"medium_large":false,"large":false,"1536x1536":false,"2048x2048":false,"thumb-small":false,"thumb-standard":false,"thumb-medium":false,"thumb-large":false,"thumb-xlarge":false,"thumb-xxlarge":false},"uagb_author_info":{"display_name":"Admin","author_link":"https:\/\/www.fabad.org.tr\/en\/author\/admin\/"},"uagb_comment_info":0,"uagb_excerpt":"15 Mart 1977 y\u0131l\u0131nda Ankara\u2019da do\u011fan Ela Kad\u0131o\u011flu, lisans e\u011fitimini 1995-1999 y\u0131llar\u0131 aras\u0131nda Gazi \u00dcniversitesi Eczac\u0131l\u0131k Fak\u00fcltesinde tamamlam\u0131\u015ft\u0131r. Mezuniyetinin ard\u0131ndan y\u0131l\u0131nda Gazi \u00dcniversitesi Eczac\u0131l\u0131k Fak\u00fcltesi Farmas\u00f6tik Toksikoloji Anabilim Dal\u0131\u2019nda y\u00fcksek lisans e\u011fitimine ba\u015flam\u0131\u015f, 2000&#46;&#46;&#46;","_links":{"self":[{"href":"https:\/\/www.fabad.org.tr\/en\/wp-json\/wp\/v2\/pages\/1471","targetHints":{"allow":["GET"]}}],"collection":[{"href":"https:\/\/www.fabad.org.tr\/en\/wp-json\/wp\/v2\/pages"}],"about":[{"href":"https:\/\/www.fabad.org.tr\/en\/wp-json\/wp\/v2\/types\/page"}],"author":[{"embeddable":true,"href":"https:\/\/www.fabad.org.tr\/en\/wp-json\/wp\/v2\/users\/1"}],"replies":[{"embeddable":true,"href":"https:\/\/www.fabad.org.tr\/en\/wp-json\/wp\/v2\/comments?post=1471"}],"version-history":[{"count":2,"href":"https:\/\/www.fabad.org.tr\/en\/wp-json\/wp\/v2\/pages\/1471\/revisions"}],"predecessor-version":[{"id":1483,"href":"https:\/\/www.fabad.org.tr\/en\/wp-json\/wp\/v2\/pages\/1471\/revisions\/1483"}],"up":[{"embeddable":true,"href":"https:\/\/www.fabad.org.tr\/en\/wp-json\/wp\/v2\/pages\/1013"}],"wp:attachment":[{"href":"https:\/\/www.fabad.org.tr\/en\/wp-json\/wp\/v2\/media?parent=1471"}],"curies":[{"name":"wp","href":"https:\/\/api.w.org\/{rel}","templated":true}]}}