{"id":125,"date":"2015-02-20T13:12:47","date_gmt":"2015-02-20T13:12:47","guid":{"rendered":"http:\/\/fabad.org.tr\/taslak\/?page_id=125"},"modified":"2015-04-15T20:44:08","modified_gmt":"2015-04-15T18:44:08","slug":"2011-2012","status":"publish","type":"page","link":"https:\/\/www.fabad.org.tr\/en\/konferans-serileri\/2011-2012\/","title":{"rendered":"2011-2012"},"content":{"rendered":"<table width=\"100%\" border=\"0\" cellspacing=\"0\" cellpadding=\"0\">\n<tr>\n<td colspan=\"3\"><\/td>\n<\/tr>\n<tr>\n<td>\n<h4 style=\"text-align: center;\">TANZANYA&#8217;DA SAFAR\u0130<\/h4>\n<p style=\"text-align: center;\"><em>Timur \u00d6ZKAN<\/em><\/p>\n<p style=\"text-align: center;\"><strong>29\u00a0Mart 2012 Saat: 15:30<\/strong><\/p>\n<p style=\"text-align: center;\"><strong>Gazi \u00dcniversitesi Eczac\u0131l\u0131k Fak\u00fcltesi Konferans Salonu<\/strong><\/p>\n<p style=\"text-align: center;\"><strong><img loading=\"lazy\" decoding=\"async\" class=\"aligncenter wp-image-188\" src=\"http:\/\/www.fabad.org.tr\/eski\/images\/tanzanya.png\" alt=\"\" width=\"200\" height=\"284\" \/><\/strong><\/p>\n<\/td>\n<td>\n<h4 style=\"text-align: center;\">D\u0130NLERDE KADIN<\/strong><\/h4>\n<p style=\"text-align: center;\"><em>Prof. Dr. Nahide BOZKURT<\/em><\/p>\n<p style=\"text-align: center;\"><strong>3 Kas\u0131m\u00a02011 Saat: 15:30<\/strong><\/p>\n<p style=\"text-align: center;\"><strong>Gazi \u00dcniversitesi Eczac\u0131l\u0131k Fak\u00fcltesi Konferans Salonu<\/strong><\/p>\n<p style=\"text-align: center;\"><strong><img loading=\"lazy\" decoding=\"async\" class=\"aligncenter wp-image-187\" src=\"http:\/\/www.fabad.org.tr\/eski\/images\/dinlerde_kadin.jpg\" alt=\"\" width=\"200\" height=\"279\" \/><\/strong><\/p>\n<\/td>\n<td align=\"center\">\n<h4 style=\"text-align: center;\">&nbsp;<\/h4>\n<\/td>\n<\/tr>\n<tr>\n<td colspan=\"3\"><\/td>\n<\/tr>\n<\/table>\n","protected":false},"excerpt":{"rendered":"<p>TANZANYA&#8217;DA SAFAR\u0130 Timur \u00d6ZKAN 29\u00a0Mart 2012 Saat: 15:30 Gazi \u00dcniversitesi Eczac\u0131l\u0131k Fak\u00fcltesi Konferans Salonu D\u0130NLERDE KADIN Prof. Dr. Nahide BOZKURT 3 Kas\u0131m\u00a02011 Saat: 15:30 Gazi \u00dcniversitesi Eczac\u0131l\u0131k Fak\u00fcltesi Konferans Salonu &nbsp;<\/p>\n","protected":false},"author":1,"featured_media":0,"parent":46,"menu_order":0,"comment_status":"closed","ping_status":"closed","template":"","meta":{"_uag_custom_page_level_css":"","footnotes":""},"class_list":["post-125","page","type-page","status-publish","hentry"],"uagb_featured_image_src":{"full":false,"thumbnail":false,"medium":false,"medium_large":false,"large":false,"1536x1536":false,"2048x2048":false,"thumb-small":false,"thumb-standard":false,"thumb-medium":false,"thumb-large":false,"thumb-xlarge":false,"thumb-xxlarge":false},"uagb_author_info":{"display_name":"Admin","author_link":"https:\/\/www.fabad.org.tr\/en\/author\/admin\/"},"uagb_comment_info":0,"uagb_excerpt":"TANZANYA&#8217;DA SAFAR\u0130 Timur \u00d6ZKAN 29\u00a0Mart 2012 Saat: 15:30 Gazi \u00dcniversitesi Eczac\u0131l\u0131k Fak\u00fcltesi Konferans Salonu D\u0130NLERDE KADIN Prof. Dr. Nahide BOZKURT 3 Kas\u0131m\u00a02011 Saat: 15:30 Gazi \u00dcniversitesi Eczac\u0131l\u0131k Fak\u00fcltesi Konferans Salonu &nbsp;","_links":{"self":[{"href":"https:\/\/www.fabad.org.tr\/en\/wp-json\/wp\/v2\/pages\/125","targetHints":{"allow":["GET"]}}],"collection":[{"href":"https:\/\/www.fabad.org.tr\/en\/wp-json\/wp\/v2\/pages"}],"about":[{"href":"https:\/\/www.fabad.org.tr\/en\/wp-json\/wp\/v2\/types\/page"}],"author":[{"embeddable":true,"href":"https:\/\/www.fabad.org.tr\/en\/wp-json\/wp\/v2\/users\/1"}],"replies":[{"embeddable":true,"href":"https:\/\/www.fabad.org.tr\/en\/wp-json\/wp\/v2\/comments?post=125"}],"version-history":[{"count":0,"href":"https:\/\/www.fabad.org.tr\/en\/wp-json\/wp\/v2\/pages\/125\/revisions"}],"up":[{"embeddable":true,"href":"https:\/\/www.fabad.org.tr\/en\/wp-json\/wp\/v2\/pages\/46"}],"wp:attachment":[{"href":"https:\/\/www.fabad.org.tr\/en\/wp-json\/wp\/v2\/media?parent=125"}],"curies":[{"name":"wp","href":"https:\/\/api.w.org\/{rel}","templated":true}]}}