{"id":107,"date":"2015-02-20T12:10:53","date_gmt":"2015-02-20T12:10:53","guid":{"rendered":"http:\/\/fabad.org.tr\/taslak\/?page_id=107"},"modified":"2018-02-21T14:53:32","modified_gmt":"2018-02-21T11:53:32","slug":"fabad-farmasotik-bilimler-dergisi","status":"publish","type":"page","link":"https:\/\/www.fabad.org.tr\/en\/fabad-farmasotik-bilimler-dergisi\/","title":{"rendered":"FABAD Journal of Pharmaceutical Sciences"},"content":{"rendered":"<p><a title=\"FABAD Farmas\u00f6tik Bilimler Dergisi\" href=\"http:\/\/dergi.fabad.org.tr\/?lang=en\"><img loading=\"lazy\" decoding=\"async\" class=\"aligncenter wp-image-108 size-full\" src=\"http:\/\/www.fabad.org.tr\/wp-content\/uploads\/2015\/02\/Journal-e1424434175446.jpg\" alt=\"Journal\" width=\"176\" height=\"249\" \/><\/a><\/p>\n<p style=\"text-align: center;\"><a href=\"http:\/\/dergi.fabad.org.tr\/?lang=en\" target=\"_blank\" rel=\"noopener\">Dergi i\u00e7in t\u0131klay\u0131n\u0131z.<\/a><\/p>\n","protected":false},"excerpt":{"rendered":"<p>Dergi i\u00e7in t\u0131klay\u0131n\u0131z.<\/p>\n","protected":false},"author":1,"featured_media":0,"parent":0,"menu_order":0,"comment_status":"closed","ping_status":"closed","template":"","meta":{"_uag_custom_page_level_css":"","footnotes":""},"class_list":["post-107","page","type-page","status-publish","hentry"],"uagb_featured_image_src":{"full":false,"thumbnail":false,"medium":false,"medium_large":false,"large":false,"1536x1536":false,"2048x2048":false,"thumb-small":false,"thumb-standard":false,"thumb-medium":false,"thumb-large":false,"thumb-xlarge":false,"thumb-xxlarge":false},"uagb_author_info":{"display_name":"Admin","author_link":"https:\/\/www.fabad.org.tr\/en\/author\/admin\/"},"uagb_comment_info":0,"uagb_excerpt":"Dergi i\u00e7in t\u0131klay\u0131n\u0131z.","_links":{"self":[{"href":"https:\/\/www.fabad.org.tr\/en\/wp-json\/wp\/v2\/pages\/107","targetHints":{"allow":["GET"]}}],"collection":[{"href":"https:\/\/www.fabad.org.tr\/en\/wp-json\/wp\/v2\/pages"}],"about":[{"href":"https:\/\/www.fabad.org.tr\/en\/wp-json\/wp\/v2\/types\/page"}],"author":[{"embeddable":true,"href":"https:\/\/www.fabad.org.tr\/en\/wp-json\/wp\/v2\/users\/1"}],"replies":[{"embeddable":true,"href":"https:\/\/www.fabad.org.tr\/en\/wp-json\/wp\/v2\/comments?post=107"}],"version-history":[{"count":1,"href":"https:\/\/www.fabad.org.tr\/en\/wp-json\/wp\/v2\/pages\/107\/revisions"}],"predecessor-version":[{"id":976,"href":"https:\/\/www.fabad.org.tr\/en\/wp-json\/wp\/v2\/pages\/107\/revisions\/976"}],"wp:attachment":[{"href":"https:\/\/www.fabad.org.tr\/en\/wp-json\/wp\/v2\/media?parent=107"}],"curies":[{"name":"wp","href":"https:\/\/api.w.org\/{rel}","templated":true}]}}